{"id":5758,"date":"2020-12-05T19:32:15","date_gmt":"2020-12-05T18:32:15","guid":{"rendered":"https:\/\/www.kromax.it\/wp\/?page_id=921"},"modified":"2024-02-04T19:56:42","modified_gmt":"2024-02-04T19:56:42","slug":"washable-paint","status":"publish","type":"page","link":"https:\/\/www.kromax.it\/en\/washable-paint\/","title":{"rendered":"Washable paint"},"content":{"rendered":"\n<div class=\"wp-block-columns is-layout-flex wp-container-core-columns-is-layout-9d6595d7 wp-block-columns-is-layout-flex\">\n<div class=\"wp-block-column is-layout-flow wp-block-column-is-layout-flow\">\n<h3 class=\"has-luminous-vivid-orange-color has-text-color wp-block-heading\">ACRILMAX<\/h3>\n<\/div>\n\n\n\n<div class=\"wp-block-column is-layout-flow wp-block-column-is-layout-flow\">\n<div id=\"print\"> <button class=\"print\"><\/button><\/div>\n<\/div>\n<\/div>\n\n\n\n<div class=\"wp-block-columns is-layout-flex wp-container-core-columns-is-layout-9d6595d7 wp-block-columns-is-layout-flex\">\n<div class=\"wp-block-column is-layout-flow wp-block-column-is-layout-flow\">\n<h2 class=\"wp-block-heading\">Prodotto:<\/h2>\n\n\n\n<p>L&#8217;Acrilmax \u00e8 una pittura&nbsp;lavabile opaca traspirante&nbsp;vinil-acrilica a finitura opaca.<\/p>\n\n\n\n<h2 class=\"wp-block-heading\">Impiego:<\/h2>\n\n\n\n<p>Pitturazione di buona qualit\u00e0 in ambienti interni dove vi sia presenza di umidit\u00e0 relativa dell\u2019aria superiore al 70%. <\/p>\n\n\n\n<h2 class=\"wp-block-heading\">Supporti:<\/h2>\n\n\n\n<p>Intonaci di malta cementizia, perfettamente stagionata. Vecchi intonaci a calce purch\u00e9 preventivamente puliti, depolverizzati e preparati. Intonaci premiscelati. Pietre carbonatiche sia vecchie che nuove. Intonaci gi\u00e0 pitturati. Intonaci e rasature a base di gesso. <\/p>\n\n\n\n<h2 class=\"wp-block-heading\">Ciclo\u00a0applicativo:<\/h2>\n\n\n\n<p>Stuccare eventuali buchi o crepe.<\/p>\n\n\n\n<p>Applicare una mano del nostro primer <a href=\"https:\/\/www.kromax.it\/fissativo-acrilico-ad-acqua\/\">Kromafix acrilico<\/a> o <a href=\"https:\/\/www.kromax.it\/isolante-vinilico\/\">Kromafix vinilico<\/a>. <\/p>\n\n\n\n<p>Finire quindi con due o pi\u00f9 mani di Pittura Lavabile. <\/p>\n\n\n\n<h3 class=\"wp-block-heading\">Condizioni\u00a0applicative:<\/h3>\n\n\n\n<p>Umidit\u00e0&nbsp;relativa&nbsp;non&nbsp;superiore&nbsp;al&nbsp;75%. <\/p>\n\n\n\n<h3 class=\"wp-block-heading\">Temperatura\u00a0di\u00a0applicazione:<\/h3>\n\n\n\n<p>+8\u00b0C&nbsp;\/&nbsp;+35\u00b0C <\/p>\n\n\n\n<h3 class=\"wp-block-heading\">Temperatura\u00a0al\u00a0supporto:<\/h3>\n\n\n\n<p>+5\u00b0C&nbsp;\/&nbsp;+40\u00b0C <\/p>\n\n\n\n<h3 class=\"wp-block-heading\">Sovraverniciatura:<\/h3>\n\n\n\n<p>Min.&nbsp;12&nbsp;ore&nbsp;\u00ad&nbsp;Max&nbsp;7&nbsp;giorni. <\/p>\n\n\n\n<h3 class=\"wp-block-heading\">Attrezzi:<\/h3>\n\n\n\n<p>Rullo,&nbsp;pennello&nbsp;e&nbsp;spruzzo. <\/p>\n\n\n\n<h2 class=\"wp-block-heading\">Resa\u00a0indicativa:<\/h2>\n\n\n\n<p>8&nbsp;\u2013&nbsp;10&nbsp;&nbsp;mq&nbsp;con&nbsp;1&nbsp;Lt&nbsp;di&nbsp;prodotto&nbsp;.<\/p>\n\n\n\n<p>A spruzzo il consumo aumenta sensibilmente.<\/p>\n\n\n\n<h3 class=\"wp-block-heading\">Colori:<\/h3>\n\n\n\n<p>Bianco e cartella &#8220;KROMAX&#8221; rivestimenti tecnici, tinte al campione.<\/p>\n<\/div>\n\n\n\n<div class=\"wp-block-column is-layout-flow wp-block-column-is-layout-flow\">\n<h3 class=\"wp-block-heading\">Confezione&nbsp;di vendita:<\/h3>\n\n\n\n<p>Lt.&nbsp;13 &#8211; Lt 5 &#8211; Lt 2,5<\/p>\n\n\n\n<h3 class=\"wp-block-heading\">Stoccaggio: <\/h3>\n\n\n\n<p>6 mesi in luogo fresco ed asciutto, proteggere dal gelo. <\/p>\n\n\n\n<h3 class=\"wp-block-heading\">Tipo\u00a0di\u00a0legante:\u00a0 <\/h3>\n\n\n\n<p>Vinil-acrilato.&nbsp; <\/p>\n\n\n\n<h2 class=\"wp-block-heading\">Diluizione:<\/h2>\n\n\n\n<p>Con acqua 20 &#8211; 40% a seconda dell\u2019applicazione. <\/p>\n\n\n\n<h3 class=\"wp-block-heading\">Viscosit\u00e0:<\/h3>\n\n\n\n<p>Tixotropica&nbsp;filante. <\/p>\n\n\n\n<h3 class=\"wp-block-heading\">Residuo\u00a0secco:<\/h3>\n\n\n\n<p>68&nbsp;\u2013&nbsp;70%&nbsp;ca.&nbsp;&nbsp;3&nbsp;ore&nbsp;a&nbsp;120\u00b0C <\/p>\n\n\n\n<h3 class=\"wp-block-heading\">Peso\u00a0specifico:<\/h3>\n\n\n\n<p>1,500&nbsp;\u00b1&nbsp;0,080&nbsp;gr.\/cc.&nbsp;a&nbsp;20\u00b0C. <\/p>\n\n\n\n<h3 class=\"wp-block-heading\">Permeabilit\u00e0\u00a0al\u00a0vapore:<\/h3>\n\n\n\n<p>65&nbsp;gr\/mq&nbsp;x&nbsp;24h&nbsp;&nbsp; <\/p>\n\n\n\n<h3 class=\"wp-block-heading\">Assorbimento\u00a0d\u2019acqua:<\/h3>\n\n\n\n<p>45&nbsp;mg\/mq&nbsp;x&nbsp;24h <\/p>\n\n\n\n<h3 class=\"wp-block-heading\">Aspetto\u00a0del\u00a0prodotto:<\/h3>\n\n\n\n<p>Opaco. <\/p>\n\n\n\n<h3 class=\"wp-block-heading\">PH: <\/h3>\n\n\n\n<p>Neutro. <\/p>\n\n\n\n<h3 class=\"wp-block-heading\">Lavabilit\u00e0:<\/h3>\n\n\n\n<p>2000&nbsp;colpi&nbsp;al&nbsp;Washing&nbsp;Test. <\/p>\n\n\n\n<h3 class=\"wp-block-heading\">Essiccazione:<\/h3>\n\n\n\n<p><em>Fuori&nbsp;polvere:<\/em>&nbsp;15\/20&nbsp;minuti&nbsp;a&nbsp;20\u00b0C.&nbsp;&nbsp;&nbsp;&nbsp;<em>Fuori&nbsp;impronta<\/em>:&nbsp;dopo&nbsp;3&nbsp;ore. <em>In&nbsp;profondit\u00e0:<\/em>&nbsp;entro&nbsp;le&nbsp;24&nbsp;H<\/p>\n\n\n\n<h2 class=\"wp-block-heading\">Avvertenze:\u00a0 <\/h2>\n\n\n\n<p>Non applicare il prodotto in supporti deboli o friabili. Supporti umidi con presenza di efflorescenze vanno preventivamente trattati con sistemi deumidificanti. <\/p>\n<\/div>\n<\/div>\n\n\n\n<blockquote class=\"wp-block-quote is-style-default has-small-font-size is-layout-flow wp-block-quote-is-layout-flow\"><p><strong>Normativo<\/strong><\/p><p><strong>(DIR.2004\/42\/CE)<\/strong> Pitture per pareti interne di supporto minerale Valore limite <strong>UE<\/strong> per questo prodotto (BA &#8211; cat. a): 30g\/l (2010) Contenuto COV&lt;30g\/l<\/p><\/blockquote>\n\n\n\n<p style=\"font-size:10px\"><em>Le informazioni del presente documento, hanno carattere indicativo e possono essere variate in qualsiasi momento senza preavviso per esigenze tecnico-normative. Le notizie in esso riportate sono frutto di lunga esperienza sui cantieri, l\u2019utilizzatore \u00e8 tenuto a testare e verificare l\u2019idoneit\u00e0 dei prodotti prima dell\u2019applicazione mediante campionatura preventiva. Si declina ogni responsabilit\u00e0 per un uso improprio del prodotto. Per info contattare il ns servizio tecnico.<\/em><\/p>\n","protected":false},"excerpt":{"rendered":"<p>ACRILMAX Prodotto: L&#8217;Acrilmax \u00e8 una pittura&nbsp;lavabile opaca traspirante&nbsp;vinil-acrilica a finitura opaca. Impiego: Pitturazione di buona qualit\u00e0 in ambienti interni dove vi sia presenza di umidit\u00e0 relativa dell\u2019aria superiore al 70%. Supporti: Intonaci di malta cementizia, perfettamente stagionata. Vecchi intonaci a calce purch\u00e9 preventivamente puliti, depolverizzati e preparati. Intonaci premiscelati. Pietre carbonatiche sia vecchie che nuove. [&hellip;]<\/p>\n","protected":false},"author":1,"featured_media":0,"parent":0,"menu_order":0,"comment_status":"closed","ping_status":"closed","template":"","meta":{"ocean_post_layout":"","ocean_both_sidebars_style":"","ocean_both_sidebars_content_width":0,"ocean_both_sidebars_sidebars_width":0,"ocean_sidebar":"","ocean_second_sidebar":"","ocean_disable_margins":"enable","ocean_add_body_class":"","ocean_shortcode_before_top_bar":"","ocean_shortcode_after_top_bar":"","ocean_shortcode_before_header":"","ocean_shortcode_after_header":"","ocean_has_shortcode":"","ocean_shortcode_after_title":"","ocean_shortcode_before_footer_widgets":"","ocean_shortcode_after_footer_widgets":"","ocean_shortcode_before_footer_bottom":"","ocean_shortcode_after_footer_bottom":"","ocean_display_top_bar":"default","ocean_display_header":"default","ocean_header_style":"","ocean_center_header_left_menu":"","ocean_custom_header_template":"","ocean_custom_logo":0,"ocean_custom_retina_logo":0,"ocean_custom_logo_max_width":0,"ocean_custom_logo_tablet_max_width":0,"ocean_custom_logo_mobile_max_width":0,"ocean_custom_logo_max_height":0,"ocean_custom_logo_tablet_max_height":0,"ocean_custom_logo_mobile_max_height":0,"ocean_header_custom_menu":"","ocean_menu_typo_font_family":"","ocean_menu_typo_font_subset":"","ocean_menu_typo_font_size":0,"ocean_menu_typo_font_size_tablet":0,"ocean_menu_typo_font_size_mobile":0,"ocean_menu_typo_font_size_unit":"px","ocean_menu_typo_font_weight":"","ocean_menu_typo_font_weight_tablet":"","ocean_menu_typo_font_weight_mobile":"","ocean_menu_typo_transform":"","ocean_menu_typo_transform_tablet":"","ocean_menu_typo_transform_mobile":"","ocean_menu_typo_line_height":0,"ocean_menu_typo_line_height_tablet":0,"ocean_menu_typo_line_height_mobile":0,"ocean_menu_typo_line_height_unit":"","ocean_menu_typo_spacing":0,"ocean_menu_typo_spacing_tablet":0,"ocean_menu_typo_spacing_mobile":0,"ocean_menu_typo_spacing_unit":"","ocean_menu_link_color":"","ocean_menu_link_color_hover":"","ocean_menu_link_color_active":"","ocean_menu_link_background":"","ocean_menu_link_hover_background":"","ocean_menu_link_active_background":"","ocean_menu_social_links_bg":"","ocean_menu_social_hover_links_bg":"","ocean_menu_social_links_color":"","ocean_menu_social_hover_links_color":"","ocean_disable_title":"default","ocean_disable_heading":"default","ocean_post_title":"","ocean_post_subheading":"","ocean_post_title_style":"","ocean_post_title_background_color":"","ocean_post_title_background":0,"ocean_post_title_bg_image_position":"","ocean_post_title_bg_image_attachment":"","ocean_post_title_bg_image_repeat":"","ocean_post_title_bg_image_size":"","ocean_post_title_height":0,"ocean_post_title_bg_overlay":0.5,"ocean_post_title_bg_overlay_color":"","ocean_disable_breadcrumbs":"default","ocean_breadcrumbs_color":"","ocean_breadcrumbs_separator_color":"","ocean_breadcrumbs_links_color":"","ocean_breadcrumbs_links_hover_color":"","ocean_display_footer_widgets":"default","ocean_display_footer_bottom":"default","ocean_custom_footer_template":"","footnotes":""},"class_list":["post-5758","page","type-page","status-publish","hentry","entry","owp-thumbs-layout-horizontal","owp-btn-normal","owp-tabs-layout-horizontal","has-no-thumbnails","has-product-nav"],"yoast_head":"<!-- This site is optimized with the Yoast SEO plugin v27.6 - https:\/\/yoast.com\/product\/yoast-seo-wordpress\/ -->\n<title>Washable paint - Kromax<\/title>\n<meta name=\"description\" content=\"L\u2019Acrilmax \u00e8 una pittura lavabile opaca vinil-acrilica per la pitturazione di buona qualit\u00e0 in presenza di umidit\u00e0 relativa superiore al 70%.\" \/>\n<meta name=\"robots\" content=\"noindex, follow, max-snippet:-1, max-image-preview:large, max-video-preview:-1\" \/>\n<meta property=\"og:locale\" content=\"en_GB\" \/>\n<meta property=\"og:type\" content=\"article\" \/>\n<meta property=\"og:title\" content=\"Washable paint - Kromax\" \/>\n<meta property=\"og:description\" content=\"L\u2019Acrilmax \u00e8 una pittura lavabile opaca vinil-acrilica per la pitturazione di buona qualit\u00e0 in presenza di umidit\u00e0 relativa superiore al 70%.\" \/>\n<meta property=\"og:url\" content=\"https:\/\/www.kromax.it\/en\/washable-paint\/\" \/>\n<meta property=\"og:site_name\" content=\"Kromax\" \/>\n<meta property=\"article:modified_time\" content=\"2024-02-04T19:56:42+00:00\" \/>\n<meta name=\"twitter:card\" content=\"summary_large_image\" \/>\n<script type=\"application\/ld+json\" class=\"yoast-schema-graph\">{\"@context\":\"https:\\\/\\\/schema.org\",\"@graph\":[{\"@type\":\"WebPage\",\"@id\":\"https:\\\/\\\/www.kromax.it\\\/en\\\/washable-paint\\\/\",\"url\":\"https:\\\/\\\/www.kromax.it\\\/en\\\/washable-paint\\\/\",\"name\":\"Washable paint - Kromax\",\"isPartOf\":{\"@id\":\"https:\\\/\\\/www.kromax.it\\\/en\\\/#website\"},\"datePublished\":\"2020-12-05T18:32:15+00:00\",\"dateModified\":\"2024-02-04T19:56:42+00:00\",\"description\":\"L\u2019Acrilmax \u00e8 una pittura lavabile opaca vinil-acrilica per la pitturazione di buona qualit\u00e0 in presenza di umidit\u00e0 relativa superiore al 70%.\",\"breadcrumb\":{\"@id\":\"https:\\\/\\\/www.kromax.it\\\/en\\\/washable-paint\\\/#breadcrumb\"},\"inLanguage\":\"en-GB\",\"potentialAction\":[{\"@type\":\"ReadAction\",\"target\":[\"https:\\\/\\\/www.kromax.it\\\/en\\\/washable-paint\\\/\"]}]},{\"@type\":\"BreadcrumbList\",\"@id\":\"https:\\\/\\\/www.kromax.it\\\/en\\\/washable-paint\\\/#breadcrumb\",\"itemListElement\":[{\"@type\":\"ListItem\",\"position\":1,\"name\":\"Home\",\"item\":\"https:\\\/\\\/www.kromax.it\\\/en\\\/\"},{\"@type\":\"ListItem\",\"position\":2,\"name\":\"Washable paint\"}]},{\"@type\":\"WebSite\",\"@id\":\"https:\\\/\\\/www.kromax.it\\\/en\\\/#website\",\"url\":\"https:\\\/\\\/www.kromax.it\\\/en\\\/\",\"name\":\"Kromax\",\"description\":\"\",\"publisher\":{\"@id\":\"https:\\\/\\\/www.kromax.it\\\/en\\\/#organization\"},\"potentialAction\":[{\"@type\":\"SearchAction\",\"target\":{\"@type\":\"EntryPoint\",\"urlTemplate\":\"https:\\\/\\\/www.kromax.it\\\/en\\\/?s={search_term_string}\"},\"query-input\":{\"@type\":\"PropertyValueSpecification\",\"valueRequired\":true,\"valueName\":\"search_term_string\"}}],\"inLanguage\":\"en-GB\"},{\"@type\":\"Organization\",\"@id\":\"https:\\\/\\\/www.kromax.it\\\/en\\\/#organization\",\"name\":\"Kromax\",\"url\":\"https:\\\/\\\/www.kromax.it\\\/en\\\/\",\"logo\":{\"@type\":\"ImageObject\",\"inLanguage\":\"en-GB\",\"@id\":\"https:\\\/\\\/www.kromax.it\\\/en\\\/#\\\/schema\\\/logo\\\/image\\\/\",\"url\":\"https:\\\/\\\/www.kromax.it\\\/en\\\/wp-content\\\/uploads\\\/sites\\\/3\\\/2023\\\/08\\\/cropped-Logo-Kromax-completo-2021.png\",\"contentUrl\":\"https:\\\/\\\/www.kromax.it\\\/en\\\/wp-content\\\/uploads\\\/sites\\\/3\\\/2023\\\/08\\\/cropped-Logo-Kromax-completo-2021.png\",\"width\":900,\"height\":190,\"caption\":\"Kromax\"},\"image\":{\"@id\":\"https:\\\/\\\/www.kromax.it\\\/en\\\/#\\\/schema\\\/logo\\\/image\\\/\"}}]}<\/script>\n<!-- \/ Yoast SEO plugin. -->","yoast_head_json":{"title":"Washable paint - Kromax","description":"L\u2019Acrilmax \u00e8 una pittura lavabile opaca vinil-acrilica per la pitturazione di buona qualit\u00e0 in presenza di umidit\u00e0 relativa superiore al 70%.","robots":{"index":"noindex","follow":"follow","max-snippet":"max-snippet:-1","max-image-preview":"max-image-preview:large","max-video-preview":"max-video-preview:-1"},"og_locale":"en_GB","og_type":"article","og_title":"Washable paint - Kromax","og_description":"L\u2019Acrilmax \u00e8 una pittura lavabile opaca vinil-acrilica per la pitturazione di buona qualit\u00e0 in presenza di umidit\u00e0 relativa superiore al 70%.","og_url":"https:\/\/www.kromax.it\/en\/washable-paint\/","og_site_name":"Kromax","article_modified_time":"2024-02-04T19:56:42+00:00","twitter_card":"summary_large_image","schema":{"@context":"https:\/\/schema.org","@graph":[{"@type":"WebPage","@id":"https:\/\/www.kromax.it\/en\/washable-paint\/","url":"https:\/\/www.kromax.it\/en\/washable-paint\/","name":"Washable paint - Kromax","isPartOf":{"@id":"https:\/\/www.kromax.it\/en\/#website"},"datePublished":"2020-12-05T18:32:15+00:00","dateModified":"2024-02-04T19:56:42+00:00","description":"L\u2019Acrilmax \u00e8 una pittura lavabile opaca vinil-acrilica per la pitturazione di buona qualit\u00e0 in presenza di umidit\u00e0 relativa superiore al 70%.","breadcrumb":{"@id":"https:\/\/www.kromax.it\/en\/washable-paint\/#breadcrumb"},"inLanguage":"en-GB","potentialAction":[{"@type":"ReadAction","target":["https:\/\/www.kromax.it\/en\/washable-paint\/"]}]},{"@type":"BreadcrumbList","@id":"https:\/\/www.kromax.it\/en\/washable-paint\/#breadcrumb","itemListElement":[{"@type":"ListItem","position":1,"name":"Home","item":"https:\/\/www.kromax.it\/en\/"},{"@type":"ListItem","position":2,"name":"Washable paint"}]},{"@type":"WebSite","@id":"https:\/\/www.kromax.it\/en\/#website","url":"https:\/\/www.kromax.it\/en\/","name":"Kromax","description":"","publisher":{"@id":"https:\/\/www.kromax.it\/en\/#organization"},"potentialAction":[{"@type":"SearchAction","target":{"@type":"EntryPoint","urlTemplate":"https:\/\/www.kromax.it\/en\/?s={search_term_string}"},"query-input":{"@type":"PropertyValueSpecification","valueRequired":true,"valueName":"search_term_string"}}],"inLanguage":"en-GB"},{"@type":"Organization","@id":"https:\/\/www.kromax.it\/en\/#organization","name":"Kromax","url":"https:\/\/www.kromax.it\/en\/","logo":{"@type":"ImageObject","inLanguage":"en-GB","@id":"https:\/\/www.kromax.it\/en\/#\/schema\/logo\/image\/","url":"https:\/\/www.kromax.it\/en\/wp-content\/uploads\/sites\/3\/2023\/08\/cropped-Logo-Kromax-completo-2021.png","contentUrl":"https:\/\/www.kromax.it\/en\/wp-content\/uploads\/sites\/3\/2023\/08\/cropped-Logo-Kromax-completo-2021.png","width":900,"height":190,"caption":"Kromax"},"image":{"@id":"https:\/\/www.kromax.it\/en\/#\/schema\/logo\/image\/"}}]}},"_links":{"self":[{"href":"https:\/\/www.kromax.it\/en\/wp-json\/wp\/v2\/pages\/5758","targetHints":{"allow":["GET"]}}],"collection":[{"href":"https:\/\/www.kromax.it\/en\/wp-json\/wp\/v2\/pages"}],"about":[{"href":"https:\/\/www.kromax.it\/en\/wp-json\/wp\/v2\/types\/page"}],"author":[{"embeddable":true,"href":"https:\/\/www.kromax.it\/en\/wp-json\/wp\/v2\/users\/1"}],"replies":[{"embeddable":true,"href":"https:\/\/www.kromax.it\/en\/wp-json\/wp\/v2\/comments?post=5758"}],"version-history":[{"count":0,"href":"https:\/\/www.kromax.it\/en\/wp-json\/wp\/v2\/pages\/5758\/revisions"}],"wp:attachment":[{"href":"https:\/\/www.kromax.it\/en\/wp-json\/wp\/v2\/media?parent=5758"}],"curies":[{"name":"wp","href":"https:\/\/api.w.org\/{rel}","templated":true}]}}