{"id":6206,"date":"2021-04-28T11:44:04","date_gmt":"2021-04-28T09:44:04","guid":{"rendered":"https:\/\/www.kromax.it\/adjuvant-plastifiant-pour-ciment-et-mortiers\/"},"modified":"2021-04-28T11:44:04","modified_gmt":"2021-04-28T09:44:04","slug":"adjuvant-plastifiant-pour-ciment-et-mortiers","status":"publish","type":"page","link":"https:\/\/www.kromax.it\/fr\/adjuvant-plastifiant-pour-ciment-et-mortiers\/","title":{"rendered":"Adjuvant plastifiant pour ciment et mortiers"},"content":{"rendered":"\n<div class=\"wp-block-columns is-layout-flex wp-container-core-columns-is-layout-9d6595d7 wp-block-columns-is-layout-flex\">\n<div class=\"wp-block-column is-layout-flow wp-block-column-is-layout-flow\">\n<h3 class=\"wp-block-heading has-luminous-vivid-orange-color has-text-color\">AD-FLEX<\/h3>\n<\/div>\n\n\n\n<div class=\"wp-block-column is-layout-flow wp-block-column-is-layout-flow\">\n<div id=\"print\"> <button class=\"print\"><\/button><\/div>\n<\/div>\n<\/div>\n\n<div class=\"wp-block-columns is-layout-flex wp-container-core-columns-is-layout-9d6595d7 wp-block-columns-is-layout-flex\">\n<div class=\"wp-block-column is-layout-flow wp-block-column-is-layout-flow\">\n<h2 class=\"wp-block-heading\" id=\"descrizione-del-prodotto\">Description du produit<\/h2>\n\n\n\n<p>Latex en caoutchouc \u00e0 base de polym\u00e8re \u00e9lastom\u00e8re en dispersion aqueuse, \u00e0 utiliser comme adjuvant plastifiant pour le ciment et les mortiers en remplacement de l&rsquo;eau de g\u00e2chage.<\/p>\n\n\n\n<p>Il conf\u00e8re une \u00e9lasticit\u00e9 exceptionnelle, une adh\u00e9rence et une imperm\u00e9abilit\u00e9 \u00e9lev\u00e9es aux mortiers.<\/p>\n\n\n\n<p>Id\u00e9al pour des supports int\u00e9rieurs et ext\u00e9rieurs, pour des m\u00e9langes de ciment et d&rsquo;adh\u00e9sifs \u00e0 base de ciment, les rendant adapt\u00e9s \u00e0 des applications exigeantes. <\/p>\n\n\n\n<h2 class=\"wp-block-heading\" id=\"impiego-del-prodotto\">Emploi<\/h2>\n\n\n\n<p>Adjuvant plastifiant pour ciment et mortiers en g\u00e9n\u00e9ral, afin d&rsquo;am\u00e9liorer leur adh\u00e9rence, leur \u00e9lasticit\u00e9, leur imperm\u00e9abilit\u00e9 \u00e0 l&rsquo;eau et leurs performances finales.<\/p>\n\n\n\n<p>Le latex adh\u00e9sif pour mortiers \u00e0 base de ciment est particuli\u00e8rement recommand\u00e9 pour la pose de grands formats, la pose en ext\u00e9rieur, les rev\u00eatements c\u00e9ramiques de piscines, les rev\u00eatements soumis \u00e0 de fortes contraintes m\u00e9caniques ou hygrothermiques.<\/p>\n\n\n\n<p>Adjuvant permettant d\u2019am\u00e9liorer les caract\u00e9ristiques d&rsquo;\u00e9lasticit\u00e9 et d\u2019adh\u00e9rence des mortiers pour chapes, enduits et cr\u00e9pis.<\/p>\n\n\n\n<p>Production de mortiers adh\u00e9sifs pour l&rsquo;ancrage de nouvelles chapes \u00e0 base de ciment Portland sur d&rsquo;anciens substrats.<\/p>\n\n\n\n<h3 class=\"wp-block-heading\" id=\"supporti\">Supports<\/h3>\n\n\n\n<p>Les supports \u00e0 traiter doivent \u00eatre solides et exempt de poussi\u00e8re superficielle, de graisses de d\u00e9moulage et de tout autre \u00e9l\u00e9ment pouvant compromettre une bonne adh\u00e9rence. <\/p>\n\n\n\n<p>Les parties friables ou d\u00e9j\u00e0 d\u00e9tach\u00e9es doivent \u00eatre retir\u00e9es m\u00e9caniquement.<\/p>\n\n\n\n<h2 class=\"wp-block-heading has-vivid-cyan-blue-color has-text-color\" id=\"applicazioni\">Application<\/h2>\n\n\n\n<h3 class=\"wp-block-heading\" id=\"additivo-per-collanti-cementizi\">Additif pour adh\u00e9sifs cimentaires <\/h3>\n\n\n\n<p>Verser dans un r\u00e9cipient propre la quantit\u00e9 appropri\u00e9e de liquide et ajouter lentement la poudre en m\u00e9langeant avec une perceuse \u00e9lectrique \u00e9quip\u00e9e d&rsquo;une h\u00e9lice m\u00e9langeuse jusqu&rsquo;\u00e0 obtention d&rsquo;une p\u00e2te homog\u00e8ne et sans grumeaux. Laisser reposer la p\u00e2te pendant au moins 5 minutes et remuer bri\u00e8vement pendant quelques secondes. La p\u00e2te ainsi obtenue peut \u00eatre travaill\u00e9e pendant environ 6 heures.<\/p>\n\n\n\n<p>Si aucune performance particuli\u00e8re n&rsquo;est requise, il est possible d&rsquo;ajouter \u00e0 AD-FLEX jusqu&rsquo;\u00e0 50% d&rsquo;eau propre, avant le m\u00e9lange avec la poudre, pour am\u00e9liorer l&rsquo;\u00e9lasticit\u00e9.<\/p>\n\n\n\n<p> <\/p>\n<\/div>\n\n\n\n<div class=\"wp-block-column is-layout-flow wp-block-column-is-layout-flow\">\n<h3 class=\"wp-block-heading\" id=\"boiacca-di-ancoraggio-per-massetti-ancorati\">Mortier liquide d&rsquo;ancrage pour chapes ancr\u00e9es<\/h3>\n\n\n\n<p>Ajouter une partie d&rsquo;AD-FLEX \u00e0 une partie d&rsquo;eau. <\/p>\n\n\n\n<p>M\u00e9langer du ciment avec ce m\u00e9lange jusqu&rsquo;\u00e0 obtenir un mortier liquide et homog\u00e8ne et \u00e9taler la p\u00e2te sur la surface \u00e0 traiter. <\/p>\n\n\n\n<p>Pour obtenir une adh\u00e9rence optimale, effectuer la mise en \u0153uvre selon la technique du \u00ab\u00a0frais sur frais\u00a0\u00bb.<\/p>\n\n\n\n<h2 class=\"wp-block-heading has-vivid-cyan-blue-color has-text-color\" id=\"prodotti-kromax-additivabili\">Produits Kromax pouvant \u00eatre additiv\u00e9s<\/h2>\n\n\n\n<p><a href=\"\/?page_id=5862\">POLYCEM<\/a><\/p>\n\n\n\n<h2 class=\"wp-block-heading has-vivid-cyan-blue-color has-text-color\" id=\"avvertenze-di-posa\">Avertissements de pose <\/h2>\n\n\n\n<p>Les supports humides avec pr\u00e9sence d&rsquo;efflorescences doivent \u00eatre pr\u00e9alablement trait\u00e9s avec des syst\u00e8mes de d\u00e9shumidification.<\/p>\n\n\n\n<p>Ne pas utiliser sur des substrats magn\u00e9siens.<\/p>\n\n\n\n<p>Lors de la pr\u00e9paration des m\u00e9langes, m\u00e9langer d\u2019abord AD-FLEX avec l\u2019eau, puis doser les autres composants en poudre, en respectant les quantit\u00e9s indiqu\u00e9es.<\/p>\n\n\n\n<p>En cas d&rsquo;utilisation \u00e0 l&rsquo;ext\u00e9rieur, \u00e9viter l&rsquo;application en cas de pluie imminente, de gel, de vent fort, de soleil direct et de temp\u00e9ratures \u00e9lev\u00e9es. <\/p>\n\n\n\n<h3 class=\"wp-block-heading\" id=\"temperatura-di-applicazione\">Temp\u00e9rature d&rsquo;application<\/h3>\n\n\n\n<p>+8\u00b0C\u00a0\/\u00a0+35\u00b0C <\/p>\n\n\n\n<h3 class=\"wp-block-heading\" id=\"importante\">Avertissements<\/h3>\n\n\n\n<p>Toujours effectuer un test pr\u00e9liminaire d&rsquo;application afin de v\u00e9rifier la compatibilit\u00e9 et le rendement r\u00e9el du produit, car il varie en fonction du support.<\/p>\n\n\n\n<h2 class=\"wp-block-heading has-vivid-cyan-blue-color has-text-color\" id=\"dati-tecnici\">Donn\u00e9es techniques:<\/h2>\n\n\n\n<h3 class=\"wp-block-heading\" id=\"confezione-di-vendita\">Conditionnement<\/h3>\n\n\n\n<p>Lt 5 &#8211; Lt 10 &#8211; Lt 20<\/p>\n\n\n\n<h3 class=\"wp-block-heading\" id=\"peso-specifico\">Poids sp\u00e9cifique<\/h3>\n\n\n\n<p>1,040\u00a0\u00b1\u00a00,015\u00a0gr.\/cc.\u00a0\u00a0\u00e0\u00a020\u00b0C.<\/p>\n\n\n\n<h3 class=\"wp-block-heading\" id=\"stoccaggio\">Stockage<\/h3>\n\n\n\n<p>\u00c0 conserver 6 mois dans un endroit frais, sec, \u00e0 l\u2019abri du gel. <\/p>\n\n\n\n<h3 class=\"wp-block-heading\" id=\"aspetto-del-prodotto\">Aspect du produit<\/h3>\n\n\n\n<p>liquide, laiteux blanc<\/p>\n\n\n\n<h3 class=\"wp-block-heading\" id=\"tipo-di-legante\">Type de liant<\/h3>\n\n\n\n<p>Polym\u00e8re \u00e9lastom\u00e8re<\/p>\n<\/div>\n<\/div>\n\n<p style=\"font-size:10px\">Les informations contenues dans ce document sont indicatives et peuvent \u00eatre modifi\u00e9es \u00e0 tout moment sans pr\u00e9avis pour des raisons techniques et r\u00e9glementaires. Les donn\u00e9es qu&rsquo;il contient sont le fruit d&rsquo;une longue exp\u00e9rience sur les chantiers. L&rsquo;utilisateur doit tester et v\u00e9rifier l&rsquo;ad\u00e9quation des produits avant leur application par un \u00e9chantillonnage pr\u00e9liminaire. Kromax d\u00e9gage toute responsabilit\u00e9 pour une utilisation incorrecte du produit. Pour plus d&rsquo;informations, n&rsquo;h\u00e9sitez pas \u00e0 contacter notre service technique.<\/p>\n","protected":false},"excerpt":{"rendered":"<p>AD-FLEX Description du produit Latex en caoutchouc \u00e0 base de polym\u00e8re \u00e9lastom\u00e8re en dispersion aqueuse, \u00e0 utiliser comme adjuvant plastifiant pour le ciment et les mortiers en remplacement de l&rsquo;eau de g\u00e2chage. Il conf\u00e8re une \u00e9lasticit\u00e9 exceptionnelle, une adh\u00e9rence et une imperm\u00e9abilit\u00e9 \u00e9lev\u00e9es aux mortiers. Id\u00e9al pour des supports int\u00e9rieurs et ext\u00e9rieurs, pour des m\u00e9langes [&hellip;]<\/p>\n","protected":false},"author":1,"featured_media":0,"parent":0,"menu_order":0,"comment_status":"closed","ping_status":"closed","template":"","meta":{"ocean_post_layout":"","ocean_both_sidebars_style":"","ocean_both_sidebars_content_width":0,"ocean_both_sidebars_sidebars_width":0,"ocean_sidebar":"","ocean_second_sidebar":"","ocean_disable_margins":"enable","ocean_add_body_class":"","ocean_shortcode_before_top_bar":"","ocean_shortcode_after_top_bar":"","ocean_shortcode_before_header":"","ocean_shortcode_after_header":"","ocean_has_shortcode":"","ocean_shortcode_after_title":"","ocean_shortcode_before_footer_widgets":"","ocean_shortcode_after_footer_widgets":"","ocean_shortcode_before_footer_bottom":"","ocean_shortcode_after_footer_bottom":"","ocean_display_top_bar":"default","ocean_display_header":"default","ocean_header_style":"","ocean_center_header_left_menu":"","ocean_custom_header_template":"","ocean_custom_logo":0,"ocean_custom_retina_logo":0,"ocean_custom_logo_max_width":0,"ocean_custom_logo_tablet_max_width":0,"ocean_custom_logo_mobile_max_width":0,"ocean_custom_logo_max_height":0,"ocean_custom_logo_tablet_max_height":0,"ocean_custom_logo_mobile_max_height":0,"ocean_header_custom_menu":"","ocean_menu_typo_font_family":"","ocean_menu_typo_font_subset":"","ocean_menu_typo_font_size":0,"ocean_menu_typo_font_size_tablet":0,"ocean_menu_typo_font_size_mobile":0,"ocean_menu_typo_font_size_unit":"px","ocean_menu_typo_font_weight":"","ocean_menu_typo_font_weight_tablet":"","ocean_menu_typo_font_weight_mobile":"","ocean_menu_typo_transform":"","ocean_menu_typo_transform_tablet":"","ocean_menu_typo_transform_mobile":"","ocean_menu_typo_line_height":0,"ocean_menu_typo_line_height_tablet":0,"ocean_menu_typo_line_height_mobile":0,"ocean_menu_typo_line_height_unit":"","ocean_menu_typo_spacing":0,"ocean_menu_typo_spacing_tablet":0,"ocean_menu_typo_spacing_mobile":0,"ocean_menu_typo_spacing_unit":"","ocean_menu_link_color":"","ocean_menu_link_color_hover":"","ocean_menu_link_color_active":"","ocean_menu_link_background":"","ocean_menu_link_hover_background":"","ocean_menu_link_active_background":"","ocean_menu_social_links_bg":"","ocean_menu_social_hover_links_bg":"","ocean_menu_social_links_color":"","ocean_menu_social_hover_links_color":"","ocean_disable_title":"default","ocean_disable_heading":"default","ocean_post_title":"","ocean_post_subheading":"","ocean_post_title_style":"","ocean_post_title_background_color":"","ocean_post_title_background":0,"ocean_post_title_bg_image_position":"","ocean_post_title_bg_image_attachment":"","ocean_post_title_bg_image_repeat":"","ocean_post_title_bg_image_size":"","ocean_post_title_height":0,"ocean_post_title_bg_overlay":0.5,"ocean_post_title_bg_overlay_color":"","ocean_disable_breadcrumbs":"default","ocean_breadcrumbs_color":"","ocean_breadcrumbs_separator_color":"","ocean_breadcrumbs_links_color":"","ocean_breadcrumbs_links_hover_color":"","ocean_display_footer_widgets":"default","ocean_display_footer_bottom":"default","ocean_custom_footer_template":"","footnotes":""},"class_list":["post-6206","page","type-page","status-publish","hentry","entry","owp-thumbs-layout-horizontal","owp-btn-normal","owp-tabs-layout-horizontal","has-no-thumbnails","has-product-nav"],"yoast_head":"<!-- This site is optimized with the Yoast SEO plugin v27.4 - https:\/\/yoast.com\/product\/yoast-seo-wordpress\/ -->\n<title>Adjuvant plastifiant pour ciment et mortiers - Kromax<\/title>\n<meta name=\"robots\" content=\"index, follow, max-snippet:-1, max-image-preview:large, max-video-preview:-1\" \/>\n<link rel=\"canonical\" href=\"https:\/\/www.kromax.it\/fr\/adjuvant-plastifiant-pour-ciment-et-mortiers\/\" \/>\n<meta property=\"og:locale\" content=\"fr_FR\" \/>\n<meta property=\"og:type\" content=\"article\" \/>\n<meta property=\"og:title\" content=\"Adjuvant plastifiant pour ciment et mortiers - Kromax\" \/>\n<meta property=\"og:description\" content=\"AD-FLEX Description du produit Latex en caoutchouc \u00e0 base de polym\u00e8re \u00e9lastom\u00e8re en dispersion aqueuse, \u00e0 utiliser comme adjuvant plastifiant pour le ciment et les mortiers en remplacement de l&rsquo;eau de g\u00e2chage. Il conf\u00e8re une \u00e9lasticit\u00e9 exceptionnelle, une adh\u00e9rence et une imperm\u00e9abilit\u00e9 \u00e9lev\u00e9es aux mortiers. Id\u00e9al pour des supports int\u00e9rieurs et ext\u00e9rieurs, pour des m\u00e9langes [&hellip;]\" \/>\n<meta property=\"og:url\" content=\"https:\/\/www.kromax.it\/fr\/adjuvant-plastifiant-pour-ciment-et-mortiers\/\" \/>\n<meta property=\"og:site_name\" content=\"Kromax\" \/>\n<meta name=\"twitter:card\" content=\"summary_large_image\" \/>\n<script type=\"application\/ld+json\" class=\"yoast-schema-graph\">{\"@context\":\"https:\\\/\\\/schema.org\",\"@graph\":[{\"@type\":\"WebPage\",\"@id\":\"https:\\\/\\\/www.kromax.it\\\/fr\\\/adjuvant-plastifiant-pour-ciment-et-mortiers\\\/\",\"url\":\"https:\\\/\\\/www.kromax.it\\\/fr\\\/adjuvant-plastifiant-pour-ciment-et-mortiers\\\/\",\"name\":\"Adjuvant plastifiant pour ciment et mortiers - Kromax\",\"isPartOf\":{\"@id\":\"https:\\\/\\\/www.kromax.it\\\/fr\\\/#website\"},\"datePublished\":\"2021-04-28T09:44:04+00:00\",\"breadcrumb\":{\"@id\":\"https:\\\/\\\/www.kromax.it\\\/fr\\\/adjuvant-plastifiant-pour-ciment-et-mortiers\\\/#breadcrumb\"},\"inLanguage\":\"fr-FR\",\"potentialAction\":[{\"@type\":\"ReadAction\",\"target\":[\"https:\\\/\\\/www.kromax.it\\\/fr\\\/adjuvant-plastifiant-pour-ciment-et-mortiers\\\/\"]}]},{\"@type\":\"BreadcrumbList\",\"@id\":\"https:\\\/\\\/www.kromax.it\\\/fr\\\/adjuvant-plastifiant-pour-ciment-et-mortiers\\\/#breadcrumb\",\"itemListElement\":[{\"@type\":\"ListItem\",\"position\":1,\"name\":\"Home\",\"item\":\"https:\\\/\\\/www.kromax.it\\\/fr\\\/\"},{\"@type\":\"ListItem\",\"position\":2,\"name\":\"Adjuvant plastifiant pour ciment et mortiers\"}]},{\"@type\":\"WebSite\",\"@id\":\"https:\\\/\\\/www.kromax.it\\\/fr\\\/#website\",\"url\":\"https:\\\/\\\/www.kromax.it\\\/fr\\\/\",\"name\":\"Kromax\",\"description\":\"\",\"publisher\":{\"@id\":\"https:\\\/\\\/www.kromax.it\\\/fr\\\/#organization\"},\"potentialAction\":[{\"@type\":\"SearchAction\",\"target\":{\"@type\":\"EntryPoint\",\"urlTemplate\":\"https:\\\/\\\/www.kromax.it\\\/fr\\\/?s={search_term_string}\"},\"query-input\":{\"@type\":\"PropertyValueSpecification\",\"valueRequired\":true,\"valueName\":\"search_term_string\"}}],\"inLanguage\":\"fr-FR\"},{\"@type\":\"Organization\",\"@id\":\"https:\\\/\\\/www.kromax.it\\\/fr\\\/#organization\",\"name\":\"Kromax\",\"url\":\"https:\\\/\\\/www.kromax.it\\\/fr\\\/\",\"logo\":{\"@type\":\"ImageObject\",\"inLanguage\":\"fr-FR\",\"@id\":\"https:\\\/\\\/www.kromax.it\\\/fr\\\/#\\\/schema\\\/logo\\\/image\\\/\",\"url\":\"https:\\\/\\\/www.kromax.it\\\/fr\\\/wp-content\\\/uploads\\\/sites\\\/2\\\/2023\\\/08\\\/cropped-Logo-Kromax-completo-2021.png\",\"contentUrl\":\"https:\\\/\\\/www.kromax.it\\\/fr\\\/wp-content\\\/uploads\\\/sites\\\/2\\\/2023\\\/08\\\/cropped-Logo-Kromax-completo-2021.png\",\"width\":900,\"height\":190,\"caption\":\"Kromax\"},\"image\":{\"@id\":\"https:\\\/\\\/www.kromax.it\\\/fr\\\/#\\\/schema\\\/logo\\\/image\\\/\"}}]}<\/script>\n<!-- \/ Yoast SEO plugin. -->","yoast_head_json":{"title":"Adjuvant plastifiant pour ciment et mortiers - Kromax","robots":{"index":"index","follow":"follow","max-snippet":"max-snippet:-1","max-image-preview":"max-image-preview:large","max-video-preview":"max-video-preview:-1"},"canonical":"https:\/\/www.kromax.it\/fr\/adjuvant-plastifiant-pour-ciment-et-mortiers\/","og_locale":"fr_FR","og_type":"article","og_title":"Adjuvant plastifiant pour ciment et mortiers - Kromax","og_description":"AD-FLEX Description du produit Latex en caoutchouc \u00e0 base de polym\u00e8re \u00e9lastom\u00e8re en dispersion aqueuse, \u00e0 utiliser comme adjuvant plastifiant pour le ciment et les mortiers en remplacement de l&rsquo;eau de g\u00e2chage. Il conf\u00e8re une \u00e9lasticit\u00e9 exceptionnelle, une adh\u00e9rence et une imperm\u00e9abilit\u00e9 \u00e9lev\u00e9es aux mortiers. Id\u00e9al pour des supports int\u00e9rieurs et ext\u00e9rieurs, pour des m\u00e9langes [&hellip;]","og_url":"https:\/\/www.kromax.it\/fr\/adjuvant-plastifiant-pour-ciment-et-mortiers\/","og_site_name":"Kromax","twitter_card":"summary_large_image","schema":{"@context":"https:\/\/schema.org","@graph":[{"@type":"WebPage","@id":"https:\/\/www.kromax.it\/fr\/adjuvant-plastifiant-pour-ciment-et-mortiers\/","url":"https:\/\/www.kromax.it\/fr\/adjuvant-plastifiant-pour-ciment-et-mortiers\/","name":"Adjuvant plastifiant pour ciment et mortiers - Kromax","isPartOf":{"@id":"https:\/\/www.kromax.it\/fr\/#website"},"datePublished":"2021-04-28T09:44:04+00:00","breadcrumb":{"@id":"https:\/\/www.kromax.it\/fr\/adjuvant-plastifiant-pour-ciment-et-mortiers\/#breadcrumb"},"inLanguage":"fr-FR","potentialAction":[{"@type":"ReadAction","target":["https:\/\/www.kromax.it\/fr\/adjuvant-plastifiant-pour-ciment-et-mortiers\/"]}]},{"@type":"BreadcrumbList","@id":"https:\/\/www.kromax.it\/fr\/adjuvant-plastifiant-pour-ciment-et-mortiers\/#breadcrumb","itemListElement":[{"@type":"ListItem","position":1,"name":"Home","item":"https:\/\/www.kromax.it\/fr\/"},{"@type":"ListItem","position":2,"name":"Adjuvant plastifiant pour ciment et mortiers"}]},{"@type":"WebSite","@id":"https:\/\/www.kromax.it\/fr\/#website","url":"https:\/\/www.kromax.it\/fr\/","name":"Kromax","description":"","publisher":{"@id":"https:\/\/www.kromax.it\/fr\/#organization"},"potentialAction":[{"@type":"SearchAction","target":{"@type":"EntryPoint","urlTemplate":"https:\/\/www.kromax.it\/fr\/?s={search_term_string}"},"query-input":{"@type":"PropertyValueSpecification","valueRequired":true,"valueName":"search_term_string"}}],"inLanguage":"fr-FR"},{"@type":"Organization","@id":"https:\/\/www.kromax.it\/fr\/#organization","name":"Kromax","url":"https:\/\/www.kromax.it\/fr\/","logo":{"@type":"ImageObject","inLanguage":"fr-FR","@id":"https:\/\/www.kromax.it\/fr\/#\/schema\/logo\/image\/","url":"https:\/\/www.kromax.it\/fr\/wp-content\/uploads\/sites\/2\/2023\/08\/cropped-Logo-Kromax-completo-2021.png","contentUrl":"https:\/\/www.kromax.it\/fr\/wp-content\/uploads\/sites\/2\/2023\/08\/cropped-Logo-Kromax-completo-2021.png","width":900,"height":190,"caption":"Kromax"},"image":{"@id":"https:\/\/www.kromax.it\/fr\/#\/schema\/logo\/image\/"}}]}},"_links":{"self":[{"href":"https:\/\/www.kromax.it\/fr\/wp-json\/wp\/v2\/pages\/6206","targetHints":{"allow":["GET"]}}],"collection":[{"href":"https:\/\/www.kromax.it\/fr\/wp-json\/wp\/v2\/pages"}],"about":[{"href":"https:\/\/www.kromax.it\/fr\/wp-json\/wp\/v2\/types\/page"}],"author":[{"embeddable":true,"href":"https:\/\/www.kromax.it\/fr\/wp-json\/wp\/v2\/users\/1"}],"replies":[{"embeddable":true,"href":"https:\/\/www.kromax.it\/fr\/wp-json\/wp\/v2\/comments?post=6206"}],"version-history":[{"count":0,"href":"https:\/\/www.kromax.it\/fr\/wp-json\/wp\/v2\/pages\/6206\/revisions"}],"wp:attachment":[{"href":"https:\/\/www.kromax.it\/fr\/wp-json\/wp\/v2\/media?parent=6206"}],"curies":[{"name":"wp","href":"https:\/\/api.w.org\/{rel}","templated":true}]}}