{"id":6233,"date":"2021-01-02T20:05:50","date_gmt":"2021-01-02T19:05:50","guid":{"rendered":"https:\/\/www.kromax.it\/appret-de-consolidation-a-base-de-solvant-extra-fort\/"},"modified":"2021-01-02T20:05:50","modified_gmt":"2021-01-02T19:05:50","slug":"appret-de-consolidation-a-base-de-solvant-extra-fort","status":"publish","type":"page","link":"https:\/\/www.kromax.it\/fr\/appret-de-consolidation-a-base-de-solvant-extra-fort\/","title":{"rendered":"Appr\u00eat de consolidation \u00e0 base de solvant extra-fort"},"content":{"rendered":"\n<div class=\"wp-block-columns is-layout-flex wp-container-core-columns-is-layout-9d6595d7 wp-block-columns-is-layout-flex\">\n<div class=\"wp-block-column is-layout-flow wp-block-column-is-layout-flow\">\n<h3 class=\"has-luminous-vivid-orange-color has-text-color wp-block-heading\" id=\"pliokrom-k01\">PLIOKROM K01<\/h3>\n<\/div>\n\n\n\n<div class=\"wp-block-column is-layout-flow wp-block-column-is-layout-flow\">\n<div id=\"print\"> <button class=\"print\"><\/button><\/div>\n<\/div>\n<\/div>\n\n<div class=\"wp-block-columns is-layout-flex wp-container-core-columns-is-layout-9d6595d7 wp-block-columns-is-layout-flex\">\n<div class=\"wp-block-column is-layout-flow wp-block-column-is-layout-flow\">\n<h2 class=\"wp-block-heading\" id=\"prodotto\">Description du produit<\/h2>\n\n\n\n<p>Appr\u00eat de consolidation pour des supports faibles et friables en ext\u00e9rieur, adapt\u00e9 pour la peinture hydrofuge de klinker, transparente ou color\u00e9e.<\/p>\n\n\n\n<h2 class=\"wp-block-heading\" id=\"supporti\"><strong>Supports<\/strong><\/h2>\n\n\n\n<p>B\u00e9ton arm\u00e9. Enduits de mortier de ciment parfaitement s\u00e9ch\u00e9s (au moins trente jours).<\/p>\n\n\n\n<p>Anciens enduits \u00e0 la chaux, \u00e0 condition qu&rsquo;ils soient pr\u00e9alablement nettoy\u00e9s et d\u00e9poussi\u00e9r\u00e9s.<\/p>\n\n\n\n<p>Pierres carbonat\u00e9es, anciennes ou neuves. Le produit peut \u00e9galement \u00eatre utilis\u00e9 pour la peinture protectrice et imperm\u00e9able des klinkers.<\/p>\n\n\n\n<h2 class=\"wp-block-heading\" id=\"ciclo-applicativo\">Cycle d&rsquo;application<\/h2>\n\n\n\n<p>Transparent : Appliquer directement au pinceau jusqu&rsquo;\u00e0 saturation.<\/p>\n\n\n\n<p>Color\u00e9 : Comme ci-dessus, mais en diluant \u00e0 100% avec notre solvant \u00ab\u00a0Solmax\u00a0\u00bb.<\/p>\n\n\n\n<p>Il est possible de l&rsquo;utiliser comme finition. Dans ce cas, r\u00e9duire la dilution \u00e0 20% avec le m\u00eame solvant.<\/p>\n\n\n\n<p>Les supports doivent \u00eatre pr\u00e9alablement d\u00e9poussi\u00e9r\u00e9s autant que possible et mastiqu\u00e9s en cas de pr\u00e9sence de fissures et microfissures.<\/p>\n\n\n\n<h2 class=\"wp-block-heading\" id=\"diluizione\">Dilution<\/h2>\n\n\n\n<p>Transparent : aucune.<\/p>\n\n\n\n<p>Color\u00e9 : avec notre \u00ab\u00a0Solmax K01\u00a0\u00bb \u00e0 100% s&rsquo;il est utilis\u00e9 comme primaire.<\/p>\n\n\n\n<p>Color\u00e9 : avec notre \u00ab\u00a0Solmax K01\u00a0\u00bb \u00e0 20% s&rsquo;il est utilis\u00e9 comme finition.<\/p>\n\n\n\n<h3 class=\"wp-block-heading\" id=\"condizioni-applicative\">Conditions d&rsquo;application<\/h3>\n\n\n\n<p>Humidit\u00e9 relative ne d\u00e9passant pas 75%.<\/p>\n\n\n\n<h3 class=\"wp-block-heading\" id=\"peso-specifico\">Poids sp\u00e9cifique<\/h3>\n\n\n\n<p>0,880\u00a0\u00b1\u00a030gr.\/cc.\u00a0\u00e0\u00a020\u00b0C. <\/p>\n\n\n\n<h3 class=\"wp-block-heading\" id=\"attrezzi\">Outils<\/h3>\n\n\n\n<p>Rouleau, pinceau, pulv\u00e9risation.<\/p>\n\n\n\n<h3 class=\"wp-block-heading\" id=\"tipo-di-legante\">Type de liant<\/h3>\n\n\n\n<p>R\u00e9sine Pliolite\u00ae de Goodyear.<\/p>\n\n\n\n<h3 class=\"wp-block-heading\" id=\"viscosita\"><strong>Viscosit\u00e9<\/strong><\/h3>\n\n\n\n<p>15\u201d\u00a0\u00ad\u00a020\u201d\u00a0F=8\u00a0\u00e0\u00a020\u00b0C. <\/p>\n\n\n\n<h3 class=\"wp-block-heading\" id=\"colori\">Couleurs<\/h3>\n\n\n\n<p>Transparent,\u00a0Blanc,\u00a0Color\u00e9.<\/p>\n\n\n\n<p> <\/p>\n<\/div>\n\n\n\n<div class=\"wp-block-column is-layout-flow wp-block-column-is-layout-flow\">\n<h2 class=\"wp-block-heading\" id=\"resa-indicativa\">Rendement indicatif<\/h2>\n\n\n\n<p>12-14 m\u00b2 par couche avec 1 Lt de produit.<\/p>\n\n\n\n<h3 class=\"wp-block-heading\" id=\"confezioni-di-vendita\">Conditionnement<\/h3>\n\n\n\n<p>Lt.\u00a013\u00a0<\/p>\n\n\n\n<h3 class=\"wp-block-heading\" id=\"stoccaggio\">Stockage<\/h3>\n\n\n\n<p>\u00c0 conserver 6 mois dans un endroit frais, sec, \u00e0 l\u2019abri du gel. <\/p>\n\n\n\n<h3 class=\"wp-block-heading\" id=\"residuo-secco\">R\u00e9sidu sec<\/h3>\n\n\n\n<p>55 &#8211; 60% env. 3 heures \u00e0 120\u00b0C.<\/p>\n\n\n\n<h3 class=\"wp-block-heading\" id=\"permeabilita-al-vapore\"><strong>Perm\u00e9abilit\u00e9 \u00e0 la vapeur d&rsquo;eau<\/strong><\/h3>\n\n\n\n<p>248\u00a0gr\/m\u00b2.\u00a0x\u00a024\u00a0h\u00a0\u00a0 <\/p>\n\n\n\n<h3 class=\"wp-block-heading\" id=\"assorbimento-d-acqua\">Absorption d&rsquo;eau<\/h3>\n\n\n\n<p>40\u00a0mg\/m\u00b2.\u00a0x\u00a024\u00a0h.\u00a0 <\/p>\n\n\n\n<h3 class=\"wp-block-heading\" id=\"aspetto-del-prodotto\">Aspect du produit<\/h3>\n\n\n\n<p>Mat satin\u00e9.<\/p>\n\n\n\n<p>pH: Neutre.<\/p>\n\n\n\n<h3 class=\"wp-block-heading\" id=\"temperatura-di-applicazione\"><strong>Temp\u00e9rature d&rsquo;application<\/strong><\/h3>\n\n\n\n<p> +8\u00b0C\u00a0\/\u00a0+35\u00b0C <\/p>\n\n\n\n<h3 class=\"wp-block-heading\" id=\"temperatura-al-supporto\"><strong>Temp\u00e9rature du support<\/strong><\/h3>\n\n\n\n<p> +5\u00b0C\u00a0\/\u00a0+40\u00b0C <\/p>\n\n\n\n<h3 class=\"wp-block-heading\" id=\"sovraverniciatura\">Recouvrement<\/h3>\n\n\n\n<p>Min.\u00a012\u00a0heures &#8211;\u00a0\u00ad\u00a0Max\u00a07\u00a0jours.<\/p>\n\n\n\n<h3 class=\"wp-block-heading\" id=\"essiccazione\">S\u00e9chage<\/h3>\n\n\n\n<p>Hors empreinte : 2 heures.<\/p>\n\n\n\n<p>En profondeur: 24-36 heures.<\/p>\n\n\n\n<h2 class=\"wp-block-heading\" id=\"avvertenze\">Avertissements<\/h2>\n\n\n\n<p>V\u00e9rifier la compatibilit\u00e9 avec d&rsquo;\u00e9ventuelles peintures plastiques au quartz pr\u00e9-existantes.<\/p>\n\n\n\n<p>Les supports humides avec pr\u00e9sence d&rsquo;efflorescences doivent \u00eatre pr\u00e9trait\u00e9s avec des syst\u00e8mes d\u00e9shumidifiants.<\/p>\n\n\n\n<p>\u00c9viter l&rsquo;application en cas de pluie imminente, de vent fort ou de soleil direct.<\/p>\n\n\n\n<p>Masquer et prot\u00e9ger le verre, la c\u00e9ramique, les pierres naturelles, les cadres en m\u00e9tal et en aluminium car le produit est difficile \u00e0 enlever.<\/p>\n<\/div>\n<\/div>\n\n<blockquote class=\"wp-block-quote is-style-default has-small-font-size is-layout-flow wp-block-quote-is-layout-flow\">\n<p>R\u00e9glementation COV<\/p>\n\n\n\n<p>(DIR.2004\/42\/CE) Peintures monocomposantes haute performance. Valeur limite UE pour ce produit (BS &#8211; cat. i) : 500g\/l (2010) Teneur COV&lt;500g\/l.<\/p>\n<\/blockquote>\n\n<p style=\"font-size:10px\">Les informations contenues dans ce document sont indicatives et peuvent \u00eatre modifi\u00e9es \u00e0 tout moment sans pr\u00e9avis pour des raisons techniques et r\u00e9glementaires. Les donn\u00e9es qu&rsquo;il contient sont le fruit d&rsquo;une longue exp\u00e9rience sur les chantiers. L&rsquo;utilisateur doit tester et v\u00e9rifier l&rsquo;ad\u00e9quation des produits avant leur application par un \u00e9chantillonnage pr\u00e9liminaire. Kromax d\u00e9gage toute responsabilit\u00e9 pour une utilisation incorrecte du produit. Pour plus d&rsquo;informations, n&rsquo;h\u00e9sitez pas \u00e0 contacter notre service technique.<\/p>\n","protected":false},"excerpt":{"rendered":"<p>PLIOKROM K01 Description du produit Appr\u00eat de consolidation pour des supports faibles et friables en ext\u00e9rieur, adapt\u00e9 pour la peinture hydrofuge de klinker, transparente ou color\u00e9e. Supports B\u00e9ton arm\u00e9. Enduits de mortier de ciment parfaitement s\u00e9ch\u00e9s (au moins trente jours). Anciens enduits \u00e0 la chaux, \u00e0 condition qu&rsquo;ils soient pr\u00e9alablement nettoy\u00e9s et d\u00e9poussi\u00e9r\u00e9s. Pierres carbonat\u00e9es, [&hellip;]<\/p>\n","protected":false},"author":1,"featured_media":0,"parent":0,"menu_order":0,"comment_status":"closed","ping_status":"closed","template":"","meta":{"ocean_post_layout":"","ocean_both_sidebars_style":"","ocean_both_sidebars_content_width":0,"ocean_both_sidebars_sidebars_width":0,"ocean_sidebar":"","ocean_second_sidebar":"","ocean_disable_margins":"enable","ocean_add_body_class":"","ocean_shortcode_before_top_bar":"","ocean_shortcode_after_top_bar":"","ocean_shortcode_before_header":"","ocean_shortcode_after_header":"","ocean_has_shortcode":"","ocean_shortcode_after_title":"","ocean_shortcode_before_footer_widgets":"","ocean_shortcode_after_footer_widgets":"","ocean_shortcode_before_footer_bottom":"","ocean_shortcode_after_footer_bottom":"","ocean_display_top_bar":"default","ocean_display_header":"default","ocean_header_style":"","ocean_center_header_left_menu":"","ocean_custom_header_template":"","ocean_custom_logo":0,"ocean_custom_retina_logo":0,"ocean_custom_logo_max_width":0,"ocean_custom_logo_tablet_max_width":0,"ocean_custom_logo_mobile_max_width":0,"ocean_custom_logo_max_height":0,"ocean_custom_logo_tablet_max_height":0,"ocean_custom_logo_mobile_max_height":0,"ocean_header_custom_menu":"","ocean_menu_typo_font_family":"","ocean_menu_typo_font_subset":"","ocean_menu_typo_font_size":0,"ocean_menu_typo_font_size_tablet":0,"ocean_menu_typo_font_size_mobile":0,"ocean_menu_typo_font_size_unit":"px","ocean_menu_typo_font_weight":"","ocean_menu_typo_font_weight_tablet":"","ocean_menu_typo_font_weight_mobile":"","ocean_menu_typo_transform":"","ocean_menu_typo_transform_tablet":"","ocean_menu_typo_transform_mobile":"","ocean_menu_typo_line_height":0,"ocean_menu_typo_line_height_tablet":0,"ocean_menu_typo_line_height_mobile":0,"ocean_menu_typo_line_height_unit":"","ocean_menu_typo_spacing":0,"ocean_menu_typo_spacing_tablet":0,"ocean_menu_typo_spacing_mobile":0,"ocean_menu_typo_spacing_unit":"","ocean_menu_link_color":"","ocean_menu_link_color_hover":"","ocean_menu_link_color_active":"","ocean_menu_link_background":"","ocean_menu_link_hover_background":"","ocean_menu_link_active_background":"","ocean_menu_social_links_bg":"","ocean_menu_social_hover_links_bg":"","ocean_menu_social_links_color":"","ocean_menu_social_hover_links_color":"","ocean_disable_title":"default","ocean_disable_heading":"default","ocean_post_title":"","ocean_post_subheading":"","ocean_post_title_style":"","ocean_post_title_background_color":"","ocean_post_title_background":0,"ocean_post_title_bg_image_position":"","ocean_post_title_bg_image_attachment":"","ocean_post_title_bg_image_repeat":"","ocean_post_title_bg_image_size":"","ocean_post_title_height":0,"ocean_post_title_bg_overlay":0.5,"ocean_post_title_bg_overlay_color":"","ocean_disable_breadcrumbs":"default","ocean_breadcrumbs_color":"","ocean_breadcrumbs_separator_color":"","ocean_breadcrumbs_links_color":"","ocean_breadcrumbs_links_hover_color":"","ocean_display_footer_widgets":"default","ocean_display_footer_bottom":"default","ocean_custom_footer_template":"","footnotes":""},"class_list":["post-6233","page","type-page","status-publish","hentry","entry","owp-thumbs-layout-horizontal","owp-btn-normal","owp-tabs-layout-horizontal","has-no-thumbnails","has-product-nav"],"yoast_head":"<!-- This site is optimized with the Yoast SEO plugin v27.4 - https:\/\/yoast.com\/product\/yoast-seo-wordpress\/ -->\n<title>Appr\u00eat de consolidation \u00e0 base de solvant extra-fort - Kromax<\/title>\n<meta name=\"description\" content=\"Appr\u00eat de consolidation \u00e0 base de solvant pour des supports faibles et friables en ext\u00e9rieur, adapt\u00e9 pour la peinture hydrofuge de klinker, transparente ou color\u00e9e.\" \/>\n<meta name=\"robots\" content=\"index, follow, max-snippet:-1, max-image-preview:large, max-video-preview:-1\" \/>\n<link rel=\"canonical\" href=\"https:\/\/www.kromax.it\/fr\/appret-de-consolidation-a-base-de-solvant-extra-fort\/\" \/>\n<meta property=\"og:locale\" content=\"fr_FR\" \/>\n<meta property=\"og:type\" content=\"article\" \/>\n<meta property=\"og:title\" content=\"Appr\u00eat de consolidation \u00e0 base de solvant extra-fort - Kromax\" \/>\n<meta property=\"og:description\" content=\"Appr\u00eat de consolidation \u00e0 base de solvant pour des supports faibles et friables en ext\u00e9rieur, adapt\u00e9 pour la peinture hydrofuge de klinker, transparente ou color\u00e9e.\" \/>\n<meta property=\"og:url\" content=\"https:\/\/www.kromax.it\/fr\/appret-de-consolidation-a-base-de-solvant-extra-fort\/\" \/>\n<meta property=\"og:site_name\" content=\"Kromax\" \/>\n<meta name=\"twitter:card\" content=\"summary_large_image\" \/>\n<script type=\"application\/ld+json\" class=\"yoast-schema-graph\">{\"@context\":\"https:\\\/\\\/schema.org\",\"@graph\":[{\"@type\":\"WebPage\",\"@id\":\"https:\\\/\\\/www.kromax.it\\\/fr\\\/appret-de-consolidation-a-base-de-solvant-extra-fort\\\/\",\"url\":\"https:\\\/\\\/www.kromax.it\\\/fr\\\/appret-de-consolidation-a-base-de-solvant-extra-fort\\\/\",\"name\":\"Appr\u00eat de consolidation \u00e0 base de solvant extra-fort - Kromax\",\"isPartOf\":{\"@id\":\"https:\\\/\\\/www.kromax.it\\\/fr\\\/#website\"},\"datePublished\":\"2021-01-02T19:05:50+00:00\",\"description\":\"Appr\u00eat de consolidation \u00e0 base de solvant pour des supports faibles et friables en ext\u00e9rieur, adapt\u00e9 pour la peinture hydrofuge de klinker, transparente ou color\u00e9e.\",\"breadcrumb\":{\"@id\":\"https:\\\/\\\/www.kromax.it\\\/fr\\\/appret-de-consolidation-a-base-de-solvant-extra-fort\\\/#breadcrumb\"},\"inLanguage\":\"fr-FR\",\"potentialAction\":[{\"@type\":\"ReadAction\",\"target\":[\"https:\\\/\\\/www.kromax.it\\\/fr\\\/appret-de-consolidation-a-base-de-solvant-extra-fort\\\/\"]}]},{\"@type\":\"BreadcrumbList\",\"@id\":\"https:\\\/\\\/www.kromax.it\\\/fr\\\/appret-de-consolidation-a-base-de-solvant-extra-fort\\\/#breadcrumb\",\"itemListElement\":[{\"@type\":\"ListItem\",\"position\":1,\"name\":\"Home\",\"item\":\"https:\\\/\\\/www.kromax.it\\\/fr\\\/\"},{\"@type\":\"ListItem\",\"position\":2,\"name\":\"Appr\u00eat de consolidation \u00e0 base de solvant extra-fort\"}]},{\"@type\":\"WebSite\",\"@id\":\"https:\\\/\\\/www.kromax.it\\\/fr\\\/#website\",\"url\":\"https:\\\/\\\/www.kromax.it\\\/fr\\\/\",\"name\":\"Kromax\",\"description\":\"\",\"publisher\":{\"@id\":\"https:\\\/\\\/www.kromax.it\\\/fr\\\/#organization\"},\"potentialAction\":[{\"@type\":\"SearchAction\",\"target\":{\"@type\":\"EntryPoint\",\"urlTemplate\":\"https:\\\/\\\/www.kromax.it\\\/fr\\\/?s={search_term_string}\"},\"query-input\":{\"@type\":\"PropertyValueSpecification\",\"valueRequired\":true,\"valueName\":\"search_term_string\"}}],\"inLanguage\":\"fr-FR\"},{\"@type\":\"Organization\",\"@id\":\"https:\\\/\\\/www.kromax.it\\\/fr\\\/#organization\",\"name\":\"Kromax\",\"url\":\"https:\\\/\\\/www.kromax.it\\\/fr\\\/\",\"logo\":{\"@type\":\"ImageObject\",\"inLanguage\":\"fr-FR\",\"@id\":\"https:\\\/\\\/www.kromax.it\\\/fr\\\/#\\\/schema\\\/logo\\\/image\\\/\",\"url\":\"https:\\\/\\\/www.kromax.it\\\/fr\\\/wp-content\\\/uploads\\\/sites\\\/2\\\/2023\\\/08\\\/cropped-Logo-Kromax-completo-2021.png\",\"contentUrl\":\"https:\\\/\\\/www.kromax.it\\\/fr\\\/wp-content\\\/uploads\\\/sites\\\/2\\\/2023\\\/08\\\/cropped-Logo-Kromax-completo-2021.png\",\"width\":900,\"height\":190,\"caption\":\"Kromax\"},\"image\":{\"@id\":\"https:\\\/\\\/www.kromax.it\\\/fr\\\/#\\\/schema\\\/logo\\\/image\\\/\"}}]}<\/script>\n<!-- \/ Yoast SEO plugin. -->","yoast_head_json":{"title":"Appr\u00eat de consolidation \u00e0 base de solvant extra-fort - Kromax","description":"Appr\u00eat de consolidation \u00e0 base de solvant pour des supports faibles et friables en ext\u00e9rieur, adapt\u00e9 pour la peinture hydrofuge de klinker, transparente ou color\u00e9e.","robots":{"index":"index","follow":"follow","max-snippet":"max-snippet:-1","max-image-preview":"max-image-preview:large","max-video-preview":"max-video-preview:-1"},"canonical":"https:\/\/www.kromax.it\/fr\/appret-de-consolidation-a-base-de-solvant-extra-fort\/","og_locale":"fr_FR","og_type":"article","og_title":"Appr\u00eat de consolidation \u00e0 base de solvant extra-fort - Kromax","og_description":"Appr\u00eat de consolidation \u00e0 base de solvant pour des supports faibles et friables en ext\u00e9rieur, adapt\u00e9 pour la peinture hydrofuge de klinker, transparente ou color\u00e9e.","og_url":"https:\/\/www.kromax.it\/fr\/appret-de-consolidation-a-base-de-solvant-extra-fort\/","og_site_name":"Kromax","twitter_card":"summary_large_image","schema":{"@context":"https:\/\/schema.org","@graph":[{"@type":"WebPage","@id":"https:\/\/www.kromax.it\/fr\/appret-de-consolidation-a-base-de-solvant-extra-fort\/","url":"https:\/\/www.kromax.it\/fr\/appret-de-consolidation-a-base-de-solvant-extra-fort\/","name":"Appr\u00eat de consolidation \u00e0 base de solvant extra-fort - Kromax","isPartOf":{"@id":"https:\/\/www.kromax.it\/fr\/#website"},"datePublished":"2021-01-02T19:05:50+00:00","description":"Appr\u00eat de consolidation \u00e0 base de solvant pour des supports faibles et friables en ext\u00e9rieur, adapt\u00e9 pour la peinture hydrofuge de klinker, transparente ou color\u00e9e.","breadcrumb":{"@id":"https:\/\/www.kromax.it\/fr\/appret-de-consolidation-a-base-de-solvant-extra-fort\/#breadcrumb"},"inLanguage":"fr-FR","potentialAction":[{"@type":"ReadAction","target":["https:\/\/www.kromax.it\/fr\/appret-de-consolidation-a-base-de-solvant-extra-fort\/"]}]},{"@type":"BreadcrumbList","@id":"https:\/\/www.kromax.it\/fr\/appret-de-consolidation-a-base-de-solvant-extra-fort\/#breadcrumb","itemListElement":[{"@type":"ListItem","position":1,"name":"Home","item":"https:\/\/www.kromax.it\/fr\/"},{"@type":"ListItem","position":2,"name":"Appr\u00eat de consolidation \u00e0 base de solvant extra-fort"}]},{"@type":"WebSite","@id":"https:\/\/www.kromax.it\/fr\/#website","url":"https:\/\/www.kromax.it\/fr\/","name":"Kromax","description":"","publisher":{"@id":"https:\/\/www.kromax.it\/fr\/#organization"},"potentialAction":[{"@type":"SearchAction","target":{"@type":"EntryPoint","urlTemplate":"https:\/\/www.kromax.it\/fr\/?s={search_term_string}"},"query-input":{"@type":"PropertyValueSpecification","valueRequired":true,"valueName":"search_term_string"}}],"inLanguage":"fr-FR"},{"@type":"Organization","@id":"https:\/\/www.kromax.it\/fr\/#organization","name":"Kromax","url":"https:\/\/www.kromax.it\/fr\/","logo":{"@type":"ImageObject","inLanguage":"fr-FR","@id":"https:\/\/www.kromax.it\/fr\/#\/schema\/logo\/image\/","url":"https:\/\/www.kromax.it\/fr\/wp-content\/uploads\/sites\/2\/2023\/08\/cropped-Logo-Kromax-completo-2021.png","contentUrl":"https:\/\/www.kromax.it\/fr\/wp-content\/uploads\/sites\/2\/2023\/08\/cropped-Logo-Kromax-completo-2021.png","width":900,"height":190,"caption":"Kromax"},"image":{"@id":"https:\/\/www.kromax.it\/fr\/#\/schema\/logo\/image\/"}}]}},"_links":{"self":[{"href":"https:\/\/www.kromax.it\/fr\/wp-json\/wp\/v2\/pages\/6233","targetHints":{"allow":["GET"]}}],"collection":[{"href":"https:\/\/www.kromax.it\/fr\/wp-json\/wp\/v2\/pages"}],"about":[{"href":"https:\/\/www.kromax.it\/fr\/wp-json\/wp\/v2\/types\/page"}],"author":[{"embeddable":true,"href":"https:\/\/www.kromax.it\/fr\/wp-json\/wp\/v2\/users\/1"}],"replies":[{"embeddable":true,"href":"https:\/\/www.kromax.it\/fr\/wp-json\/wp\/v2\/comments?post=6233"}],"version-history":[{"count":0,"href":"https:\/\/www.kromax.it\/fr\/wp-json\/wp\/v2\/pages\/6233\/revisions"}],"wp:attachment":[{"href":"https:\/\/www.kromax.it\/fr\/wp-json\/wp\/v2\/media?parent=6233"}],"curies":[{"name":"wp","href":"https:\/\/api.w.org\/{rel}","templated":true}]}}