{"id":6246,"date":"2021-01-01T13:49:42","date_gmt":"2021-01-01T12:49:42","guid":{"rendered":"https:\/\/www.kromax.it\/peinture-sous-couche-acrylique-coloree\/"},"modified":"2021-01-01T13:49:42","modified_gmt":"2021-01-01T12:49:42","slug":"peinture-sous-couche-acrylique-coloree","status":"publish","type":"page","link":"https:\/\/www.kromax.it\/fr\/peinture-sous-couche-acrylique-coloree\/","title":{"rendered":"Peinture sous-couche acrylique color\u00e9e"},"content":{"rendered":"\n<div class=\"wp-block-columns is-layout-flex wp-container-core-columns-is-layout-9d6595d7 wp-block-columns-is-layout-flex\">\n<div class=\"wp-block-column is-layout-flow wp-block-column-is-layout-flow\">\n<h3 class=\"has-luminous-vivid-orange-color has-text-color wp-block-heading\">COVERFIX ACRILICO<\/h3>\n<\/div>\n\n\n\n<div class=\"wp-block-column is-layout-flow wp-block-column-is-layout-flow\">\n<div id=\"print\"> <button class=\"print\"><\/button><\/div>\n<\/div>\n<\/div>\n\n<div class=\"wp-block-columns is-layout-flex wp-container-core-columns-is-layout-9d6595d7 wp-block-columns-is-layout-flex\">\n<div class=\"wp-block-column is-layout-flow wp-block-column-is-layout-flow\">\n<h2 class=\"wp-block-heading\">Description du produit:<\/h2>\n\n\n\n<p>Primaire \u00e0 utiliser avant d&rsquo;appliquer notre \u00ab\u00a0Kromaputz acrylique\u00a0\u00bb fourni dans la m\u00eame couleur choisie pour la finition.<\/p>\n\n\n\n<h3 class=\"wp-block-heading\"><strong>Supports:<\/strong><\/h3>\n\n\n\n<p>Enduits de mortier parfaitement s\u00e9ch\u00e9s (au moins trente jours).<\/p>\n\n\n\n<p>Anciens enduits \u00e0 condition qu&rsquo;ils soient pr\u00e9alablement nettoy\u00e9s et d\u00e9poussi\u00e9r\u00e9s.<\/p>\n\n\n\n<p>Pierres carbonat\u00e9es, anciennes ou nouvelles.<\/p>\n\n\n\n<h2 class=\"wp-block-heading\">Application:<\/h2>\n\n\n\n<p>D\u00e9poussi\u00e9rer autant que possible le support.<\/p>\n\n\n\n<p>Appliquer au rouleau une couche de COVERFIX ACRYLIQUE.<\/p>\n\n\n\n<p>Terminer avec notre enduit Kromaputz acrylique dans la couleur choisie.<\/p>\n\n\n\n<h2 class=\"wp-block-heading\">Rendement indicatif:<\/h2>\n\n\n\n<p>Surface lisse: 12 &#8211; 14 m\u00b2\/l<\/p>\n\n\n\n<p>Surface taloch\u00e9e: 6 \u2013 7 m\u00b2\/l<\/p>\n\n\n\n<h3 class=\"wp-block-heading\">Conditions d&rsquo;application:<\/h3>\n\n\n\n<p>Humidit\u00e9 relative ne d\u00e9passant pas 75%.<\/p>\n\n\n\n<h3 class=\"wp-block-heading\">Temp\u00e9rature d&rsquo;application:<\/h3>\n\n\n\n<p>+8\u00b0C\u00a0\/\u00a0+35\u00b0C <\/p>\n\n\n\n<h3 class=\"wp-block-heading\">Temp\u00e9rature du support:<\/h3>\n\n\n\n<p>+5\u00b0C\u00a0\/\u00a0+40\u00b0C <\/p>\n\n\n\n<h3 class=\"wp-block-heading\">Recouvrement:<\/h3>\n\n\n\n<p>Min. 12 heures &#8211; Max 7 jours.<\/p>\n\n\n\n<h2 class=\"wp-block-heading\">Outils:<\/h2>\n\n\n\n<p>Rouleau.<\/p>\n\n\n\n<h3 class=\"wp-block-heading\">Poids sp\u00e9cifique:<\/h3>\n\n\n\n<p>1,500\u2013\u00b1\u00a00,050\u00a0gr.\/cc.<\/p>\n\n\n\n<h3 class=\"wp-block-heading\">Couleurs:<\/h3>\n\n\n\n<p>Blanc; consulter aussi le nuancier \u00ab\u00a0KROMAX\u00a0\u00bb (rev\u00eatements techniques), teintes sur \u00e9chantillon.<\/p>\n\n\n\n<p> <\/p>\n<\/div>\n\n\n\n<div class=\"wp-block-column is-layout-flow wp-block-column-is-layout-flow\">\n<h3 class=\"wp-block-heading\">Conditionnement:<\/h3>\n\n\n\n<p>Lt.\u00a013 <\/p>\n\n\n\n<h3 class=\"wp-block-heading\"><strong>Stockage<\/strong>:<\/h3>\n\n\n\n<p>\u00c0 conserver 6 mois dans un endroit frais, sec, \u00e0 l\u2019abri du gel. <\/p>\n\n\n\n<h3 class=\"wp-block-heading\"><strong>Type de liant<\/strong>:<\/h3>\n\n\n\n<p>Acrylate.<\/p>\n\n\n\n<h2 class=\"wp-block-heading\"><strong>Dilution<\/strong>:<\/h2>\n\n\n\n<p>Pr\u00eat \u00e0 l&#8217;emploi.<\/p>\n\n\n\n<p>Avec de l&rsquo;eau max 5% si n\u00e9cessaire.<\/p>\n\n\n\n<h3 class=\"wp-block-heading\"><strong>Viscosit\u00e9:\u00a0<\/strong><\/h3>\n\n\n\n<p>8000 &#8211; 10000 CPS \u00e0 20\u00b0C.<\/p>\n\n\n\n<h3 class=\"wp-block-heading\"><strong>Perm\u00e9abilit\u00e9 \u00e0 la vapeur d&rsquo;eau<\/strong>:<\/h3>\n\n\n\n<p>320 gr\/m\u00b2 x 24 h<\/p>\n\n\n\n<h3 class=\"wp-block-heading\"><strong>Aspect du produit<\/strong>:<\/h3>\n\n\n\n<p>Mat granul\u00e9<\/p>\n\n\n\n<h3 class=\"wp-block-heading\">pH:<\/h3>\n\n\n\n<p>Neutre.<\/p>\n\n\n\n<h3 class=\"wp-block-heading\"><strong>S\u00e9chage<\/strong>:<\/h3>\n\n\n\n<p>Hors poussi\u00e8re: environ 4 heures \u00e0 20\u00b0C.<\/p>\n\n\n\n<p>Hors empreinte: min. 12 heures<\/p>\n\n\n\n<h2 class=\"wp-block-heading\"><strong>Avertissements<\/strong>:<\/h2>\n\n\n\n<p>En cas de supports farinants, pr\u00e9traiter totalement ou partiellement avec notre fixatif extra-fort KROMAFIX PLUS ou PLIOKROM K01.<\/p>\n\n\n\n<p>Les supports humides avec pr\u00e9sence d&rsquo;efflorescences doivent \u00eatre pr\u00e9alablement trait\u00e9s avec des syst\u00e8mes d\u00e9shumidifiants.<\/p>\n\n\n\n<p>\u00c9viter l&rsquo;application en cas de pluie imminente, de vent fort ou de soleil direct.<\/p>\n\n\n\n<p>Toutes retouches partielles, apr\u00e8s la premi\u00e8re couche, doivent imp\u00e9rativement \u00eatre reprises avec un primaire fixatif avant de proc\u00e9der aux finitions.&#013;\n&#013;\n<\/p>\n<\/div>\n<\/div>\n\n<blockquote class=\"wp-block-quote is-style-default has-small-font-size is-layout-flow wp-block-quote-is-layout-flow\">\n<p>R\u00e9glementation COV<\/p>\n\n\n\n<p>(DIR.2004\/42\/CE) Peintures pour murs ext\u00e9rieurs \u00e0 base min\u00e9rale. Valeur limite UE pour ce produit (BA &#8211; cat. c) : 40g\/l (2010). Teneur en COV &lt; 40g\/l.<\/p>\n<\/blockquote>\n\n<p style=\"font-size:10px\">Les informations contenues dans ce document sont indicatives et peuvent \u00eatre modifi\u00e9es \u00e0 tout moment sans pr\u00e9avis pour des raisons techniques et r\u00e9glementaires. Les donn\u00e9es qu&rsquo;il contient sont le fruit d&rsquo;une longue exp\u00e9rience sur les chantiers. L&rsquo;utilisateur doit tester et v\u00e9rifier l&rsquo;ad\u00e9quation des produits avant leur application par un \u00e9chantillonnage pr\u00e9liminaire. Kromax d\u00e9gage toute responsabilit\u00e9 pour une utilisation incorrecte du produit. Pour plus d&rsquo;informations, n&rsquo;h\u00e9sitez pas \u00e0 contacter notre service technique.<\/p>\n","protected":false},"excerpt":{"rendered":"<p>COVERFIX ACRILICO Description du produit: Primaire \u00e0 utiliser avant d&rsquo;appliquer notre \u00ab\u00a0Kromaputz acrylique\u00a0\u00bb fourni dans la m\u00eame couleur choisie pour la finition. Supports: Enduits de mortier parfaitement s\u00e9ch\u00e9s (au moins trente jours). Anciens enduits \u00e0 condition qu&rsquo;ils soient pr\u00e9alablement nettoy\u00e9s et d\u00e9poussi\u00e9r\u00e9s. Pierres carbonat\u00e9es, anciennes ou nouvelles. Application: D\u00e9poussi\u00e9rer autant que possible le support. Appliquer [&hellip;]<\/p>\n","protected":false},"author":1,"featured_media":0,"parent":0,"menu_order":0,"comment_status":"closed","ping_status":"closed","template":"","meta":{"ocean_post_layout":"","ocean_both_sidebars_style":"","ocean_both_sidebars_content_width":0,"ocean_both_sidebars_sidebars_width":0,"ocean_sidebar":"","ocean_second_sidebar":"","ocean_disable_margins":"enable","ocean_add_body_class":"","ocean_shortcode_before_top_bar":"","ocean_shortcode_after_top_bar":"","ocean_shortcode_before_header":"","ocean_shortcode_after_header":"","ocean_has_shortcode":"","ocean_shortcode_after_title":"","ocean_shortcode_before_footer_widgets":"","ocean_shortcode_after_footer_widgets":"","ocean_shortcode_before_footer_bottom":"","ocean_shortcode_after_footer_bottom":"","ocean_display_top_bar":"default","ocean_display_header":"default","ocean_header_style":"","ocean_center_header_left_menu":"","ocean_custom_header_template":"","ocean_custom_logo":0,"ocean_custom_retina_logo":0,"ocean_custom_logo_max_width":0,"ocean_custom_logo_tablet_max_width":0,"ocean_custom_logo_mobile_max_width":0,"ocean_custom_logo_max_height":0,"ocean_custom_logo_tablet_max_height":0,"ocean_custom_logo_mobile_max_height":0,"ocean_header_custom_menu":"","ocean_menu_typo_font_family":"","ocean_menu_typo_font_subset":"","ocean_menu_typo_font_size":0,"ocean_menu_typo_font_size_tablet":0,"ocean_menu_typo_font_size_mobile":0,"ocean_menu_typo_font_size_unit":"px","ocean_menu_typo_font_weight":"","ocean_menu_typo_font_weight_tablet":"","ocean_menu_typo_font_weight_mobile":"","ocean_menu_typo_transform":"","ocean_menu_typo_transform_tablet":"","ocean_menu_typo_transform_mobile":"","ocean_menu_typo_line_height":0,"ocean_menu_typo_line_height_tablet":0,"ocean_menu_typo_line_height_mobile":0,"ocean_menu_typo_line_height_unit":"","ocean_menu_typo_spacing":0,"ocean_menu_typo_spacing_tablet":0,"ocean_menu_typo_spacing_mobile":0,"ocean_menu_typo_spacing_unit":"","ocean_menu_link_color":"","ocean_menu_link_color_hover":"","ocean_menu_link_color_active":"","ocean_menu_link_background":"","ocean_menu_link_hover_background":"","ocean_menu_link_active_background":"","ocean_menu_social_links_bg":"","ocean_menu_social_hover_links_bg":"","ocean_menu_social_links_color":"","ocean_menu_social_hover_links_color":"","ocean_disable_title":"default","ocean_disable_heading":"default","ocean_post_title":"","ocean_post_subheading":"","ocean_post_title_style":"","ocean_post_title_background_color":"","ocean_post_title_background":0,"ocean_post_title_bg_image_position":"","ocean_post_title_bg_image_attachment":"","ocean_post_title_bg_image_repeat":"","ocean_post_title_bg_image_size":"","ocean_post_title_height":0,"ocean_post_title_bg_overlay":0.5,"ocean_post_title_bg_overlay_color":"","ocean_disable_breadcrumbs":"default","ocean_breadcrumbs_color":"","ocean_breadcrumbs_separator_color":"","ocean_breadcrumbs_links_color":"","ocean_breadcrumbs_links_hover_color":"","ocean_display_footer_widgets":"default","ocean_display_footer_bottom":"default","ocean_custom_footer_template":"","footnotes":""},"class_list":["post-6246","page","type-page","status-publish","hentry","entry","owp-thumbs-layout-horizontal","owp-btn-normal","owp-tabs-layout-horizontal","has-no-thumbnails","has-product-nav"],"yoast_head":"<!-- This site is optimized with the Yoast SEO plugin v27.4 - https:\/\/yoast.com\/product\/yoast-seo-wordpress\/ -->\n<title>Peinture sous-couche acrylique color\u00e9e - Kromax<\/title>\n<meta name=\"description\" content=\"Peinture sous-couche \u00e0 base d&#039;acrylique color\u00e9e \u00e0 utiliser avant d&#039;appliquer des produits \u00e9pais comme notre &quot;Kromaputz acrylique&quot;. Fournie dans la m\u00eame couleur choisie pour la finition.\" \/>\n<meta name=\"robots\" content=\"index, follow, max-snippet:-1, max-image-preview:large, max-video-preview:-1\" \/>\n<link rel=\"canonical\" href=\"https:\/\/www.kromax.it\/fr\/peinture-sous-couche-acrylique-coloree\/\" \/>\n<meta property=\"og:locale\" content=\"fr_FR\" \/>\n<meta property=\"og:type\" content=\"article\" \/>\n<meta property=\"og:title\" content=\"Peinture sous-couche acrylique color\u00e9e - Kromax\" \/>\n<meta property=\"og:description\" content=\"Peinture sous-couche \u00e0 base d&#039;acrylique color\u00e9e \u00e0 utiliser avant d&#039;appliquer des produits \u00e9pais comme notre &quot;Kromaputz acrylique&quot;. Fournie dans la m\u00eame couleur choisie pour la finition.\" \/>\n<meta property=\"og:url\" content=\"https:\/\/www.kromax.it\/fr\/peinture-sous-couche-acrylique-coloree\/\" \/>\n<meta property=\"og:site_name\" content=\"Kromax\" \/>\n<meta name=\"twitter:card\" content=\"summary_large_image\" \/>\n<script type=\"application\/ld+json\" class=\"yoast-schema-graph\">{\"@context\":\"https:\\\/\\\/schema.org\",\"@graph\":[{\"@type\":\"WebPage\",\"@id\":\"https:\\\/\\\/www.kromax.it\\\/fr\\\/peinture-sous-couche-acrylique-coloree\\\/\",\"url\":\"https:\\\/\\\/www.kromax.it\\\/fr\\\/peinture-sous-couche-acrylique-coloree\\\/\",\"name\":\"Peinture sous-couche acrylique color\u00e9e - Kromax\",\"isPartOf\":{\"@id\":\"https:\\\/\\\/www.kromax.it\\\/fr\\\/#website\"},\"datePublished\":\"2021-01-01T12:49:42+00:00\",\"description\":\"Peinture sous-couche \u00e0 base d'acrylique color\u00e9e \u00e0 utiliser avant d'appliquer des produits \u00e9pais comme notre \\\"Kromaputz acrylique\\\". Fournie dans la m\u00eame couleur choisie pour la finition.\",\"breadcrumb\":{\"@id\":\"https:\\\/\\\/www.kromax.it\\\/fr\\\/peinture-sous-couche-acrylique-coloree\\\/#breadcrumb\"},\"inLanguage\":\"fr-FR\",\"potentialAction\":[{\"@type\":\"ReadAction\",\"target\":[\"https:\\\/\\\/www.kromax.it\\\/fr\\\/peinture-sous-couche-acrylique-coloree\\\/\"]}]},{\"@type\":\"BreadcrumbList\",\"@id\":\"https:\\\/\\\/www.kromax.it\\\/fr\\\/peinture-sous-couche-acrylique-coloree\\\/#breadcrumb\",\"itemListElement\":[{\"@type\":\"ListItem\",\"position\":1,\"name\":\"Home\",\"item\":\"https:\\\/\\\/www.kromax.it\\\/fr\\\/\"},{\"@type\":\"ListItem\",\"position\":2,\"name\":\"Peinture sous-couche acrylique color\u00e9e\"}]},{\"@type\":\"WebSite\",\"@id\":\"https:\\\/\\\/www.kromax.it\\\/fr\\\/#website\",\"url\":\"https:\\\/\\\/www.kromax.it\\\/fr\\\/\",\"name\":\"Kromax\",\"description\":\"\",\"publisher\":{\"@id\":\"https:\\\/\\\/www.kromax.it\\\/fr\\\/#organization\"},\"potentialAction\":[{\"@type\":\"SearchAction\",\"target\":{\"@type\":\"EntryPoint\",\"urlTemplate\":\"https:\\\/\\\/www.kromax.it\\\/fr\\\/?s={search_term_string}\"},\"query-input\":{\"@type\":\"PropertyValueSpecification\",\"valueRequired\":true,\"valueName\":\"search_term_string\"}}],\"inLanguage\":\"fr-FR\"},{\"@type\":\"Organization\",\"@id\":\"https:\\\/\\\/www.kromax.it\\\/fr\\\/#organization\",\"name\":\"Kromax\",\"url\":\"https:\\\/\\\/www.kromax.it\\\/fr\\\/\",\"logo\":{\"@type\":\"ImageObject\",\"inLanguage\":\"fr-FR\",\"@id\":\"https:\\\/\\\/www.kromax.it\\\/fr\\\/#\\\/schema\\\/logo\\\/image\\\/\",\"url\":\"https:\\\/\\\/www.kromax.it\\\/fr\\\/wp-content\\\/uploads\\\/sites\\\/2\\\/2023\\\/08\\\/cropped-Logo-Kromax-completo-2021.png\",\"contentUrl\":\"https:\\\/\\\/www.kromax.it\\\/fr\\\/wp-content\\\/uploads\\\/sites\\\/2\\\/2023\\\/08\\\/cropped-Logo-Kromax-completo-2021.png\",\"width\":900,\"height\":190,\"caption\":\"Kromax\"},\"image\":{\"@id\":\"https:\\\/\\\/www.kromax.it\\\/fr\\\/#\\\/schema\\\/logo\\\/image\\\/\"}}]}<\/script>\n<!-- \/ Yoast SEO plugin. -->","yoast_head_json":{"title":"Peinture sous-couche acrylique color\u00e9e - Kromax","description":"Peinture sous-couche \u00e0 base d'acrylique color\u00e9e \u00e0 utiliser avant d'appliquer des produits \u00e9pais comme notre \"Kromaputz acrylique\". Fournie dans la m\u00eame couleur choisie pour la finition.","robots":{"index":"index","follow":"follow","max-snippet":"max-snippet:-1","max-image-preview":"max-image-preview:large","max-video-preview":"max-video-preview:-1"},"canonical":"https:\/\/www.kromax.it\/fr\/peinture-sous-couche-acrylique-coloree\/","og_locale":"fr_FR","og_type":"article","og_title":"Peinture sous-couche acrylique color\u00e9e - Kromax","og_description":"Peinture sous-couche \u00e0 base d'acrylique color\u00e9e \u00e0 utiliser avant d'appliquer des produits \u00e9pais comme notre \"Kromaputz acrylique\". Fournie dans la m\u00eame couleur choisie pour la finition.","og_url":"https:\/\/www.kromax.it\/fr\/peinture-sous-couche-acrylique-coloree\/","og_site_name":"Kromax","twitter_card":"summary_large_image","schema":{"@context":"https:\/\/schema.org","@graph":[{"@type":"WebPage","@id":"https:\/\/www.kromax.it\/fr\/peinture-sous-couche-acrylique-coloree\/","url":"https:\/\/www.kromax.it\/fr\/peinture-sous-couche-acrylique-coloree\/","name":"Peinture sous-couche acrylique color\u00e9e - Kromax","isPartOf":{"@id":"https:\/\/www.kromax.it\/fr\/#website"},"datePublished":"2021-01-01T12:49:42+00:00","description":"Peinture sous-couche \u00e0 base d'acrylique color\u00e9e \u00e0 utiliser avant d'appliquer des produits \u00e9pais comme notre \"Kromaputz acrylique\". Fournie dans la m\u00eame couleur choisie pour la finition.","breadcrumb":{"@id":"https:\/\/www.kromax.it\/fr\/peinture-sous-couche-acrylique-coloree\/#breadcrumb"},"inLanguage":"fr-FR","potentialAction":[{"@type":"ReadAction","target":["https:\/\/www.kromax.it\/fr\/peinture-sous-couche-acrylique-coloree\/"]}]},{"@type":"BreadcrumbList","@id":"https:\/\/www.kromax.it\/fr\/peinture-sous-couche-acrylique-coloree\/#breadcrumb","itemListElement":[{"@type":"ListItem","position":1,"name":"Home","item":"https:\/\/www.kromax.it\/fr\/"},{"@type":"ListItem","position":2,"name":"Peinture sous-couche acrylique color\u00e9e"}]},{"@type":"WebSite","@id":"https:\/\/www.kromax.it\/fr\/#website","url":"https:\/\/www.kromax.it\/fr\/","name":"Kromax","description":"","publisher":{"@id":"https:\/\/www.kromax.it\/fr\/#organization"},"potentialAction":[{"@type":"SearchAction","target":{"@type":"EntryPoint","urlTemplate":"https:\/\/www.kromax.it\/fr\/?s={search_term_string}"},"query-input":{"@type":"PropertyValueSpecification","valueRequired":true,"valueName":"search_term_string"}}],"inLanguage":"fr-FR"},{"@type":"Organization","@id":"https:\/\/www.kromax.it\/fr\/#organization","name":"Kromax","url":"https:\/\/www.kromax.it\/fr\/","logo":{"@type":"ImageObject","inLanguage":"fr-FR","@id":"https:\/\/www.kromax.it\/fr\/#\/schema\/logo\/image\/","url":"https:\/\/www.kromax.it\/fr\/wp-content\/uploads\/sites\/2\/2023\/08\/cropped-Logo-Kromax-completo-2021.png","contentUrl":"https:\/\/www.kromax.it\/fr\/wp-content\/uploads\/sites\/2\/2023\/08\/cropped-Logo-Kromax-completo-2021.png","width":900,"height":190,"caption":"Kromax"},"image":{"@id":"https:\/\/www.kromax.it\/fr\/#\/schema\/logo\/image\/"}}]}},"_links":{"self":[{"href":"https:\/\/www.kromax.it\/fr\/wp-json\/wp\/v2\/pages\/6246","targetHints":{"allow":["GET"]}}],"collection":[{"href":"https:\/\/www.kromax.it\/fr\/wp-json\/wp\/v2\/pages"}],"about":[{"href":"https:\/\/www.kromax.it\/fr\/wp-json\/wp\/v2\/types\/page"}],"author":[{"embeddable":true,"href":"https:\/\/www.kromax.it\/fr\/wp-json\/wp\/v2\/users\/1"}],"replies":[{"embeddable":true,"href":"https:\/\/www.kromax.it\/fr\/wp-json\/wp\/v2\/comments?post=6246"}],"version-history":[{"count":0,"href":"https:\/\/www.kromax.it\/fr\/wp-json\/wp\/v2\/pages\/6246\/revisions"}],"wp:attachment":[{"href":"https:\/\/www.kromax.it\/fr\/wp-json\/wp\/v2\/media?parent=6246"}],"curies":[{"name":"wp","href":"https:\/\/api.w.org\/{rel}","templated":true}]}}