{"id":6388,"date":"2021-01-02T13:15:37","date_gmt":"2021-01-02T12:15:37","guid":{"rendered":"https:\/\/www.kromax.it\/fixateur-isolant-aux-silicates-de-potassium\/"},"modified":"2021-01-02T13:15:37","modified_gmt":"2021-01-02T12:15:37","slug":"fixateur-isolant-aux-silicates-de-potassium","status":"publish","type":"page","link":"https:\/\/www.kromax.it\/fr\/fixateur-isolant-aux-silicates-de-potassium\/","title":{"rendered":"Fixateur-isolant aux silicates de potassium"},"content":{"rendered":"\n<div class=\"wp-block-columns is-layout-flex wp-container-core-columns-is-layout-9d6595d7 wp-block-columns-is-layout-flex\">\n<div class=\"wp-block-column is-layout-flow wp-block-column-is-layout-flow\">\n<h3 class=\"has-luminous-vivid-orange-color has-text-color wp-block-heading\">KROMAFIX SILICATI<\/h3>\n<\/div>\n\n\n\n<div class=\"wp-block-column is-layout-flow wp-block-column-is-layout-flow\">\n<div id=\"print\"> <button class=\"print\"><\/button><\/div>\n<\/div>\n<\/div>\n\n<div class=\"wp-block-columns is-layout-flex wp-container-core-columns-is-layout-9d6595d7 wp-block-columns-is-layout-flex\">\n<div class=\"wp-block-column is-layout-flow wp-block-column-is-layout-flow\">\n<h2 class=\"wp-block-heading\"><h2>Description du produit:<\/h2><\/h2>\n\n\n\n<p>Isolant fixateur aux silicates de potassium pour surfaces int\u00e9rieures et ext\u00e9rieures \u00e0 rev\u00eatir avec des peintures et des enduits \u00e0 base de silicates.<\/p>\n\n\n\n<p>\u00a0<\/p>\n\n\n\n<h2 class=\"wp-block-heading\"><strong>Supports<\/strong><strong>:<\/strong><\/h2>\n\n\n\n<p>Enduits de mortier, de chaux ou de mortier b\u00e2tard parfaitement m\u00fbris (au moins trente jours).<\/p>\n\n\n\n<p>Enduits pr\u00e9-m\u00e9lang\u00e9s;<\/p>\n\n\n\n<p>Anciens enduits \u00e0 la chaux, \u00e0 condition qu&rsquo;ils soient pr\u00e9alablement nettoy\u00e9s et d\u00e9poussi\u00e9r\u00e9s.<\/p>\n\n\n\n<p>Pierres carbonat\u00e9es, anciennes ou nouvelles.<\/p>\n\n\n\n<p>Enduits d\u00e9j\u00e0 peints.<\/p>\n\n\n\n<h2 class=\"wp-block-heading\"><strong>Important:<\/strong><\/h2>\n\n\n\n<p>Appliquer uniquement sur des supports min\u00e9raux, c&rsquo;est-\u00e0-dire enlever tout type de peinture plastique au quartz existante.<\/p>\n\n\n\n<p>Ne pas appliquer sur des enduits et des finitions \u00e0 base de pl\u00e2tre.<\/p>\n\n\n\n<h2 class=\"wp-block-heading\">Cycle d&rsquo;application:<\/h2>\n\n\n\n<p>D\u00e9poussi\u00e9rer autant que possible le support.<\/p>\n\n\n\n<p>Appliquer au pinceau une ou plusieurs couches de \u00ab Kromafix silicato \u00bb m\u00e9lang\u00e9 1:1 avec de l\u2019eau.<\/p>\n\n\n\n<h3 class=\"wp-block-heading\"><h3 style=\"background: white;vertical-align: baseline;margin: 0cm 0cm 3.75pt 0cm\"><span style=\"font-family: 'inherit',serif;color: #2271b1\">Conditions d\u2019application:<\/span><\/h3><\/h3>\n\n\n\n<p>Humidit\u00e9 relative ne d\u00e9passant pas 75%.<\/p>\n\n\n\n<h3 class=\"wp-block-heading\"><h3 style=\"background: white;vertical-align: baseline;margin: 0cm 0cm 3.75pt 0cm\"><span style=\"font-family: 'inherit',serif;color: #2271b1\">Temp\u00e9rature d\u2019application:<\/span><\/h3><\/h3>\n\n\n\n<p>+8\u00b0C\u00a0\u00a0\/\u00a0+35\u00b0C. <\/p>\n\n\n\n<h3 class=\"wp-block-heading\"><h3 style=\"background: white;vertical-align: baseline;margin: 0cm 0cm 3.75pt 0cm\"><span style=\"font-family: 'inherit',serif;color: #2271b1\">Temp\u00e9rature du support:<\/span><\/h3><\/h3>\n\n\n\n<p>+5\u00b0C\u00a0\/+40\u00b0C. <\/p>\n\n\n\n<h3 class=\"wp-block-heading\"><h3 style=\"background: white;vertical-align: baseline;margin: 0cm 0cm 3.75pt 0cm\"><span style=\"font-family: 'inherit',serif;color: #2271b1\">Recouvrement:<\/span><\/h3><\/h3>\n\n\n\n<p>Min. 12 heures \u2013 Max 7 jours.\u00a0<strong>S\u00e9chage:<\/strong><\/p>\n\n\n\n<p><p style=\"background: white;vertical-align: baseline;margin: 0cm 0cm 15.0pt 0cm\"><span style=\"font-family: 'inherit',serif;color: #4a4a4a\">Hors poussi\u00e8re: 3-4 heures \u00e0 20\u00b0C.<\/span><\/p><\/p>\n\n\n\n<p><p style=\"background: white;vertical-align: baseline;margin: 0cm 0cm 15.0pt 0cm\"><span style=\"font-family: 'inherit',serif;color: #4a4a4a\">Hors empreinte: 6-8 heures environ \u00e0 20\u00b0C.<\/span><\/p><\/p>\n\n\n\n<p><p style=\"background: white;vertical-align: baseline;margin: 0cm 0cm 15.0pt 0cm\"><span style=\"font-family: 'inherit',serif;color: #4a4a4a\">Durcissement en profondeur: 24-36 heures \u00e0 20\u00b0C.<\/span><\/p><\/p>\n\n\n\n<h3 class=\"wp-block-heading\">Outils:<\/h3>\n\n\n\n<p>Pinceau.<\/p>\n\n\n\n<p> <\/p>\n<\/div>\n\n\n\n<div class=\"wp-block-column is-layout-flow wp-block-column-is-layout-flow\">\n<h2 class=\"wp-block-heading\"><h2>Rendement indicatif:<\/h2><\/h2>\n\n\n\n<p>12\u00a0\u00ad-\u00a014\u00a0mq\/\u00a0Lt.<\/p>\n\n\n\n<h3 class=\"wp-block-heading\"><strong>Viscosit\u00e9:<\/strong><\/h3>\n\n\n\n<p>50\u201d\u00a0\u00ad\u00a060\u201d\u00a0F=\u00a04\u00a0\u00e0\u00a020\u00b0C. <\/p>\n\n\n\n<h3 class=\"wp-block-heading\"><h3 style=\"background: white;vertical-align: baseline;margin: 0cm 0cm 3.75pt 0cm\"><span style=\"font-family: 'inherit',serif;color: #2271b1\">Poids sp\u00e9cifique:<\/span><\/h3><\/h3>\n\n\n\n<p>1,090\u00a0\u00b1\u00a00,030\u00a0gr.\/cc.\u00a0\u00e0\u00a020\u00b0C.<\/p>\n\n\n\n<h3 class=\"wp-block-heading\"><h3 style=\"background: white;vertical-align: baseline;margin: 0cm 0cm 3.75pt 0cm\"><span style=\"font-family: 'inherit',serif;color: #2271b1\">R\u00e9sidu sec:<\/span><\/h3><\/h3>\n\n\n\n<p>35% environ 3 heures \u00e0 120\u00b0C.<\/p>\n\n\n\n<h3 class=\"wp-block-heading\"><h3 style=\"background: white;vertical-align: baseline;margin: 0cm 0cm 3.75pt 0cm\"><span style=\"font-family: 'inherit',serif;color: #2271b1\">Conditionnement:<\/span><\/h3><\/h3>\n\n\n\n<p>14 L.<\/p>\n\n\n\n<h2 class=\"wp-block-heading\">Dilution:<\/h2>\n\n\n\n<p>10-50% avec de l\u2019eau.<\/p>\n\n\n\n<h3 class=\"wp-block-heading\"><h3 style=\"background: white;vertical-align: baseline;margin: 0cm 0cm 3.75pt 0cm\"><span style=\"font-family: 'inherit',serif;color: #2271b1\">Aspect du produit:<\/span><\/h3><\/h3>\n\n\n\n<p>Laiteux.<\/p>\n\n\n\n<h3 class=\"wp-block-heading\">Couleurs:<\/h3>\n\n\n\n<p>Transparent.<\/p>\n\n\n\n<h3 class=\"wp-block-heading\">Stockage:<\/h3>\n\n\n\n<p>\u00c0 conserver 6 mois dans un endroit frais, sec, \u00e0 l\u2019abri du gel. <\/p>\n\n\n\n<h3 class=\"wp-block-heading\">Type de liant:<\/h3>\n\n\n\n<p>Silicate de potassium.<\/p>\n\n\n\n<h3 class=\"wp-block-heading\">pH:<\/h3>\n\n\n\n<p>12 <\/p>\n\n\n\n<h2 class=\"wp-block-heading\">Avertissements:<\/h2>\n\n\n\n<p>Apr\u00e8s l\u2019application du \u00abKromafix silicati\u00bb, v\u00e9rifier que le support n\u2019est pas encore friable, sinon appliquer une autre couche de \u00abKromafix silicati\u00bb.<\/p>\n\n\n\n<p>Masquer et prot\u00e9ger: verre, c\u00e9ramiques, pierres naturelles, cadres de fen\u00eatres en m\u00e9tal et en aluminium car les \u00e9claboussures de peinture r\u00e9agissent instantan\u00e9ment laissant des taches ind\u00e9l\u00e9biles.<\/p>\n\n\n\n<p>Utiliser des gants et des lunettes pendant l\u2019application, car il s\u2019agit d\u2019un produit alcalin et irritant pour la peau et les yeux.<\/p>\n<\/div>\n<\/div>\n\n<blockquote class=\"wp-block-quote is-style-default has-small-font-size is-layout-flow wp-block-quote-is-layout-flow\">\n<p><p style=\"background: white;vertical-align: baseline;margin: 0cm 0cm 15.0pt 0cm\"><i><span style=\"font-size: 10.0pt;font-family: 'inherit',serif;color: #4a4a4a\">R\u00e9glementation COV<\/span><\/i><\/p><\/p>\n\n\n\n<p><em>(DIR.2004\/42\/CE) Primer fixatifs Valeur limite UE pour ce produit (BA \u2013 cat. h) : 30g\/l (2010) Teneur en COV&lt;30g\/l.<\/em><\/p>\n<\/blockquote>\n\n<p style=\"font-size:10px\">Les informations contenues dans ce document sont indicatives et peuvent \u00eatre modifi\u00e9es \u00e0 tout moment sans pr\u00e9avis pour des raisons techniques et r\u00e9glementaires. Les donn\u00e9es qu\u2019il contient sont le fruit d\u2019une longue exp\u00e9rience sur les chantiers. L\u2019utilisateur doit tester et v\u00e9rifier l\u2019ad\u00e9quation des produits avant leur application par un \u00e9chantillonnage pr\u00e9liminaire. Kromax d\u00e9gage toute responsabilit\u00e9 pour une utilisation incorrecte du produit. Pour plus d\u2019informations, n\u2019h\u00e9sitez pas \u00e0 contacter notre service technique.<\/p>\n","protected":false},"excerpt":{"rendered":"<p>KROMAFIX SILICATI Description du produit: Isolant fixateur aux silicates de potassium pour surfaces int\u00e9rieures et ext\u00e9rieures \u00e0 rev\u00eatir avec des peintures et des enduits \u00e0 base de silicates. \u00a0 Supports: Enduits de mortier, de chaux ou de mortier b\u00e2tard parfaitement m\u00fbris (au moins trente jours). Enduits pr\u00e9-m\u00e9lang\u00e9s; Anciens enduits \u00e0 la chaux, \u00e0 condition qu&rsquo;ils [&hellip;]<\/p>\n","protected":false},"author":1,"featured_media":0,"parent":0,"menu_order":0,"comment_status":"closed","ping_status":"closed","template":"","meta":{"ocean_post_layout":"","ocean_both_sidebars_style":"","ocean_both_sidebars_content_width":0,"ocean_both_sidebars_sidebars_width":0,"ocean_sidebar":"","ocean_second_sidebar":"","ocean_disable_margins":"enable","ocean_add_body_class":"","ocean_shortcode_before_top_bar":"","ocean_shortcode_after_top_bar":"","ocean_shortcode_before_header":"","ocean_shortcode_after_header":"","ocean_has_shortcode":"","ocean_shortcode_after_title":"","ocean_shortcode_before_footer_widgets":"","ocean_shortcode_after_footer_widgets":"","ocean_shortcode_before_footer_bottom":"","ocean_shortcode_after_footer_bottom":"","ocean_display_top_bar":"default","ocean_display_header":"default","ocean_header_style":"","ocean_center_header_left_menu":"","ocean_custom_header_template":"","ocean_custom_logo":0,"ocean_custom_retina_logo":0,"ocean_custom_logo_max_width":0,"ocean_custom_logo_tablet_max_width":0,"ocean_custom_logo_mobile_max_width":0,"ocean_custom_logo_max_height":0,"ocean_custom_logo_tablet_max_height":0,"ocean_custom_logo_mobile_max_height":0,"ocean_header_custom_menu":"","ocean_menu_typo_font_family":"","ocean_menu_typo_font_subset":"","ocean_menu_typo_font_size":0,"ocean_menu_typo_font_size_tablet":0,"ocean_menu_typo_font_size_mobile":0,"ocean_menu_typo_font_size_unit":"px","ocean_menu_typo_font_weight":"","ocean_menu_typo_font_weight_tablet":"","ocean_menu_typo_font_weight_mobile":"","ocean_menu_typo_transform":"","ocean_menu_typo_transform_tablet":"","ocean_menu_typo_transform_mobile":"","ocean_menu_typo_line_height":0,"ocean_menu_typo_line_height_tablet":0,"ocean_menu_typo_line_height_mobile":0,"ocean_menu_typo_line_height_unit":"","ocean_menu_typo_spacing":0,"ocean_menu_typo_spacing_tablet":0,"ocean_menu_typo_spacing_mobile":0,"ocean_menu_typo_spacing_unit":"","ocean_menu_link_color":"","ocean_menu_link_color_hover":"","ocean_menu_link_color_active":"","ocean_menu_link_background":"","ocean_menu_link_hover_background":"","ocean_menu_link_active_background":"","ocean_menu_social_links_bg":"","ocean_menu_social_hover_links_bg":"","ocean_menu_social_links_color":"","ocean_menu_social_hover_links_color":"","ocean_disable_title":"default","ocean_disable_heading":"default","ocean_post_title":"","ocean_post_subheading":"","ocean_post_title_style":"","ocean_post_title_background_color":"","ocean_post_title_background":0,"ocean_post_title_bg_image_position":"","ocean_post_title_bg_image_attachment":"","ocean_post_title_bg_image_repeat":"","ocean_post_title_bg_image_size":"","ocean_post_title_height":0,"ocean_post_title_bg_overlay":0.5,"ocean_post_title_bg_overlay_color":"","ocean_disable_breadcrumbs":"default","ocean_breadcrumbs_color":"","ocean_breadcrumbs_separator_color":"","ocean_breadcrumbs_links_color":"","ocean_breadcrumbs_links_hover_color":"","ocean_display_footer_widgets":"default","ocean_display_footer_bottom":"default","ocean_custom_footer_template":"","footnotes":""},"class_list":["post-6388","page","type-page","status-publish","hentry","entry","owp-thumbs-layout-horizontal","owp-btn-normal","owp-tabs-layout-horizontal","has-no-thumbnails","has-product-nav"],"yoast_head":"<!-- This site is optimized with the Yoast SEO plugin v27.4 - https:\/\/yoast.com\/product\/yoast-seo-wordpress\/ -->\n<title>Fixateur-isolant aux silicates de potassium - Kromax<\/title>\n<meta name=\"description\" content=\"Isolant fixateur aux silicates de potassium pour surfaces int\u00e9rieures et ext\u00e9rieures \u00e0 rev\u00eatir avec des produits \u00e0 base de silicates.\" \/>\n<meta name=\"robots\" content=\"index, follow, max-snippet:-1, max-image-preview:large, max-video-preview:-1\" \/>\n<link rel=\"canonical\" href=\"https:\/\/www.kromax.it\/fr\/fixateur-isolant-aux-silicates-de-potassium\/\" \/>\n<meta property=\"og:locale\" content=\"fr_FR\" \/>\n<meta property=\"og:type\" content=\"article\" \/>\n<meta property=\"og:title\" content=\"Fixateur-isolant aux silicates de potassium - Kromax\" \/>\n<meta property=\"og:description\" content=\"Isolant fixateur aux silicates de potassium pour surfaces int\u00e9rieures et ext\u00e9rieures \u00e0 rev\u00eatir avec des produits \u00e0 base de silicates.\" \/>\n<meta property=\"og:url\" content=\"https:\/\/www.kromax.it\/fr\/fixateur-isolant-aux-silicates-de-potassium\/\" \/>\n<meta property=\"og:site_name\" content=\"Kromax\" \/>\n<meta name=\"twitter:card\" content=\"summary_large_image\" \/>\n<script type=\"application\/ld+json\" class=\"yoast-schema-graph\">{\"@context\":\"https:\\\/\\\/schema.org\",\"@graph\":[{\"@type\":\"WebPage\",\"@id\":\"https:\\\/\\\/www.kromax.it\\\/fr\\\/fixateur-isolant-aux-silicates-de-potassium\\\/\",\"url\":\"https:\\\/\\\/www.kromax.it\\\/fr\\\/fixateur-isolant-aux-silicates-de-potassium\\\/\",\"name\":\"Fixateur-isolant aux silicates de potassium - Kromax\",\"isPartOf\":{\"@id\":\"https:\\\/\\\/www.kromax.it\\\/fr\\\/#website\"},\"datePublished\":\"2021-01-02T12:15:37+00:00\",\"description\":\"Isolant fixateur aux silicates de potassium pour surfaces int\u00e9rieures et ext\u00e9rieures \u00e0 rev\u00eatir avec des produits \u00e0 base de silicates.\",\"breadcrumb\":{\"@id\":\"https:\\\/\\\/www.kromax.it\\\/fr\\\/fixateur-isolant-aux-silicates-de-potassium\\\/#breadcrumb\"},\"inLanguage\":\"fr-FR\",\"potentialAction\":[{\"@type\":\"ReadAction\",\"target\":[\"https:\\\/\\\/www.kromax.it\\\/fr\\\/fixateur-isolant-aux-silicates-de-potassium\\\/\"]}]},{\"@type\":\"BreadcrumbList\",\"@id\":\"https:\\\/\\\/www.kromax.it\\\/fr\\\/fixateur-isolant-aux-silicates-de-potassium\\\/#breadcrumb\",\"itemListElement\":[{\"@type\":\"ListItem\",\"position\":1,\"name\":\"Home\",\"item\":\"https:\\\/\\\/www.kromax.it\\\/fr\\\/\"},{\"@type\":\"ListItem\",\"position\":2,\"name\":\"Fixateur-isolant aux silicates de potassium\"}]},{\"@type\":\"WebSite\",\"@id\":\"https:\\\/\\\/www.kromax.it\\\/fr\\\/#website\",\"url\":\"https:\\\/\\\/www.kromax.it\\\/fr\\\/\",\"name\":\"Kromax\",\"description\":\"\",\"publisher\":{\"@id\":\"https:\\\/\\\/www.kromax.it\\\/fr\\\/#organization\"},\"potentialAction\":[{\"@type\":\"SearchAction\",\"target\":{\"@type\":\"EntryPoint\",\"urlTemplate\":\"https:\\\/\\\/www.kromax.it\\\/fr\\\/?s={search_term_string}\"},\"query-input\":{\"@type\":\"PropertyValueSpecification\",\"valueRequired\":true,\"valueName\":\"search_term_string\"}}],\"inLanguage\":\"fr-FR\"},{\"@type\":\"Organization\",\"@id\":\"https:\\\/\\\/www.kromax.it\\\/fr\\\/#organization\",\"name\":\"Kromax\",\"url\":\"https:\\\/\\\/www.kromax.it\\\/fr\\\/\",\"logo\":{\"@type\":\"ImageObject\",\"inLanguage\":\"fr-FR\",\"@id\":\"https:\\\/\\\/www.kromax.it\\\/fr\\\/#\\\/schema\\\/logo\\\/image\\\/\",\"url\":\"https:\\\/\\\/www.kromax.it\\\/fr\\\/wp-content\\\/uploads\\\/sites\\\/2\\\/2023\\\/08\\\/cropped-Logo-Kromax-completo-2021.png\",\"contentUrl\":\"https:\\\/\\\/www.kromax.it\\\/fr\\\/wp-content\\\/uploads\\\/sites\\\/2\\\/2023\\\/08\\\/cropped-Logo-Kromax-completo-2021.png\",\"width\":900,\"height\":190,\"caption\":\"Kromax\"},\"image\":{\"@id\":\"https:\\\/\\\/www.kromax.it\\\/fr\\\/#\\\/schema\\\/logo\\\/image\\\/\"}}]}<\/script>\n<!-- \/ Yoast SEO plugin. -->","yoast_head_json":{"title":"Fixateur-isolant aux silicates de potassium - Kromax","description":"Isolant fixateur aux silicates de potassium pour surfaces int\u00e9rieures et ext\u00e9rieures \u00e0 rev\u00eatir avec des produits \u00e0 base de silicates.","robots":{"index":"index","follow":"follow","max-snippet":"max-snippet:-1","max-image-preview":"max-image-preview:large","max-video-preview":"max-video-preview:-1"},"canonical":"https:\/\/www.kromax.it\/fr\/fixateur-isolant-aux-silicates-de-potassium\/","og_locale":"fr_FR","og_type":"article","og_title":"Fixateur-isolant aux silicates de potassium - Kromax","og_description":"Isolant fixateur aux silicates de potassium pour surfaces int\u00e9rieures et ext\u00e9rieures \u00e0 rev\u00eatir avec des produits \u00e0 base de silicates.","og_url":"https:\/\/www.kromax.it\/fr\/fixateur-isolant-aux-silicates-de-potassium\/","og_site_name":"Kromax","twitter_card":"summary_large_image","schema":{"@context":"https:\/\/schema.org","@graph":[{"@type":"WebPage","@id":"https:\/\/www.kromax.it\/fr\/fixateur-isolant-aux-silicates-de-potassium\/","url":"https:\/\/www.kromax.it\/fr\/fixateur-isolant-aux-silicates-de-potassium\/","name":"Fixateur-isolant aux silicates de potassium - Kromax","isPartOf":{"@id":"https:\/\/www.kromax.it\/fr\/#website"},"datePublished":"2021-01-02T12:15:37+00:00","description":"Isolant fixateur aux silicates de potassium pour surfaces int\u00e9rieures et ext\u00e9rieures \u00e0 rev\u00eatir avec des produits \u00e0 base de silicates.","breadcrumb":{"@id":"https:\/\/www.kromax.it\/fr\/fixateur-isolant-aux-silicates-de-potassium\/#breadcrumb"},"inLanguage":"fr-FR","potentialAction":[{"@type":"ReadAction","target":["https:\/\/www.kromax.it\/fr\/fixateur-isolant-aux-silicates-de-potassium\/"]}]},{"@type":"BreadcrumbList","@id":"https:\/\/www.kromax.it\/fr\/fixateur-isolant-aux-silicates-de-potassium\/#breadcrumb","itemListElement":[{"@type":"ListItem","position":1,"name":"Home","item":"https:\/\/www.kromax.it\/fr\/"},{"@type":"ListItem","position":2,"name":"Fixateur-isolant aux silicates de potassium"}]},{"@type":"WebSite","@id":"https:\/\/www.kromax.it\/fr\/#website","url":"https:\/\/www.kromax.it\/fr\/","name":"Kromax","description":"","publisher":{"@id":"https:\/\/www.kromax.it\/fr\/#organization"},"potentialAction":[{"@type":"SearchAction","target":{"@type":"EntryPoint","urlTemplate":"https:\/\/www.kromax.it\/fr\/?s={search_term_string}"},"query-input":{"@type":"PropertyValueSpecification","valueRequired":true,"valueName":"search_term_string"}}],"inLanguage":"fr-FR"},{"@type":"Organization","@id":"https:\/\/www.kromax.it\/fr\/#organization","name":"Kromax","url":"https:\/\/www.kromax.it\/fr\/","logo":{"@type":"ImageObject","inLanguage":"fr-FR","@id":"https:\/\/www.kromax.it\/fr\/#\/schema\/logo\/image\/","url":"https:\/\/www.kromax.it\/fr\/wp-content\/uploads\/sites\/2\/2023\/08\/cropped-Logo-Kromax-completo-2021.png","contentUrl":"https:\/\/www.kromax.it\/fr\/wp-content\/uploads\/sites\/2\/2023\/08\/cropped-Logo-Kromax-completo-2021.png","width":900,"height":190,"caption":"Kromax"},"image":{"@id":"https:\/\/www.kromax.it\/fr\/#\/schema\/logo\/image\/"}}]}},"_links":{"self":[{"href":"https:\/\/www.kromax.it\/fr\/wp-json\/wp\/v2\/pages\/6388","targetHints":{"allow":["GET"]}}],"collection":[{"href":"https:\/\/www.kromax.it\/fr\/wp-json\/wp\/v2\/pages"}],"about":[{"href":"https:\/\/www.kromax.it\/fr\/wp-json\/wp\/v2\/types\/page"}],"author":[{"embeddable":true,"href":"https:\/\/www.kromax.it\/fr\/wp-json\/wp\/v2\/users\/1"}],"replies":[{"embeddable":true,"href":"https:\/\/www.kromax.it\/fr\/wp-json\/wp\/v2\/comments?post=6388"}],"version-history":[{"count":0,"href":"https:\/\/www.kromax.it\/fr\/wp-json\/wp\/v2\/pages\/6388\/revisions"}],"wp:attachment":[{"href":"https:\/\/www.kromax.it\/fr\/wp-json\/wp\/v2\/media?parent=6388"}],"curies":[{"name":"wp","href":"https:\/\/api.w.org\/{rel}","templated":true}]}}