{"id":6404,"date":"2021-04-06T12:30:10","date_gmt":"2021-04-06T10:30:10","guid":{"rendered":"https:\/\/www.kromax.it\/chape-prete-a-faible-epaisseur\/"},"modified":"2021-04-06T12:30:10","modified_gmt":"2021-04-06T10:30:10","slug":"chape-prete-a-faible-epaisseur","status":"publish","type":"page","link":"https:\/\/www.kromax.it\/fr\/chape-prete-a-faible-epaisseur\/","title":{"rendered":"Chape pr\u00eate \u00e0 faible \u00e9paisseur"},"content":{"rendered":"\n<div id=\"ce\">\n<!--?xml version=\"1.0\" encoding=\"UTF-8\" standalone=\"no\"?-->\n\n\n    \n        \n    \n    \n        \n    \n\n<\/div>\n\n<div class=\"wp-block-columns is-layout-flex wp-container-core-columns-is-layout-9d6595d7 wp-block-columns-is-layout-flex\">\n<div class=\"wp-block-column is-layout-flow wp-block-column-is-layout-flow\">\n<h3 class=\"has-luminous-vivid-orange-color has-text-color wp-block-heading\">MCK<\/h3>\n<\/div>\n\n\n\n<div class=\"wp-block-column is-layout-flow wp-block-column-is-layout-flow\">\n<div id=\"print\"> <button class=\"print\"><\/button><\/div>\n<\/div>\n<\/div>\n\n<div class=\"wp-block-columns is-layout-flex wp-container-core-columns-is-layout-9d6595d7 wp-block-columns-is-layout-flex\">\n<div class=\"wp-block-column is-layout-flow wp-block-column-is-layout-flow\">\n<h3 class=\"wp-block-heading\">Description du produit:<\/h3>\n\n\n\n<p>MCK est une chape pr\u00eate \u00e0 faible \u00e9paisseur compos\u00e9e de ciments haute r\u00e9sistance, de charges min\u00e9rales de granulom\u00e9tries s\u00e9lectionn\u00e9es et d&rsquo;additifs sp\u00e9ciaux. Utilisable pour r\u00e9aliser des \u00e9paisseurs r\u00e9duites (chapes adh\u00e9rentes) ou pour remplir des espaces techniques n\u00e9cessaires pour int\u00e9grer des installations au sol et pour mettre \u00e0 niveau les surfaces de marche.<\/p>\n\n\n\n<h2 class=\"wp-block-heading\">Emploi:<\/h2>\n\n\n\n<p>MCK est utilis\u00e9 pour la r\u00e9alisation de chapes adh\u00e9rentes, sur de nouvelles et anciennes dalles, \u00e0 l&rsquo;int\u00e9rieur et \u00e0 l&rsquo;ext\u00e9rieur, dans des environnements civils ou industriels, pour la pose de carreaux, parquets, mat\u00e9riaux r\u00e9silients et pierres naturelles.<\/p>\n\n\n\n<p>MCK est id\u00e9al pour r\u00e9aliser des chapes chauffantes, o\u00f9 l&rsquo;installation du plancher chauffant est requise.<\/p>\n\n\n\n<h2 class=\"wp-block-heading\">Pr\u00e9paration du support:<\/h2>\n\n\n\n<p>Les supports doivent \u00eatre secs, propres et solides, exempts de poussi\u00e8res, d&rsquo;huiles, de traces de pl\u00e2tre, non sujets \u00e0 des remont\u00e9es d&rsquo;humidit\u00e9 et tout ce qui pourrait limiter l&rsquo;adh\u00e9rence.<\/p>\n\n\n\n<h3 class=\"wp-block-heading\">Pr\u00e9paration du m\u00e9lange:<\/h3>\n\n\n\n<p>M\u00e9langer la poudre avec 7-8% d&rsquo;eau propre  &#8211; correspondant \u00e0 1,7-2 litres d&rsquo;eau pour 25 kg de produit environ- pendant 2-3 minutes au moins. &#013;\nLe m\u00e9lange obtenu doit avoir une consistance de \u00ab\u00a0terre humide\u00a0\u00bb. Il est n\u00e9cessaire d&rsquo;atteindre une \u00e9paisseur minimale de 2 cm.<\/p>\n\n\n\n<p>Pour obtenir des \u00e9paisseurs inf\u00e9rieures \u00e0 2 cm, remplacer l&rsquo;eau de m\u00e9lange par AD-FORTEM ou AD-FLEX sans ajouter l&rsquo;eau, en augmentant la proportion \u00e0 20-25%, qui corresponde \u00e0\u00a0 5-6 litres de latex environ. Dans ce cas, le temps de travail du mortier est consid\u00e9rablement r\u00e9duit.<\/p>\n\n\n\n<p>MCK peut \u00eatre pr\u00e9par\u00e9 avec les outils m\u00e9caniques de construction courants.<\/p>\n\n\n\n<h2 class=\"wp-block-heading\">Cycle d&rsquo;application:<\/h2>\n\n\n\n<p>Appliquer avec un pinceau un pont d&rsquo;adh\u00e9rence pour favoriser l&rsquo;adh\u00e9rence en m\u00e9langeant du ciment Portland avec AD-FORTEM ou AD-FLEX, dilu\u00e9s avec de l&rsquo;eau \u00e0 50%.<\/p>\n\n\n\n<p>Proc\u00e9der imm\u00e9diatement \u00e0 la pose de la chape avec la technique du \u00ab\u00a0frais sur frais\u00a0\u00bb.<\/p>\n\n\n\n<p>\u00c9taler le produit et le niveler jusqu&rsquo;au niveau souhait\u00e9, puis le compacter correctement avec une taloche en plastique ou avec une machine \u00e0 disque rotatif.<\/p>\n\n\n\n<p>La surface obtenue doit \u00eatre homog\u00e8ne, sans pr\u00e9sence de parties incoh\u00e9rentes.<\/p>\n\n\n\n<h3 class=\"wp-block-heading\">Dur\u00e9e de vie en pot:<\/h3>\n\n\n\n<p>40-60 min. si m\u00e9lang\u00e9 avec de l&rsquo;eau.<\/p>\n\n\n\n<p>20-30 min. si m\u00e9lang\u00e9 avec AD-FORTEM ou AD-FLEX.<\/p>\n\n\n\n<h3 class=\"wp-block-heading\">Maturation:<\/h3>\n\n\n\n<p>Environ 21 jours.<\/p>\n\n\n\n<h3 class=\"wp-block-heading\">Temps de s\u00e9chage avant la circulation pi\u00e9tonne:<\/h3>\n\n\n\n<p>12 heures.<\/p>\n\n\n\n<h3 class=\"wp-block-heading\">Temps de s\u00e9chage avant la circulation de v\u00e9hicules:<\/h3>\n\n\n\n<p>48 heures.<\/p>\n\n\n\n<h3 class=\"wp-block-heading\">Temps d&rsquo;attente avant la pose de carreaux:<\/h3>\n\n\n\n<p>48-72 heures.<\/p>\n\n\n\n<p> <\/p>\n<\/div>\n\n\n\n<div class=\"wp-block-column is-layout-flow wp-block-column-is-layout-flow\">\n<h2 class=\"wp-block-heading\">Temps d&rsquo;attente avant la pose de sols en bois et PVC:<\/h2>\n\n\n\n<p>7 jours.<\/p>\n\n\n\n<h2 class=\"wp-block-heading\">Rendement indicatif: <\/h2>\n\n\n\n<p>18-20 Kg\/m2 par cm d&rsquo;\u00e9paisseur.<\/p>\n\n\n\n<h2 class=\"has-vivid-cyan-blue-color has-text-color wp-block-heading\">Avertissements pour la pose:<\/h2>\n\n\n\n<h3 class=\"wp-block-heading\">Conditions d&rsquo;application:<\/h3>\n\n\n\n<p>Humidit\u00e9 relative ne d\u00e9passant pas 75%.<\/p>\n\n\n\n<h3 class=\"wp-block-heading\">Temp\u00e9rature d&rsquo;application:<\/h3>\n\n\n\n<p>+8\u00b0C\u00a0\/\u00a0+30\u00b0C <\/p>\n\n\n\n<h3 class=\"wp-block-heading\">Temp\u00e9rature du support:<\/h3>\n\n\n\n<p>\u00a0+5\u00b0C\u00a0\/\u00a0+30\u00b0C  <\/p>\n\n\n\n<p>Ne pas appliquer la chape pr\u00eate \u00e0 faible \u00e9paisseur sur des supports faibles et\/ou friables.<\/p>\n\n\n\n<p>Les surfaces humides avec pr\u00e9sence d&rsquo;efflorescences doivent \u00eatre pr\u00e9trait\u00e9es.<\/p>\n\n\n\n<p>\u00c9viter l&rsquo;application en cas de pluie imminente, de gel, de vent fort, de soleil direct et de temp\u00e9ratures \u00e9lev\u00e9es.<\/p>\n\n\n\n<h3 class=\"wp-block-heading\">Avertissements:<\/h3>\n\n\n\n<p>Toujours effectuer un test pr\u00e9liminaire d&rsquo;application afin de v\u00e9rifier la compatibilit\u00e9 et le rendement r\u00e9el du produit, car il varie en fonction du support.<\/p>\n\n\n\n<h2 class=\"has-vivid-cyan-blue-color has-text-color wp-block-heading\">Donn\u00e9es techniques:<\/h2>\n\n\n\n<h3 class=\"wp-block-heading\">Conditionnement:<\/h3>\n\n\n\n<p>Sacs de 25 kg.<\/p>\n\n\n\n<h3 class=\"wp-block-heading\">Aspect du produit:<\/h3>\n\n\n\n<p>Poudre grise.<\/p>\n\n\n\n<h3 class=\"wp-block-heading\">Densit\u00e9 de la poudre:<\/h3>\n\n\n\n<p>1900 kg\/m3<\/p>\n\n\n\n<h3 class=\"wp-block-heading\">Densit\u00e9 du mortier frais:<\/h3>\n\n\n\n<p>2070 kg\/m3<\/p>\n\n\n\n<h3 class=\"wp-block-heading\">Densit\u00e9 du mortier durci:<\/h3>\n\n\n\n<p>env. 1999 kg\/m3<\/p>\n\n\n\n<h3 class=\"wp-block-heading\">R\u00e9sidu sec:<\/h3>\n\n\n\n<p>100%<\/p>\n\n\n\n<h3 class=\"wp-block-heading\">R\u00e9sistance \u00e0 la compression \u00e0 28 jours:<\/h3>\n\n\n\n<p>27 N\/mm2<\/p>\n\n\n\n<h3 class=\"wp-block-heading\">R\u00e9sistance \u00e0 la flexion \u00e0 28 jours:<\/h3>\n\n\n\n<p>8,8 N\/mm2<\/p>\n\n\n\n<h3 class=\"wp-block-heading\">R\u00e9action au feu:<\/h3>\n\n\n\n<p>Classe A1fl<\/p>\n\n\n\n<h3 class=\"wp-block-heading\">Stockage:<\/h3>\n\n\n\n<p>\u00c0 conserver 6 mois dans un endroit frais et sec, prot\u00e9g\u00e9 de l&rsquo;humidit\u00e9 et du gel.<\/p>\n\n\n\n<h3 class=\"wp-block-heading\">pH:<\/h3>\n\n\n\n<p>12. <\/p>\n<\/div>\n<\/div>\n\n<h2 class=\"has-small-font-size wp-block-heading\">Normes de r\u00e9f\u00e9rence<\/h2>\n\n<blockquote class=\"wp-block-quote has-small-font-size is-layout-flow wp-block-quote-is-layout-flow\">\n<p>R\u00e8glement europ\u00e9en sur les produits de construction (UE) CPR N. 305\/2011<\/p>\n\n\n\n<p>Norme harmonis\u00e9e : UNI EN 13813:2004 : Chape type CT-C25-F7. Chape en ciment pr\u00eate \u00e0 faible retrait et s\u00e9chage moyen rapide pour int\u00e9rieurs et ext\u00e9rieurs.<\/p>\n<\/blockquote>\n\n<p style=\"font-size:10px\">Les informations contenues dans ce document sont indicatives et peuvent \u00eatre modifi\u00e9es \u00e0 tout moment sans pr\u00e9avis pour des raisons techniques et r\u00e9glementaires. Les donn\u00e9es qu&rsquo;il contient sont le fruit d&rsquo;une longue exp\u00e9rience sur les chantiers. L&rsquo;utilisateur doit tester et v\u00e9rifier l&rsquo;ad\u00e9quation des produits avant leur application par un \u00e9chantillonnage pr\u00e9liminaire. Kromax d\u00e9gage toute responsabilit\u00e9 pour une utilisation incorrecte du produit. Pour plus d&rsquo;informations, n&rsquo;h\u00e9sitez pas \u00e0 contacter notre service technique.<\/p>\n","protected":false},"excerpt":{"rendered":"<p>MCK Description du produit: MCK est une chape pr\u00eate \u00e0 faible \u00e9paisseur compos\u00e9e de ciments haute r\u00e9sistance, de charges min\u00e9rales de granulom\u00e9tries s\u00e9lectionn\u00e9es et d&rsquo;additifs sp\u00e9ciaux. Utilisable pour r\u00e9aliser des \u00e9paisseurs r\u00e9duites (chapes adh\u00e9rentes) ou pour remplir des espaces techniques n\u00e9cessaires pour int\u00e9grer des installations au sol et pour mettre \u00e0 niveau les surfaces de [&hellip;]<\/p>\n","protected":false},"author":1,"featured_media":0,"parent":0,"menu_order":0,"comment_status":"closed","ping_status":"closed","template":"","meta":{"ocean_post_layout":"","ocean_both_sidebars_style":"","ocean_both_sidebars_content_width":0,"ocean_both_sidebars_sidebars_width":0,"ocean_sidebar":"","ocean_second_sidebar":"","ocean_disable_margins":"enable","ocean_add_body_class":"","ocean_shortcode_before_top_bar":"","ocean_shortcode_after_top_bar":"","ocean_shortcode_before_header":"","ocean_shortcode_after_header":"","ocean_has_shortcode":"","ocean_shortcode_after_title":"","ocean_shortcode_before_footer_widgets":"","ocean_shortcode_after_footer_widgets":"","ocean_shortcode_before_footer_bottom":"","ocean_shortcode_after_footer_bottom":"","ocean_display_top_bar":"default","ocean_display_header":"default","ocean_header_style":"","ocean_center_header_left_menu":"","ocean_custom_header_template":"","ocean_custom_logo":0,"ocean_custom_retina_logo":0,"ocean_custom_logo_max_width":0,"ocean_custom_logo_tablet_max_width":0,"ocean_custom_logo_mobile_max_width":0,"ocean_custom_logo_max_height":0,"ocean_custom_logo_tablet_max_height":0,"ocean_custom_logo_mobile_max_height":0,"ocean_header_custom_menu":"","ocean_menu_typo_font_family":"","ocean_menu_typo_font_subset":"","ocean_menu_typo_font_size":0,"ocean_menu_typo_font_size_tablet":0,"ocean_menu_typo_font_size_mobile":0,"ocean_menu_typo_font_size_unit":"px","ocean_menu_typo_font_weight":"","ocean_menu_typo_font_weight_tablet":"","ocean_menu_typo_font_weight_mobile":"","ocean_menu_typo_transform":"","ocean_menu_typo_transform_tablet":"","ocean_menu_typo_transform_mobile":"","ocean_menu_typo_line_height":0,"ocean_menu_typo_line_height_tablet":0,"ocean_menu_typo_line_height_mobile":0,"ocean_menu_typo_line_height_unit":"","ocean_menu_typo_spacing":0,"ocean_menu_typo_spacing_tablet":0,"ocean_menu_typo_spacing_mobile":0,"ocean_menu_typo_spacing_unit":"","ocean_menu_link_color":"","ocean_menu_link_color_hover":"","ocean_menu_link_color_active":"","ocean_menu_link_background":"","ocean_menu_link_hover_background":"","ocean_menu_link_active_background":"","ocean_menu_social_links_bg":"","ocean_menu_social_hover_links_bg":"","ocean_menu_social_links_color":"","ocean_menu_social_hover_links_color":"","ocean_disable_title":"default","ocean_disable_heading":"default","ocean_post_title":"","ocean_post_subheading":"","ocean_post_title_style":"","ocean_post_title_background_color":"","ocean_post_title_background":0,"ocean_post_title_bg_image_position":"","ocean_post_title_bg_image_attachment":"","ocean_post_title_bg_image_repeat":"","ocean_post_title_bg_image_size":"","ocean_post_title_height":0,"ocean_post_title_bg_overlay":0.5,"ocean_post_title_bg_overlay_color":"","ocean_disable_breadcrumbs":"default","ocean_breadcrumbs_color":"","ocean_breadcrumbs_separator_color":"","ocean_breadcrumbs_links_color":"","ocean_breadcrumbs_links_hover_color":"","ocean_display_footer_widgets":"default","ocean_display_footer_bottom":"default","ocean_custom_footer_template":"","footnotes":""},"class_list":["post-6404","page","type-page","status-publish","hentry","entry","owp-thumbs-layout-horizontal","owp-btn-normal","owp-tabs-layout-horizontal","has-no-thumbnails","has-product-nav"],"yoast_head":"<!-- This site is optimized with the Yoast SEO plugin v27.5 - https:\/\/yoast.com\/product\/yoast-seo-wordpress\/ -->\n<title>Chape pr\u00eate \u00e0 faible \u00e9paisseur - Kromax<\/title>\n<meta name=\"description\" content=\"MCK est une chape pr\u00eate \u00e0 faible \u00e9paisseur compos\u00e9e de ciments haute r\u00e9sistance, de charges min\u00e9rales de granulom\u00e9tries s\u00e9lectionn\u00e9es et d&#039;additifs sp\u00e9ciaux.\" \/>\n<meta name=\"robots\" content=\"noindex, follow, max-snippet:-1, max-image-preview:large, max-video-preview:-1\" \/>\n<meta property=\"og:locale\" content=\"fr_FR\" \/>\n<meta property=\"og:type\" content=\"article\" \/>\n<meta property=\"og:title\" content=\"Chape pr\u00eate \u00e0 faible \u00e9paisseur - Kromax\" \/>\n<meta property=\"og:description\" content=\"MCK est une chape pr\u00eate \u00e0 faible \u00e9paisseur compos\u00e9e de ciments haute r\u00e9sistance, de charges min\u00e9rales de granulom\u00e9tries s\u00e9lectionn\u00e9es et d&#039;additifs sp\u00e9ciaux.\" \/>\n<meta property=\"og:url\" content=\"https:\/\/www.kromax.it\/fr\/chape-prete-a-faible-epaisseur\/\" \/>\n<meta property=\"og:site_name\" content=\"Kromax\" \/>\n<meta name=\"twitter:card\" content=\"summary_large_image\" \/>\n<script type=\"application\/ld+json\" class=\"yoast-schema-graph\">{\"@context\":\"https:\\\/\\\/schema.org\",\"@graph\":[{\"@type\":\"WebPage\",\"@id\":\"https:\\\/\\\/www.kromax.it\\\/fr\\\/chape-prete-a-faible-epaisseur\\\/\",\"url\":\"https:\\\/\\\/www.kromax.it\\\/fr\\\/chape-prete-a-faible-epaisseur\\\/\",\"name\":\"Chape pr\u00eate \u00e0 faible \u00e9paisseur - Kromax\",\"isPartOf\":{\"@id\":\"https:\\\/\\\/www.kromax.it\\\/fr\\\/#website\"},\"datePublished\":\"2021-04-06T10:30:10+00:00\",\"description\":\"MCK est une chape pr\u00eate \u00e0 faible \u00e9paisseur compos\u00e9e de ciments haute r\u00e9sistance, de charges min\u00e9rales de granulom\u00e9tries s\u00e9lectionn\u00e9es et d'additifs sp\u00e9ciaux.\",\"breadcrumb\":{\"@id\":\"https:\\\/\\\/www.kromax.it\\\/fr\\\/chape-prete-a-faible-epaisseur\\\/#breadcrumb\"},\"inLanguage\":\"fr-FR\",\"potentialAction\":[{\"@type\":\"ReadAction\",\"target\":[\"https:\\\/\\\/www.kromax.it\\\/fr\\\/chape-prete-a-faible-epaisseur\\\/\"]}]},{\"@type\":\"BreadcrumbList\",\"@id\":\"https:\\\/\\\/www.kromax.it\\\/fr\\\/chape-prete-a-faible-epaisseur\\\/#breadcrumb\",\"itemListElement\":[{\"@type\":\"ListItem\",\"position\":1,\"name\":\"Home\",\"item\":\"https:\\\/\\\/www.kromax.it\\\/fr\\\/\"},{\"@type\":\"ListItem\",\"position\":2,\"name\":\"Chape pr\u00eate \u00e0 faible \u00e9paisseur\"}]},{\"@type\":\"WebSite\",\"@id\":\"https:\\\/\\\/www.kromax.it\\\/fr\\\/#website\",\"url\":\"https:\\\/\\\/www.kromax.it\\\/fr\\\/\",\"name\":\"Kromax\",\"description\":\"\",\"publisher\":{\"@id\":\"https:\\\/\\\/www.kromax.it\\\/fr\\\/#organization\"},\"potentialAction\":[{\"@type\":\"SearchAction\",\"target\":{\"@type\":\"EntryPoint\",\"urlTemplate\":\"https:\\\/\\\/www.kromax.it\\\/fr\\\/?s={search_term_string}\"},\"query-input\":{\"@type\":\"PropertyValueSpecification\",\"valueRequired\":true,\"valueName\":\"search_term_string\"}}],\"inLanguage\":\"fr-FR\"},{\"@type\":\"Organization\",\"@id\":\"https:\\\/\\\/www.kromax.it\\\/fr\\\/#organization\",\"name\":\"Kromax\",\"url\":\"https:\\\/\\\/www.kromax.it\\\/fr\\\/\",\"logo\":{\"@type\":\"ImageObject\",\"inLanguage\":\"fr-FR\",\"@id\":\"https:\\\/\\\/www.kromax.it\\\/fr\\\/#\\\/schema\\\/logo\\\/image\\\/\",\"url\":\"https:\\\/\\\/www.kromax.it\\\/fr\\\/wp-content\\\/uploads\\\/sites\\\/2\\\/2023\\\/08\\\/cropped-Logo-Kromax-completo-2021.png\",\"contentUrl\":\"https:\\\/\\\/www.kromax.it\\\/fr\\\/wp-content\\\/uploads\\\/sites\\\/2\\\/2023\\\/08\\\/cropped-Logo-Kromax-completo-2021.png\",\"width\":900,\"height\":190,\"caption\":\"Kromax\"},\"image\":{\"@id\":\"https:\\\/\\\/www.kromax.it\\\/fr\\\/#\\\/schema\\\/logo\\\/image\\\/\"}}]}<\/script>\n<!-- \/ Yoast SEO plugin. -->","yoast_head_json":{"title":"Chape pr\u00eate \u00e0 faible \u00e9paisseur - Kromax","description":"MCK est une chape pr\u00eate \u00e0 faible \u00e9paisseur compos\u00e9e de ciments haute r\u00e9sistance, de charges min\u00e9rales de granulom\u00e9tries s\u00e9lectionn\u00e9es et d'additifs sp\u00e9ciaux.","robots":{"index":"noindex","follow":"follow","max-snippet":"max-snippet:-1","max-image-preview":"max-image-preview:large","max-video-preview":"max-video-preview:-1"},"og_locale":"fr_FR","og_type":"article","og_title":"Chape pr\u00eate \u00e0 faible \u00e9paisseur - Kromax","og_description":"MCK est une chape pr\u00eate \u00e0 faible \u00e9paisseur compos\u00e9e de ciments haute r\u00e9sistance, de charges min\u00e9rales de granulom\u00e9tries s\u00e9lectionn\u00e9es et d'additifs sp\u00e9ciaux.","og_url":"https:\/\/www.kromax.it\/fr\/chape-prete-a-faible-epaisseur\/","og_site_name":"Kromax","twitter_card":"summary_large_image","schema":{"@context":"https:\/\/schema.org","@graph":[{"@type":"WebPage","@id":"https:\/\/www.kromax.it\/fr\/chape-prete-a-faible-epaisseur\/","url":"https:\/\/www.kromax.it\/fr\/chape-prete-a-faible-epaisseur\/","name":"Chape pr\u00eate \u00e0 faible \u00e9paisseur - Kromax","isPartOf":{"@id":"https:\/\/www.kromax.it\/fr\/#website"},"datePublished":"2021-04-06T10:30:10+00:00","description":"MCK est une chape pr\u00eate \u00e0 faible \u00e9paisseur compos\u00e9e de ciments haute r\u00e9sistance, de charges min\u00e9rales de granulom\u00e9tries s\u00e9lectionn\u00e9es et d'additifs sp\u00e9ciaux.","breadcrumb":{"@id":"https:\/\/www.kromax.it\/fr\/chape-prete-a-faible-epaisseur\/#breadcrumb"},"inLanguage":"fr-FR","potentialAction":[{"@type":"ReadAction","target":["https:\/\/www.kromax.it\/fr\/chape-prete-a-faible-epaisseur\/"]}]},{"@type":"BreadcrumbList","@id":"https:\/\/www.kromax.it\/fr\/chape-prete-a-faible-epaisseur\/#breadcrumb","itemListElement":[{"@type":"ListItem","position":1,"name":"Home","item":"https:\/\/www.kromax.it\/fr\/"},{"@type":"ListItem","position":2,"name":"Chape pr\u00eate \u00e0 faible \u00e9paisseur"}]},{"@type":"WebSite","@id":"https:\/\/www.kromax.it\/fr\/#website","url":"https:\/\/www.kromax.it\/fr\/","name":"Kromax","description":"","publisher":{"@id":"https:\/\/www.kromax.it\/fr\/#organization"},"potentialAction":[{"@type":"SearchAction","target":{"@type":"EntryPoint","urlTemplate":"https:\/\/www.kromax.it\/fr\/?s={search_term_string}"},"query-input":{"@type":"PropertyValueSpecification","valueRequired":true,"valueName":"search_term_string"}}],"inLanguage":"fr-FR"},{"@type":"Organization","@id":"https:\/\/www.kromax.it\/fr\/#organization","name":"Kromax","url":"https:\/\/www.kromax.it\/fr\/","logo":{"@type":"ImageObject","inLanguage":"fr-FR","@id":"https:\/\/www.kromax.it\/fr\/#\/schema\/logo\/image\/","url":"https:\/\/www.kromax.it\/fr\/wp-content\/uploads\/sites\/2\/2023\/08\/cropped-Logo-Kromax-completo-2021.png","contentUrl":"https:\/\/www.kromax.it\/fr\/wp-content\/uploads\/sites\/2\/2023\/08\/cropped-Logo-Kromax-completo-2021.png","width":900,"height":190,"caption":"Kromax"},"image":{"@id":"https:\/\/www.kromax.it\/fr\/#\/schema\/logo\/image\/"}}]}},"_links":{"self":[{"href":"https:\/\/www.kromax.it\/fr\/wp-json\/wp\/v2\/pages\/6404","targetHints":{"allow":["GET"]}}],"collection":[{"href":"https:\/\/www.kromax.it\/fr\/wp-json\/wp\/v2\/pages"}],"about":[{"href":"https:\/\/www.kromax.it\/fr\/wp-json\/wp\/v2\/types\/page"}],"author":[{"embeddable":true,"href":"https:\/\/www.kromax.it\/fr\/wp-json\/wp\/v2\/users\/1"}],"replies":[{"embeddable":true,"href":"https:\/\/www.kromax.it\/fr\/wp-json\/wp\/v2\/comments?post=6404"}],"version-history":[{"count":0,"href":"https:\/\/www.kromax.it\/fr\/wp-json\/wp\/v2\/pages\/6404\/revisions"}],"wp:attachment":[{"href":"https:\/\/www.kromax.it\/fr\/wp-json\/wp\/v2\/media?parent=6404"}],"curies":[{"name":"wp","href":"https:\/\/api.w.org\/{rel}","templated":true}]}}