{"id":6416,"date":"2020-12-18T18:47:22","date_gmt":"2020-12-18T17:47:22","guid":{"rendered":"https:\/\/www.kromax.it\/peinture-acrylosiloxane\/"},"modified":"2020-12-18T18:47:22","modified_gmt":"2020-12-18T17:47:22","slug":"peinture-acrylosiloxane","status":"publish","type":"page","link":"https:\/\/www.kromax.it\/fr\/peinture-acrylosiloxane\/","title":{"rendered":"Peinture acrylosiloxane"},"content":{"rendered":"\n<div class=\"wp-block-columns is-layout-flex wp-container-core-columns-is-layout-9d6595d7 wp-block-columns-is-layout-flex\">\n<div class=\"wp-block-column is-layout-flow wp-block-column-is-layout-flow\">\n<h3 class=\"has-luminous-vivid-orange-color has-text-color wp-block-heading\">ACRISIL<\/h3>\n<\/div>\n\n\n\n<div class=\"wp-block-column is-layout-flow wp-block-column-is-layout-flow\">\n<div id=\"print\"> <button class=\"print\"><\/button><\/div>\n<\/div>\n<\/div>\n\n<div class=\"wp-block-columns is-layout-flex wp-container-core-columns-is-layout-9d6595d7 wp-block-columns-is-layout-flex\">\n<div class=\"wp-block-column is-layout-flow wp-block-column-is-layout-flow\">\n<h2 class=\"wp-block-heading\">Description du produit:<\/h2>\n\n\n\n<p>Peinture acrylosiloxane hydrofuge pour ext\u00e9rieurs.<\/p>\n\n\n\n<h2 class=\"wp-block-heading\">Emploi:<\/h2>\n\n\n\n<p>Peinture de b\u00e2timents anciens et modernes o\u00f9 des propri\u00e9t\u00e9s d&rsquo;imperm\u00e9abilit\u00e9 particuli\u00e8res sont requises.<\/p>\n\n\n\n<h2 class=\"wp-block-heading\"><strong>Supports:<\/strong><\/h2>\n\n\n\n<p>Enduits \u00e0 base de mortier de ciment parfaitement m\u00fbris (au moins trente jours). Pierres carbonat\u00e9es, anciennes ou nouvelles. Enduits pr\u00e9-m\u00e9lang\u00e9s. Enduits d\u00e9j\u00e0 peints. Plastique, PVC, t\u00f4les, fer, etc.<\/p>\n\n\n\n<h2 class=\"wp-block-heading\">I<strong>mportant:<\/strong><\/h2>\n\n\n\n<p>Ne pas appliquer le produit sur des supports faibles et\/ou friables. Ne pas appliquer le produit directement sur des fissures et\/ou microfissures.<\/p>\n\n\n\n<p>Les supports humides avec pr\u00e9sence d&rsquo;efflorescences doivent \u00eatre pr\u00e9alablement trait\u00e9s avec des syst\u00e8mes de d\u00e9shumidification.<\/p>\n\n\n\n<p>Ne pas appliquer sur des mortiers \u00e0 base de chaux ou qui contiennent des quantit\u00e9s significatives de celle-ci.<\/p>\n\n\n\n<h3 class=\"wp-block-heading\">Cycle d&rsquo;application:<\/h3>\n\n\n\n<p>D\u00e9poussi\u00e9rer autant que possible le support.<\/p>\n\n\n\n<p>Reboucher des \u00e9ventuelles fissures.<\/p>\n\n\n\n<p>Appliquer au pinceau une couche de notre primaire uniformisant Kromafix Silossanico ou Pliokrom K01 \u00e0 solvant.<\/p>\n\n\n\n<p>Terminer ensuite par deux couches de peinture acrylosiloxane.<\/p>\n\n\n\n<h3 class=\"wp-block-heading\">Conditions d&rsquo;application:<\/h3>\n\n\n\n<p>Humidit\u00e9 relative ne d\u00e9passant pas 75%.<\/p>\n\n\n\n<h3 class=\"wp-block-heading\">Temp\u00e9rature d&rsquo;application:<\/h3>\n\n\n\n<p>+8\u00b0C\u00a0\/\u00a0+35\u00b0C Temp\u00e9rature du support: +5\u00b0C \/ +40\u00b0C<\/p>\n\n\n\n<h3 class=\"wp-block-heading\">Recouvrement:<\/h3>\n\n\n\n<p>Min. 12 heures &#8211; Max 7 jours<\/p>\n\n\n\n<h3 class=\"wp-block-heading\">Outils:<\/h3>\n\n\n\n<p>Rouleau, pinceau, pulv\u00e9risateur.<\/p>\n\n\n\n<h3 class=\"wp-block-heading\">Couleurs:<\/h3>\n\n\n\n<p>Blanc; consulter aussi le nuancier \u201cKROMAX\u201d (section rev\u00eatements techniques) et les teintes sur \u00e9chantillon.<\/p>\n\n\n\n<h3 class=\"wp-block-heading\">Stockage:<\/h3>\n\n\n\n<p>\u00c0 conserver 6 mois dans un endroit frais, sec, \u00e0 l\u2019abri du gel.<\/p>\n\n\n\n<h2 class=\"wp-block-heading\">Dilution:<\/h2>\n\n\n\n<p>Avec de l&rsquo;eau 10 &#8211; 15%.<\/p>\n\n\n\n<p> <\/p>\n<\/div>\n\n\n\n<div class=\"wp-block-column is-layout-flow wp-block-column-is-layout-flow\">\n<h2 class=\"wp-block-heading\">Rendement indicatif:<\/h2>\n\n\n\n<p>6 &#8211; 8 m\u00b2 avec 1 Lt de produit.<\/p>\n\n\n\n<p>3 &#8211; 4 m\u00b2 avec 1 Lt de produit sur surface taloch\u00e9e.<\/p>\n\n\n\n<h3 class=\"wp-block-heading\">Conditionnement:<\/h3>\n\n\n\n<p>Lt. 13 <\/p>\n\n\n\n<h3 class=\"wp-block-heading\">Type de liant:<\/h3>\n\n\n\n<p>Acrylate-siloxane.<\/p>\n\n\n\n<h3 class=\"wp-block-heading\"><strong>Viscosit\u00e9:<\/strong><\/h3>\n\n\n\n<p>80.000 CPS TAB Brookfield. <\/p>\n\n\n\n<h3 class=\"wp-block-heading\">R\u00e9sidu sec:<\/h3>\n\n\n\n<p>38,50 \u00e0 500\u00b0C <\/p>\n\n\n\n<h3 class=\"wp-block-heading\">Perm\u00e9abilit\u00e9 \u00e0 la vapeur d&rsquo;eau:<\/h3>\n\n\n\n<p>220 gr\/m\u00b2 x 24h<\/p>\n\n\n\n<h3 class=\"wp-block-heading\">Absorption d&rsquo;eau:<\/h3>\n\n\n\n<p>60 mg\/m\u00b2 x 24h<\/p>\n\n\n\n<h3 class=\"wp-block-heading\">Poids sp\u00e9cifique:<\/h3>\n\n\n\n<p>1,400\u20130,050 gr.\/cc. <\/p>\n\n\n\n<h3 class=\"wp-block-heading\">Aspect du produit:<\/h3>\n\n\n\n<p>Mat satin\u00e9.<\/p>\n\n\n\n<h3 class=\"wp-block-heading\">S\u00e9chage:<\/h3>\n\n\n\n<p>Hors empreinte: 2 heures. En profondeur: 24 &#8211; 36 heures.<\/p>\n\n\n\n<h3 class=\"wp-block-heading\">pH:<\/h3>\n\n\n\n<p>Neutre.<\/p>\n\n\n\n<h2 class=\"wp-block-heading\">Avertissements:<\/h2>\n\n\n\n<p>Toujour utiliser un seul lot de production pour les retouches et les finitions, au moins jusqu&rsquo;aux interruptions architecturales, et effectuez-les rapidement.<\/p>\n\n\n\n<p>\u00c9viter l&rsquo;application en cas de pluie imminente, de vent fort ou de soleil direct.<\/p>\n\n\n\n<p>Avant d&rsquo;appliquer en fa\u00e7ade, encapsulez les \u00e9ventuelles membranes bitumineuses ou asphaltes min\u00e9raux de la terrasse de couverture du b\u00e2timent avec une peinture acrylique appropri\u00e9e, car en cas de pluie, elles pourraient causer des coulures non recouvrables.<\/p>\n\n\n\n<p>Toutes retouches partielles, apr\u00e8s la premi\u00e8re couche, doivent imp\u00e9rativement \u00eatre reprises avec un primaire fixatif avant de proc\u00e9der aux finitions.&#013;\n&#013;\n<\/p>\n<\/div>\n<\/div>\n\n<blockquote class=\"wp-block-quote is-style-default has-small-font-size is-layout-flow wp-block-quote-is-layout-flow\"><p>R\u00e9glementation COV<\/p><p>(DIR.2004\/42\/CE) Peintures pour murs ext\u00e9rieurs en support min\u00e9ral. Valeur limite UE pour ce produit (BA &#8211; cat. c) : 40g\/l (2010) Teneur en COV &lt; 40g\/l.<\/p><\/blockquote>\n\n<p style=\"font-size:10px\"><p style=\"background: white;vertical-align: baseline;margin: 0cm 0cm 15.0pt 0cm\"><span style=\"font-size: 7.5pt;font-family: 'Verdana',sans-serif;color: #4a4a4a\">Les informations contenues dans ce document sont indicatives et peuvent \u00eatre modifi\u00e9es \u00e0 tout moment sans pr\u00e9avis pour des raisons techniques et r\u00e9glementaires. Les donn\u00e9es qu\u2019il contient sont le fruit d\u2019une longue exp\u00e9rience sur les chantiers. L\u2019utilisateur doit tester et v\u00e9rifier l\u2019ad\u00e9quation des produits avant leur application par un \u00e9chantillonnage pr\u00e9liminaire. Kromax d\u00e9gage toute responsabilit\u00e9 pour une utilisation incorrecte du produit. Pour plus d\u2019informations, n\u2019h\u00e9sitez pas \u00e0 contacter notre service technique.<\/span><\/p><\/p>\n","protected":false},"excerpt":{"rendered":"<p>ACRISIL Description du produit: Peinture acrylosiloxane hydrofuge pour ext\u00e9rieurs. Emploi: Peinture de b\u00e2timents anciens et modernes o\u00f9 des propri\u00e9t\u00e9s d&rsquo;imperm\u00e9abilit\u00e9 particuli\u00e8res sont requises. Supports: Enduits \u00e0 base de mortier de ciment parfaitement m\u00fbris (au moins trente jours). Pierres carbonat\u00e9es, anciennes ou nouvelles. Enduits pr\u00e9-m\u00e9lang\u00e9s. Enduits d\u00e9j\u00e0 peints. Plastique, PVC, t\u00f4les, fer, etc. Important: Ne pas [&hellip;]<\/p>\n","protected":false},"author":1,"featured_media":0,"parent":0,"menu_order":0,"comment_status":"closed","ping_status":"closed","template":"","meta":{"ocean_post_layout":"","ocean_both_sidebars_style":"","ocean_both_sidebars_content_width":0,"ocean_both_sidebars_sidebars_width":0,"ocean_sidebar":"","ocean_second_sidebar":"","ocean_disable_margins":"enable","ocean_add_body_class":"","ocean_shortcode_before_top_bar":"","ocean_shortcode_after_top_bar":"","ocean_shortcode_before_header":"","ocean_shortcode_after_header":"","ocean_has_shortcode":"","ocean_shortcode_after_title":"","ocean_shortcode_before_footer_widgets":"","ocean_shortcode_after_footer_widgets":"","ocean_shortcode_before_footer_bottom":"","ocean_shortcode_after_footer_bottom":"","ocean_display_top_bar":"default","ocean_display_header":"default","ocean_header_style":"","ocean_center_header_left_menu":"","ocean_custom_header_template":"","ocean_custom_logo":0,"ocean_custom_retina_logo":0,"ocean_custom_logo_max_width":0,"ocean_custom_logo_tablet_max_width":0,"ocean_custom_logo_mobile_max_width":0,"ocean_custom_logo_max_height":0,"ocean_custom_logo_tablet_max_height":0,"ocean_custom_logo_mobile_max_height":0,"ocean_header_custom_menu":"","ocean_menu_typo_font_family":"","ocean_menu_typo_font_subset":"","ocean_menu_typo_font_size":0,"ocean_menu_typo_font_size_tablet":0,"ocean_menu_typo_font_size_mobile":0,"ocean_menu_typo_font_size_unit":"px","ocean_menu_typo_font_weight":"","ocean_menu_typo_font_weight_tablet":"","ocean_menu_typo_font_weight_mobile":"","ocean_menu_typo_transform":"","ocean_menu_typo_transform_tablet":"","ocean_menu_typo_transform_mobile":"","ocean_menu_typo_line_height":0,"ocean_menu_typo_line_height_tablet":0,"ocean_menu_typo_line_height_mobile":0,"ocean_menu_typo_line_height_unit":"","ocean_menu_typo_spacing":0,"ocean_menu_typo_spacing_tablet":0,"ocean_menu_typo_spacing_mobile":0,"ocean_menu_typo_spacing_unit":"","ocean_menu_link_color":"","ocean_menu_link_color_hover":"","ocean_menu_link_color_active":"","ocean_menu_link_background":"","ocean_menu_link_hover_background":"","ocean_menu_link_active_background":"","ocean_menu_social_links_bg":"","ocean_menu_social_hover_links_bg":"","ocean_menu_social_links_color":"","ocean_menu_social_hover_links_color":"","ocean_disable_title":"default","ocean_disable_heading":"default","ocean_post_title":"","ocean_post_subheading":"","ocean_post_title_style":"","ocean_post_title_background_color":"","ocean_post_title_background":0,"ocean_post_title_bg_image_position":"","ocean_post_title_bg_image_attachment":"","ocean_post_title_bg_image_repeat":"","ocean_post_title_bg_image_size":"","ocean_post_title_height":0,"ocean_post_title_bg_overlay":0.5,"ocean_post_title_bg_overlay_color":"","ocean_disable_breadcrumbs":"default","ocean_breadcrumbs_color":"","ocean_breadcrumbs_separator_color":"","ocean_breadcrumbs_links_color":"","ocean_breadcrumbs_links_hover_color":"","ocean_display_footer_widgets":"default","ocean_display_footer_bottom":"default","ocean_custom_footer_template":"","footnotes":""},"class_list":["post-6416","page","type-page","status-publish","hentry","entry","owp-thumbs-layout-horizontal","owp-btn-normal","owp-tabs-layout-horizontal","has-no-thumbnails","has-product-nav"],"yoast_head":"<!-- This site is optimized with the Yoast SEO plugin v27.4 - https:\/\/yoast.com\/product\/yoast-seo-wordpress\/ -->\n<title>Peinture acrylosiloxane - Kromax<\/title>\n<meta name=\"description\" content=\"Peinture acrylosiloxane hydrofuge pour ext\u00e9rieurs. Peinture de b\u00e2timents anciens et modernes o\u00f9 des propri\u00e9t\u00e9s d&#039;imperm\u00e9abilit\u00e9 particuli\u00e8res sont requises.\" \/>\n<meta name=\"robots\" content=\"index, follow, max-snippet:-1, max-image-preview:large, max-video-preview:-1\" \/>\n<link rel=\"canonical\" href=\"https:\/\/www.kromax.it\/fr\/peinture-acrylosiloxane\/\" \/>\n<meta property=\"og:locale\" content=\"fr_FR\" \/>\n<meta property=\"og:type\" content=\"article\" \/>\n<meta property=\"og:title\" content=\"Peinture acrylosiloxane - Kromax\" \/>\n<meta property=\"og:description\" content=\"Peinture acrylosiloxane hydrofuge pour ext\u00e9rieurs. Peinture de b\u00e2timents anciens et modernes o\u00f9 des propri\u00e9t\u00e9s d&#039;imperm\u00e9abilit\u00e9 particuli\u00e8res sont requises.\" \/>\n<meta property=\"og:url\" content=\"https:\/\/www.kromax.it\/fr\/peinture-acrylosiloxane\/\" \/>\n<meta property=\"og:site_name\" content=\"Kromax\" \/>\n<meta name=\"twitter:card\" content=\"summary_large_image\" \/>\n<script type=\"application\/ld+json\" class=\"yoast-schema-graph\">{\"@context\":\"https:\\\/\\\/schema.org\",\"@graph\":[{\"@type\":\"WebPage\",\"@id\":\"https:\\\/\\\/www.kromax.it\\\/fr\\\/peinture-acrylosiloxane\\\/\",\"url\":\"https:\\\/\\\/www.kromax.it\\\/fr\\\/peinture-acrylosiloxane\\\/\",\"name\":\"Peinture acrylosiloxane - Kromax\",\"isPartOf\":{\"@id\":\"https:\\\/\\\/www.kromax.it\\\/fr\\\/#website\"},\"datePublished\":\"2020-12-18T17:47:22+00:00\",\"description\":\"Peinture acrylosiloxane hydrofuge pour ext\u00e9rieurs. Peinture de b\u00e2timents anciens et modernes o\u00f9 des propri\u00e9t\u00e9s d'imperm\u00e9abilit\u00e9 particuli\u00e8res sont requises.\",\"breadcrumb\":{\"@id\":\"https:\\\/\\\/www.kromax.it\\\/fr\\\/peinture-acrylosiloxane\\\/#breadcrumb\"},\"inLanguage\":\"fr-FR\",\"potentialAction\":[{\"@type\":\"ReadAction\",\"target\":[\"https:\\\/\\\/www.kromax.it\\\/fr\\\/peinture-acrylosiloxane\\\/\"]}]},{\"@type\":\"BreadcrumbList\",\"@id\":\"https:\\\/\\\/www.kromax.it\\\/fr\\\/peinture-acrylosiloxane\\\/#breadcrumb\",\"itemListElement\":[{\"@type\":\"ListItem\",\"position\":1,\"name\":\"Home\",\"item\":\"https:\\\/\\\/www.kromax.it\\\/fr\\\/\"},{\"@type\":\"ListItem\",\"position\":2,\"name\":\"Peinture acrylosiloxane\"}]},{\"@type\":\"WebSite\",\"@id\":\"https:\\\/\\\/www.kromax.it\\\/fr\\\/#website\",\"url\":\"https:\\\/\\\/www.kromax.it\\\/fr\\\/\",\"name\":\"Kromax\",\"description\":\"\",\"publisher\":{\"@id\":\"https:\\\/\\\/www.kromax.it\\\/fr\\\/#organization\"},\"potentialAction\":[{\"@type\":\"SearchAction\",\"target\":{\"@type\":\"EntryPoint\",\"urlTemplate\":\"https:\\\/\\\/www.kromax.it\\\/fr\\\/?s={search_term_string}\"},\"query-input\":{\"@type\":\"PropertyValueSpecification\",\"valueRequired\":true,\"valueName\":\"search_term_string\"}}],\"inLanguage\":\"fr-FR\"},{\"@type\":\"Organization\",\"@id\":\"https:\\\/\\\/www.kromax.it\\\/fr\\\/#organization\",\"name\":\"Kromax\",\"url\":\"https:\\\/\\\/www.kromax.it\\\/fr\\\/\",\"logo\":{\"@type\":\"ImageObject\",\"inLanguage\":\"fr-FR\",\"@id\":\"https:\\\/\\\/www.kromax.it\\\/fr\\\/#\\\/schema\\\/logo\\\/image\\\/\",\"url\":\"https:\\\/\\\/www.kromax.it\\\/fr\\\/wp-content\\\/uploads\\\/sites\\\/2\\\/2023\\\/08\\\/cropped-Logo-Kromax-completo-2021.png\",\"contentUrl\":\"https:\\\/\\\/www.kromax.it\\\/fr\\\/wp-content\\\/uploads\\\/sites\\\/2\\\/2023\\\/08\\\/cropped-Logo-Kromax-completo-2021.png\",\"width\":900,\"height\":190,\"caption\":\"Kromax\"},\"image\":{\"@id\":\"https:\\\/\\\/www.kromax.it\\\/fr\\\/#\\\/schema\\\/logo\\\/image\\\/\"}}]}<\/script>\n<!-- \/ Yoast SEO plugin. -->","yoast_head_json":{"title":"Peinture acrylosiloxane - Kromax","description":"Peinture acrylosiloxane hydrofuge pour ext\u00e9rieurs. Peinture de b\u00e2timents anciens et modernes o\u00f9 des propri\u00e9t\u00e9s d'imperm\u00e9abilit\u00e9 particuli\u00e8res sont requises.","robots":{"index":"index","follow":"follow","max-snippet":"max-snippet:-1","max-image-preview":"max-image-preview:large","max-video-preview":"max-video-preview:-1"},"canonical":"https:\/\/www.kromax.it\/fr\/peinture-acrylosiloxane\/","og_locale":"fr_FR","og_type":"article","og_title":"Peinture acrylosiloxane - Kromax","og_description":"Peinture acrylosiloxane hydrofuge pour ext\u00e9rieurs. Peinture de b\u00e2timents anciens et modernes o\u00f9 des propri\u00e9t\u00e9s d'imperm\u00e9abilit\u00e9 particuli\u00e8res sont requises.","og_url":"https:\/\/www.kromax.it\/fr\/peinture-acrylosiloxane\/","og_site_name":"Kromax","twitter_card":"summary_large_image","schema":{"@context":"https:\/\/schema.org","@graph":[{"@type":"WebPage","@id":"https:\/\/www.kromax.it\/fr\/peinture-acrylosiloxane\/","url":"https:\/\/www.kromax.it\/fr\/peinture-acrylosiloxane\/","name":"Peinture acrylosiloxane - Kromax","isPartOf":{"@id":"https:\/\/www.kromax.it\/fr\/#website"},"datePublished":"2020-12-18T17:47:22+00:00","description":"Peinture acrylosiloxane hydrofuge pour ext\u00e9rieurs. Peinture de b\u00e2timents anciens et modernes o\u00f9 des propri\u00e9t\u00e9s d'imperm\u00e9abilit\u00e9 particuli\u00e8res sont requises.","breadcrumb":{"@id":"https:\/\/www.kromax.it\/fr\/peinture-acrylosiloxane\/#breadcrumb"},"inLanguage":"fr-FR","potentialAction":[{"@type":"ReadAction","target":["https:\/\/www.kromax.it\/fr\/peinture-acrylosiloxane\/"]}]},{"@type":"BreadcrumbList","@id":"https:\/\/www.kromax.it\/fr\/peinture-acrylosiloxane\/#breadcrumb","itemListElement":[{"@type":"ListItem","position":1,"name":"Home","item":"https:\/\/www.kromax.it\/fr\/"},{"@type":"ListItem","position":2,"name":"Peinture acrylosiloxane"}]},{"@type":"WebSite","@id":"https:\/\/www.kromax.it\/fr\/#website","url":"https:\/\/www.kromax.it\/fr\/","name":"Kromax","description":"","publisher":{"@id":"https:\/\/www.kromax.it\/fr\/#organization"},"potentialAction":[{"@type":"SearchAction","target":{"@type":"EntryPoint","urlTemplate":"https:\/\/www.kromax.it\/fr\/?s={search_term_string}"},"query-input":{"@type":"PropertyValueSpecification","valueRequired":true,"valueName":"search_term_string"}}],"inLanguage":"fr-FR"},{"@type":"Organization","@id":"https:\/\/www.kromax.it\/fr\/#organization","name":"Kromax","url":"https:\/\/www.kromax.it\/fr\/","logo":{"@type":"ImageObject","inLanguage":"fr-FR","@id":"https:\/\/www.kromax.it\/fr\/#\/schema\/logo\/image\/","url":"https:\/\/www.kromax.it\/fr\/wp-content\/uploads\/sites\/2\/2023\/08\/cropped-Logo-Kromax-completo-2021.png","contentUrl":"https:\/\/www.kromax.it\/fr\/wp-content\/uploads\/sites\/2\/2023\/08\/cropped-Logo-Kromax-completo-2021.png","width":900,"height":190,"caption":"Kromax"},"image":{"@id":"https:\/\/www.kromax.it\/fr\/#\/schema\/logo\/image\/"}}]}},"_links":{"self":[{"href":"https:\/\/www.kromax.it\/fr\/wp-json\/wp\/v2\/pages\/6416","targetHints":{"allow":["GET"]}}],"collection":[{"href":"https:\/\/www.kromax.it\/fr\/wp-json\/wp\/v2\/pages"}],"about":[{"href":"https:\/\/www.kromax.it\/fr\/wp-json\/wp\/v2\/types\/page"}],"author":[{"embeddable":true,"href":"https:\/\/www.kromax.it\/fr\/wp-json\/wp\/v2\/users\/1"}],"replies":[{"embeddable":true,"href":"https:\/\/www.kromax.it\/fr\/wp-json\/wp\/v2\/comments?post=6416"}],"version-history":[{"count":0,"href":"https:\/\/www.kromax.it\/fr\/wp-json\/wp\/v2\/pages\/6416\/revisions"}],"wp:attachment":[{"href":"https:\/\/www.kromax.it\/fr\/wp-json\/wp\/v2\/media?parent=6416"}],"curies":[{"name":"wp","href":"https:\/\/api.w.org\/{rel}","templated":true}]}}