{"id":6427,"date":"2020-12-05T19:32:15","date_gmt":"2020-12-05T18:32:15","guid":{"rendered":"https:\/\/www.kromax.it\/peinture-lavable\/"},"modified":"2020-12-05T19:32:15","modified_gmt":"2020-12-05T18:32:15","slug":"peinture-lavable","status":"publish","type":"page","link":"https:\/\/www.kromax.it\/fr\/peinture-lavable\/","title":{"rendered":"Peinture lavable"},"content":{"rendered":"\n<div class=\"wp-block-columns is-layout-flex wp-container-core-columns-is-layout-9d6595d7 wp-block-columns-is-layout-flex\">\n<div class=\"wp-block-column is-layout-flow wp-block-column-is-layout-flow\">\n<h3 class=\"has-luminous-vivid-orange-color has-text-color wp-block-heading\">ACRILMAX<\/h3>\n<\/div>\n\n\n\n<div class=\"wp-block-column is-layout-flow wp-block-column-is-layout-flow\">\n<div id=\"print\"> <button class=\"print\"><\/button><\/div>\n<\/div>\n<\/div>\n\n<div class=\"wp-block-columns is-layout-flex wp-container-core-columns-is-layout-9d6595d7 wp-block-columns-is-layout-flex\">\n<div class=\"wp-block-column is-layout-flow wp-block-column-is-layout-flow\">\n<h2 class=\"wp-block-heading\">Description du produit:<\/h2>\n\n\n\n<p>L&rsquo;Acrilmax est une peinture lavable mate respirante vinyle-acrylique avec une finition mate.<\/p>\n\n\n\n<h2 class=\"wp-block-heading\">Emploi:<\/h2>\n\n\n\n<p>Peinture de bonne qualit\u00e9 pour les int\u00e9rieurs o\u00f9 l&rsquo;humidit\u00e9 relative de l&rsquo;air d\u00e9passe 70%.<\/p>\n\n\n\n<h2 class=\"wp-block-heading\">Supports:<\/h2>\n\n\n\n<p>Enduits \u00e0 base de mortier de ciment, parfaitement m\u00fbris. Anciens enduits \u00e0 la chaux, \u00e0 condition qu&rsquo;ils soient pr\u00e9alablement nettoy\u00e9s, d\u00e9poussi\u00e9r\u00e9s et pr\u00e9par\u00e9s. Enduits pr\u00e9m\u00e9lang\u00e9s. Pierres carbonat\u00e9es, anciennes ou nouvelles. Enduits d\u00e9j\u00e0 peints. Enduits et finitions \u00e0 base de pl\u00e2tre.<\/p>\n\n\n\n<h2 class=\"wp-block-heading\">Cycle d&rsquo;application:<\/h2>\n\n\n\n<p>Reboucher les trous ou fissures \u00e9ventuels.<\/p>\n\n\n\n<p>Appliquer une couche de notre primer Kromafix acrilico ou Kromafix vinilico.<\/p>\n\n\n\n<p>Terminer par deux ou plusieurs couches de Peinture Lavable.<\/p>\n\n\n\n<h3 class=\"wp-block-heading\">Conditions d&rsquo;application:<\/h3>\n\n\n\n<p>Humidit\u00e9 relative ne d\u00e9passant pas 75%.<\/p>\n\n\n\n<h3 class=\"wp-block-heading\">Temp\u00e9rature d&rsquo;application:<\/h3>\n\n\n\n<p>+8\u00b0C\u00a0\/\u00a0+35\u00b0C <\/p>\n\n\n\n<h3 class=\"wp-block-heading\">Temp\u00e9rature du support:<\/h3>\n\n\n\n<p>+5\u00b0C\u00a0\/\u00a0+40\u00b0C <\/p>\n\n\n\n<h3 class=\"wp-block-heading\">Recouvrement:<\/h3>\n\n\n\n<p>Min. 12 heures &#8211; Max 7 jours.<\/p>\n\n\n\n<h3 class=\"wp-block-heading\">Outils:<\/h3>\n\n\n\n<p>Rouleau, pinceau et pulv\u00e9risation.<\/p>\n\n\n\n<h2 class=\"wp-block-heading\">Rendement indicatif:<\/h2>\n\n\n\n<p>8\u00a0\u2013\u00a010\u00a0\u00a0m\u00b2 avec 1 L de produit.<\/p>\n\n\n\n<p>Avec une pulv\u00e9risation, la consommation augmente sensiblement.<\/p>\n\n\n\n<h3 class=\"wp-block-heading\">Couleurs:<\/h3>\n\n\n\n<p>Blanc; consulter aussi le nuancier \u201cKROMAX\u201d (section rev\u00eatements techniques) et les teintes sur \u00e9chantillon.<\/p>\n<\/div>\n\n\n\n<div class=\"wp-block-column is-layout-flow wp-block-column-is-layout-flow\">\n<h3 class=\"wp-block-heading\">Conditionnement:<\/h3>\n\n\n\n<p>Lt.\u00a013 &#8211; Lt 5 &#8211; Lt 2,5<\/p>\n\n\n\n<h3 class=\"wp-block-heading\">Stockage:<\/h3>\n\n\n\n<p>\u00c0 conserver 6 mois dans un endroit frais, sec, \u00e0 l\u2019abri du gel. <\/p>\n\n\n\n<h3 class=\"wp-block-heading\">Type de liant:<\/h3>\n\n\n\n<p>Vinyle-acrylique.<\/p>\n\n\n\n<h2 class=\"wp-block-heading\">Dilution:<\/h2>\n\n\n\n<p>20 \u2013 40% avec de l&rsquo;eau selon l&rsquo;application.<\/p>\n\n\n\n<h3 class=\"wp-block-heading\">Viscosit\u00e9:<\/h3>\n\n\n\n<p>Thixotropique filandreux.<\/p>\n\n\n\n<h3 class=\"wp-block-heading\">R\u00e9sidu sec:<\/h3>\n\n\n\n<p>68 \u2013 70% environ 3 heures \u00e0 120\u00b0C<\/p>\n\n\n\n<h3 class=\"wp-block-heading\">Poids sp\u00e9cifique:<\/h3>\n\n\n\n<p>1,500\u00a0\u00b1\u00a00,080\u00a0gr.\/cc.\u00a0\u00e0\u00a020\u00b0C. <\/p>\n\n\n\n<h3 class=\"wp-block-heading\">Perm\u00e9abilit\u00e9 \u00e0 la vapeur d\u2019eau:<\/h3>\n\n\n\n<p>65\u00a0gr\/m\u00b2 x 24h <\/p>\n\n\n\n<h3 class=\"wp-block-heading\">Absorption d\u2019eau:<\/h3>\n\n\n\n<p>45\u00a0mg\/m\u00b2\u00a0x\u00a024h <\/p>\n\n\n\n<h3 class=\"wp-block-heading\">Aspect du produit:<\/h3>\n\n\n\n<p>Mat.<\/p>\n\n\n\n<h3 class=\"wp-block-heading\">pH:<\/h3>\n\n\n\n<p>Neutre. <\/p>\n\n\n\n<h3 class=\"wp-block-heading\">Lavabilit\u00e9:<\/h3>\n\n\n\n<p>2000 cycles au test du lavage.<\/p>\n\n\n\n<h3 class=\"wp-block-heading\">S\u00e9chage:<\/h3>\n\n\n\n<p>Hors poussi\u00e8re: 15\/20 minutes \u00e0 20\u00b0C. Hors empreinte: apr\u00e8s 3 heures. En profondeur: dans les 24 heures.<\/p>\n\n\n\n<h2 class=\"wp-block-heading\">Avertissements:<\/h2>\n\n\n\n<p>Ne pas appliquer le produit sur des supports faibles ou friables. Les supports pr\u00e9sentant de l\u2019humidit\u00e9 par capillarit\u00e9 ou des infiltrations d\u2019eau doivent \u00eatre pr\u00e9trait\u00e9s avec des syst\u00e8mes de d\u00e9shumidification.<\/p>\n<\/div>\n<\/div>\n\n<blockquote class=\"wp-block-quote is-style-default has-small-font-size is-layout-flow wp-block-quote-is-layout-flow\"><p>R\u00e9glementation COV<\/p><p>(DIR.2004\/42\/CE) Peintures pour murs int\u00e9rieurs en support min\u00e9ral. Valeur limite UE pour ce produit (BA \u2013 cat. a) : 30g\/l (2010) Teneur en COV&lt;30g\/l<\/p><\/blockquote>\n\n<p style=\"font-size:10px\">Les informations contenues dans ce document sont indicatives et peuvent \u00eatre modifi\u00e9es \u00e0 tout moment sans pr\u00e9avis pour des raisons techniques et r\u00e9glementaires. Les donn\u00e9es qu\u2019il contient sont le fruit d\u2019une longue exp\u00e9rience sur les chantiers. L\u2019utilisateur doit tester et v\u00e9rifier l\u2019ad\u00e9quation des produits avant leur application par un \u00e9chantillonnage pr\u00e9liminaire. Kromax d\u00e9gage toute responsabilit\u00e9 pour une utilisation incorrecte du produit. Pour plus d\u2019informations, n\u2019h\u00e9sitez pas \u00e0 contacter notre service technique.<\/p>\n","protected":false},"excerpt":{"rendered":"<p>ACRILMAX Description du produit: L&rsquo;Acrilmax est une peinture lavable mate respirante vinyle-acrylique avec une finition mate. Emploi: Peinture de bonne qualit\u00e9 pour les int\u00e9rieurs o\u00f9 l&rsquo;humidit\u00e9 relative de l&rsquo;air d\u00e9passe 70%. Supports: Enduits \u00e0 base de mortier de ciment, parfaitement m\u00fbris. Anciens enduits \u00e0 la chaux, \u00e0 condition qu&rsquo;ils soient pr\u00e9alablement nettoy\u00e9s, d\u00e9poussi\u00e9r\u00e9s et pr\u00e9par\u00e9s. [&hellip;]<\/p>\n","protected":false},"author":1,"featured_media":0,"parent":0,"menu_order":0,"comment_status":"closed","ping_status":"closed","template":"","meta":{"ocean_post_layout":"","ocean_both_sidebars_style":"","ocean_both_sidebars_content_width":0,"ocean_both_sidebars_sidebars_width":0,"ocean_sidebar":"","ocean_second_sidebar":"","ocean_disable_margins":"enable","ocean_add_body_class":"","ocean_shortcode_before_top_bar":"","ocean_shortcode_after_top_bar":"","ocean_shortcode_before_header":"","ocean_shortcode_after_header":"","ocean_has_shortcode":"","ocean_shortcode_after_title":"","ocean_shortcode_before_footer_widgets":"","ocean_shortcode_after_footer_widgets":"","ocean_shortcode_before_footer_bottom":"","ocean_shortcode_after_footer_bottom":"","ocean_display_top_bar":"default","ocean_display_header":"default","ocean_header_style":"","ocean_center_header_left_menu":"","ocean_custom_header_template":"","ocean_custom_logo":0,"ocean_custom_retina_logo":0,"ocean_custom_logo_max_width":0,"ocean_custom_logo_tablet_max_width":0,"ocean_custom_logo_mobile_max_width":0,"ocean_custom_logo_max_height":0,"ocean_custom_logo_tablet_max_height":0,"ocean_custom_logo_mobile_max_height":0,"ocean_header_custom_menu":"","ocean_menu_typo_font_family":"","ocean_menu_typo_font_subset":"","ocean_menu_typo_font_size":0,"ocean_menu_typo_font_size_tablet":0,"ocean_menu_typo_font_size_mobile":0,"ocean_menu_typo_font_size_unit":"px","ocean_menu_typo_font_weight":"","ocean_menu_typo_font_weight_tablet":"","ocean_menu_typo_font_weight_mobile":"","ocean_menu_typo_transform":"","ocean_menu_typo_transform_tablet":"","ocean_menu_typo_transform_mobile":"","ocean_menu_typo_line_height":0,"ocean_menu_typo_line_height_tablet":0,"ocean_menu_typo_line_height_mobile":0,"ocean_menu_typo_line_height_unit":"","ocean_menu_typo_spacing":0,"ocean_menu_typo_spacing_tablet":0,"ocean_menu_typo_spacing_mobile":0,"ocean_menu_typo_spacing_unit":"","ocean_menu_link_color":"","ocean_menu_link_color_hover":"","ocean_menu_link_color_active":"","ocean_menu_link_background":"","ocean_menu_link_hover_background":"","ocean_menu_link_active_background":"","ocean_menu_social_links_bg":"","ocean_menu_social_hover_links_bg":"","ocean_menu_social_links_color":"","ocean_menu_social_hover_links_color":"","ocean_disable_title":"default","ocean_disable_heading":"default","ocean_post_title":"","ocean_post_subheading":"","ocean_post_title_style":"","ocean_post_title_background_color":"","ocean_post_title_background":0,"ocean_post_title_bg_image_position":"","ocean_post_title_bg_image_attachment":"","ocean_post_title_bg_image_repeat":"","ocean_post_title_bg_image_size":"","ocean_post_title_height":0,"ocean_post_title_bg_overlay":0.5,"ocean_post_title_bg_overlay_color":"","ocean_disable_breadcrumbs":"default","ocean_breadcrumbs_color":"","ocean_breadcrumbs_separator_color":"","ocean_breadcrumbs_links_color":"","ocean_breadcrumbs_links_hover_color":"","ocean_display_footer_widgets":"default","ocean_display_footer_bottom":"default","ocean_custom_footer_template":"","footnotes":""},"class_list":["post-6427","page","type-page","status-publish","hentry","entry","owp-thumbs-layout-horizontal","owp-btn-normal","owp-tabs-layout-horizontal","has-no-thumbnails","has-product-nav"],"yoast_head":"<!-- This site is optimized with the Yoast SEO plugin v27.6 - https:\/\/yoast.com\/product\/yoast-seo-wordpress\/ -->\n<title>Peinture lavable - Kromax<\/title>\n<meta name=\"description\" content=\"L&#039;Acrilmax est une peinture lavable mate vinyle-acrylique pour la peinture de bonne qualit\u00e9 o\u00f9 l&#039;humidit\u00e9 relative de l&#039;air d\u00e9passe 70%.\" \/>\n<meta name=\"robots\" content=\"noindex, follow, max-snippet:-1, max-image-preview:large, max-video-preview:-1\" \/>\n<meta property=\"og:locale\" content=\"fr_FR\" \/>\n<meta property=\"og:type\" content=\"article\" \/>\n<meta property=\"og:title\" content=\"Peinture lavable - Kromax\" \/>\n<meta property=\"og:description\" content=\"L&#039;Acrilmax est une peinture lavable mate vinyle-acrylique pour la peinture de bonne qualit\u00e9 o\u00f9 l&#039;humidit\u00e9 relative de l&#039;air d\u00e9passe 70%.\" \/>\n<meta property=\"og:url\" content=\"https:\/\/www.kromax.it\/fr\/peinture-lavable\/\" \/>\n<meta property=\"og:site_name\" content=\"Kromax\" \/>\n<meta name=\"twitter:card\" content=\"summary_large_image\" \/>\n<script type=\"application\/ld+json\" class=\"yoast-schema-graph\">{\"@context\":\"https:\\\/\\\/schema.org\",\"@graph\":[{\"@type\":\"WebPage\",\"@id\":\"https:\\\/\\\/www.kromax.it\\\/fr\\\/peinture-lavable\\\/\",\"url\":\"https:\\\/\\\/www.kromax.it\\\/fr\\\/peinture-lavable\\\/\",\"name\":\"Peinture lavable - Kromax\",\"isPartOf\":{\"@id\":\"https:\\\/\\\/www.kromax.it\\\/fr\\\/#website\"},\"datePublished\":\"2020-12-05T18:32:15+00:00\",\"description\":\"L'Acrilmax est une peinture lavable mate vinyle-acrylique pour la peinture de bonne qualit\u00e9 o\u00f9 l'humidit\u00e9 relative de l'air d\u00e9passe 70%.\",\"breadcrumb\":{\"@id\":\"https:\\\/\\\/www.kromax.it\\\/fr\\\/peinture-lavable\\\/#breadcrumb\"},\"inLanguage\":\"fr-FR\",\"potentialAction\":[{\"@type\":\"ReadAction\",\"target\":[\"https:\\\/\\\/www.kromax.it\\\/fr\\\/peinture-lavable\\\/\"]}]},{\"@type\":\"BreadcrumbList\",\"@id\":\"https:\\\/\\\/www.kromax.it\\\/fr\\\/peinture-lavable\\\/#breadcrumb\",\"itemListElement\":[{\"@type\":\"ListItem\",\"position\":1,\"name\":\"Home\",\"item\":\"https:\\\/\\\/www.kromax.it\\\/fr\\\/\"},{\"@type\":\"ListItem\",\"position\":2,\"name\":\"Peinture lavable\"}]},{\"@type\":\"WebSite\",\"@id\":\"https:\\\/\\\/www.kromax.it\\\/fr\\\/#website\",\"url\":\"https:\\\/\\\/www.kromax.it\\\/fr\\\/\",\"name\":\"Kromax\",\"description\":\"\",\"publisher\":{\"@id\":\"https:\\\/\\\/www.kromax.it\\\/fr\\\/#organization\"},\"potentialAction\":[{\"@type\":\"SearchAction\",\"target\":{\"@type\":\"EntryPoint\",\"urlTemplate\":\"https:\\\/\\\/www.kromax.it\\\/fr\\\/?s={search_term_string}\"},\"query-input\":{\"@type\":\"PropertyValueSpecification\",\"valueRequired\":true,\"valueName\":\"search_term_string\"}}],\"inLanguage\":\"fr-FR\"},{\"@type\":\"Organization\",\"@id\":\"https:\\\/\\\/www.kromax.it\\\/fr\\\/#organization\",\"name\":\"Kromax\",\"url\":\"https:\\\/\\\/www.kromax.it\\\/fr\\\/\",\"logo\":{\"@type\":\"ImageObject\",\"inLanguage\":\"fr-FR\",\"@id\":\"https:\\\/\\\/www.kromax.it\\\/fr\\\/#\\\/schema\\\/logo\\\/image\\\/\",\"url\":\"https:\\\/\\\/www.kromax.it\\\/fr\\\/wp-content\\\/uploads\\\/sites\\\/2\\\/2023\\\/08\\\/cropped-Logo-Kromax-completo-2021.png\",\"contentUrl\":\"https:\\\/\\\/www.kromax.it\\\/fr\\\/wp-content\\\/uploads\\\/sites\\\/2\\\/2023\\\/08\\\/cropped-Logo-Kromax-completo-2021.png\",\"width\":900,\"height\":190,\"caption\":\"Kromax\"},\"image\":{\"@id\":\"https:\\\/\\\/www.kromax.it\\\/fr\\\/#\\\/schema\\\/logo\\\/image\\\/\"}}]}<\/script>\n<!-- \/ Yoast SEO plugin. -->","yoast_head_json":{"title":"Peinture lavable - Kromax","description":"L'Acrilmax est une peinture lavable mate vinyle-acrylique pour la peinture de bonne qualit\u00e9 o\u00f9 l'humidit\u00e9 relative de l'air d\u00e9passe 70%.","robots":{"index":"noindex","follow":"follow","max-snippet":"max-snippet:-1","max-image-preview":"max-image-preview:large","max-video-preview":"max-video-preview:-1"},"og_locale":"fr_FR","og_type":"article","og_title":"Peinture lavable - Kromax","og_description":"L'Acrilmax est une peinture lavable mate vinyle-acrylique pour la peinture de bonne qualit\u00e9 o\u00f9 l'humidit\u00e9 relative de l'air d\u00e9passe 70%.","og_url":"https:\/\/www.kromax.it\/fr\/peinture-lavable\/","og_site_name":"Kromax","twitter_card":"summary_large_image","schema":{"@context":"https:\/\/schema.org","@graph":[{"@type":"WebPage","@id":"https:\/\/www.kromax.it\/fr\/peinture-lavable\/","url":"https:\/\/www.kromax.it\/fr\/peinture-lavable\/","name":"Peinture lavable - Kromax","isPartOf":{"@id":"https:\/\/www.kromax.it\/fr\/#website"},"datePublished":"2020-12-05T18:32:15+00:00","description":"L'Acrilmax est une peinture lavable mate vinyle-acrylique pour la peinture de bonne qualit\u00e9 o\u00f9 l'humidit\u00e9 relative de l'air d\u00e9passe 70%.","breadcrumb":{"@id":"https:\/\/www.kromax.it\/fr\/peinture-lavable\/#breadcrumb"},"inLanguage":"fr-FR","potentialAction":[{"@type":"ReadAction","target":["https:\/\/www.kromax.it\/fr\/peinture-lavable\/"]}]},{"@type":"BreadcrumbList","@id":"https:\/\/www.kromax.it\/fr\/peinture-lavable\/#breadcrumb","itemListElement":[{"@type":"ListItem","position":1,"name":"Home","item":"https:\/\/www.kromax.it\/fr\/"},{"@type":"ListItem","position":2,"name":"Peinture lavable"}]},{"@type":"WebSite","@id":"https:\/\/www.kromax.it\/fr\/#website","url":"https:\/\/www.kromax.it\/fr\/","name":"Kromax","description":"","publisher":{"@id":"https:\/\/www.kromax.it\/fr\/#organization"},"potentialAction":[{"@type":"SearchAction","target":{"@type":"EntryPoint","urlTemplate":"https:\/\/www.kromax.it\/fr\/?s={search_term_string}"},"query-input":{"@type":"PropertyValueSpecification","valueRequired":true,"valueName":"search_term_string"}}],"inLanguage":"fr-FR"},{"@type":"Organization","@id":"https:\/\/www.kromax.it\/fr\/#organization","name":"Kromax","url":"https:\/\/www.kromax.it\/fr\/","logo":{"@type":"ImageObject","inLanguage":"fr-FR","@id":"https:\/\/www.kromax.it\/fr\/#\/schema\/logo\/image\/","url":"https:\/\/www.kromax.it\/fr\/wp-content\/uploads\/sites\/2\/2023\/08\/cropped-Logo-Kromax-completo-2021.png","contentUrl":"https:\/\/www.kromax.it\/fr\/wp-content\/uploads\/sites\/2\/2023\/08\/cropped-Logo-Kromax-completo-2021.png","width":900,"height":190,"caption":"Kromax"},"image":{"@id":"https:\/\/www.kromax.it\/fr\/#\/schema\/logo\/image\/"}}]}},"_links":{"self":[{"href":"https:\/\/www.kromax.it\/fr\/wp-json\/wp\/v2\/pages\/6427","targetHints":{"allow":["GET"]}}],"collection":[{"href":"https:\/\/www.kromax.it\/fr\/wp-json\/wp\/v2\/pages"}],"about":[{"href":"https:\/\/www.kromax.it\/fr\/wp-json\/wp\/v2\/types\/page"}],"author":[{"embeddable":true,"href":"https:\/\/www.kromax.it\/fr\/wp-json\/wp\/v2\/users\/1"}],"replies":[{"embeddable":true,"href":"https:\/\/www.kromax.it\/fr\/wp-json\/wp\/v2\/comments?post=6427"}],"version-history":[{"count":0,"href":"https:\/\/www.kromax.it\/fr\/wp-json\/wp\/v2\/pages\/6427\/revisions"}],"wp:attachment":[{"href":"https:\/\/www.kromax.it\/fr\/wp-json\/wp\/v2\/media?parent=6427"}],"curies":[{"name":"wp","href":"https:\/\/api.w.org\/{rel}","templated":true}]}}