{"id":6433,"date":"2020-12-24T17:48:25","date_gmt":"2020-12-24T16:48:25","guid":{"rendered":"https:\/\/www.kromax.it\/peinture-pour-beton-arme\/"},"modified":"2020-12-24T17:48:25","modified_gmt":"2020-12-24T16:48:25","slug":"peinture-pour-beton-arme","status":"publish","type":"page","link":"https:\/\/www.kromax.it\/fr\/peinture-pour-beton-arme\/","title":{"rendered":"Peinture pour b\u00e9ton arm\u00e9"},"content":{"rendered":"\n<div class=\"wp-block-columns is-layout-flex wp-container-core-columns-is-layout-9d6595d7 wp-block-columns-is-layout-flex\">\n<div class=\"wp-block-column is-layout-flow wp-block-column-is-layout-flow\">\n<h3 class=\"has-luminous-vivid-orange-color has-text-color wp-block-heading\">BETONFLEX<\/h3>\n<\/div>\n\n\n\n<div class=\"wp-block-column is-layout-flow wp-block-column-is-layout-flow\">\n<div id=\"print\"> <button class=\"print\"><\/button><\/div>\n<\/div>\n<\/div>\n\n<div class=\"wp-block-columns is-layout-flex wp-container-core-columns-is-layout-9d6595d7 wp-block-columns-is-layout-flex\">\n<div class=\"wp-block-column is-layout-flow wp-block-column-is-layout-flow\">\n<h2 class=\"wp-block-heading\">Description du produit:<\/h2>\n\n\n\n<p>Peinture pour b\u00e9ton arm\u00e9 pour la d\u00e9coration durable du b\u00e9ton avec une haute imperm\u00e9abilit\u00e9.<\/p>\n\n\n\n<h2 class=\"wp-block-heading\"><strong>Supports:<\/strong><\/h2>\n\n\n\n<p>B\u00e9ton arm\u00e9.<\/p>\n\n\n\n<p>B\u00e9ton pr\u00e9fabriqu\u00e9.<\/p>\n\n\n\n<p>Enduits de mortier de ciment parfaitement m\u00fbrs (au moins trente jours).<\/p>\n\n\n\n<p>Pierres carbonat\u00e9es, anciennes ou nouvelles.<\/p>\n\n\n\n<p>Plastique, Klinker, PVC, t\u00f4les, fer, etc.<\/p>\n\n\n\n<h2 class=\"wp-block-heading\"><strong>Important:<\/strong><\/h2>\n\n\n\n<p>Les supports humides avec pr\u00e9sence d&rsquo;efflorescences doivent \u00eatre pr\u00e9alablement trait\u00e9s avec des syst\u00e8mes de d\u00e9shumidification.<\/p>\n\n\n\n<p>Ne pas appliquer sur des mortiers \u00e0 base de chaux grasse.<\/p>\n\n\n\n<h2 class=\"wp-block-heading\">Cycle d&rsquo;application:<\/h2>\n\n\n\n<p>\u00c9liminer les r\u00e9sidus \u00e9ventuels d&rsquo;huiles de d\u00e9moulage.<\/p>\n\n\n\n<p>Reboucher les fissures et microfissures \u00e9ventuelles.<\/p>\n\n\n\n<p>Appliquer au pinceau une couche de notre primaire Pliokrom K01.<\/p>\n\n\n\n<p>Terminer ensuite par deux couches de Peinture pour b\u00e9ton arm\u00e9.<\/p>\n\n\n\n<p>Il est possible de peindre sans primaire si le support est parfaitement solide et compact, donc non friable.<\/p>\n\n\n\n<h3 class=\"wp-block-heading\">Conditions d&rsquo;application:<\/h3>\n\n\n\n<p>Humidit\u00e9 relative ne d\u00e9passant pas 75%.<\/p>\n\n\n\n<h2 class=\"wp-block-heading\">Dilution:<\/h2>\n\n\n\n<p>10 &#8211; 15% avec de l&rsquo;eau.<\/p>\n\n\n\n<h3 class=\"wp-block-heading\">Poids sp\u00e9cifique:<\/h3>\n\n\n\n<p>1,320\u00a0\u00b1\u00a030gr.\/cc.\u00a0\u00e0\u00a020\u00b0C. <\/p>\n\n\n\n<h3 class=\"wp-block-heading\">Outils:<\/h3>\n\n\n\n<p>Rouleau, pinceau, pulv\u00e9risation.<\/p>\n\n\n\n<h2 class=\"wp-block-heading\">Rendement indicatif:<\/h2>\n\n\n\n<p>6 &#8211; 8 m\u00b2 avec 1 Lt de produit.<\/p>\n\n\n\n<p>Avec une pulv\u00e9risation, la consommation augmente sensiblement.<\/p>\n\n\n\n<h3 class=\"wp-block-heading\">Conditionnements:<\/h3>\n\n\n\n<p>Lt.\u00a013\u00a0 <\/p>\n\n\n\n<p> <\/p>\n<\/div>\n\n\n\n<div class=\"wp-block-column is-layout-flow wp-block-column-is-layout-flow\">\n<h3 class=\"wp-block-heading\">Stockage:<\/h3>\n\n\n\n<p>\u00c0 conserver 6 mois dans un endroit frais, sec, \u00e0 l\u2019abri du gel.<\/p>\n\n\n\n<h3 class=\"wp-block-heading\">Type de liant:<\/h3>\n\n\n\n<p>Styrol acrylate.<\/p>\n\n\n\n<h3 class=\"wp-block-heading\"><strong>Viscosit\u00e9:<\/strong><\/h3>\n\n\n\n<p>N.D. <\/p>\n\n\n\n<h3 class=\"wp-block-heading\">Couleurs:<\/h3>\n\n\n\n<p>Blanc; consulter aussi le nuancier \u201cKROMAX\u201d (section rev\u00eatements techniques) et les teintes sur \u00e9chantillon.<\/p>\n\n\n\n<h3 class=\"wp-block-heading\">R\u00e9sidu sec:<\/h3>\n\n\n\n<p>N.D. <\/p>\n\n\n\n<h3 class=\"wp-block-heading\">Perm\u00e9abilit\u00e9 \u00e0 la vapeur d&rsquo;eau:<\/h3>\n\n\n\n<p>75 gr\/m\u00b2. x 24 h.<\/p>\n\n\n\n<h3 class=\"wp-block-heading\">Absorption d&rsquo;eau:<\/h3>\n\n\n\n<p>40 mg\/m\u00b2. x 24 h.<\/p>\n\n\n\n<h3 class=\"wp-block-heading\">Aspect du produit :<\/h3>\n\n\n\n<p>Mat satin\u00e9.<\/p>\n\n\n\n<h3 class=\"wp-block-heading\">pH:<\/h3>\n\n\n\n<p>Neutre. <\/p>\n\n\n\n<h3 class=\"wp-block-heading\">Temp\u00e9rature d&rsquo;application:<\/h3>\n\n\n\n<p> +8\u00b0C\u00a0\/\u00a0+35\u00b0C <\/p>\n\n\n\n<h3 class=\"wp-block-heading\">Temp\u00e9rature du support:<\/h3>\n\n\n\n<p>+5\u00b0C\u00a0\/\u00a0+40\u00b0C <\/p>\n\n\n\n<h3 class=\"wp-block-heading\">Recouvrement:<\/h3>\n\n\n\n<p>Min. 12 heures &#8211; Max 7 jours.<\/p>\n\n\n\n<h3 class=\"wp-block-heading\">S\u00e9chage:<\/h3>\n\n\n\n<p>Hors empreinte: 2 heures.<\/p>\n\n\n\n<p>En profondeur: 24 &#8211; 36 heures.<\/p>\n\n\n\n<h2 class=\"wp-block-heading\"><strong>Avertissements:<\/strong><\/h2>\n\n\n\n<p>Toujours utiliser  un seul lot de production pour les retouches et les corrections, au moins jusqu&rsquo;aux interruptions architecturales, et faites-les rapidement.<\/p>\n\n\n\n<p>\u00c9viter l&rsquo;application en cas de pluie imminente, de vent fort ou de soleil direct.<\/p>\n<\/div>\n<\/div>\n\n<blockquote class=\"wp-block-quote is-style-default has-small-font-size is-layout-flow wp-block-quote-is-layout-flow\">\n<p><strong>R\u00e9glementation COV<\/strong><\/p>\n\n\n\n<p><strong>(DIR.2004\/42\/CE)<\/strong> Peintures pour murs int\u00e9rieurs en support min\u00e9ral. Valeur limite UE pour ce produit (BA \u2013 cat. a) : 30g\/l (2010) Teneur en COV&lt;30g\/l<\/p>\n<\/blockquote>\n\n<p style=\"font-size:10px\">Les informations contenues dans ce document sont indicatives et peuvent \u00eatre modifi\u00e9es \u00e0 tout moment sans pr\u00e9avis pour des raisons techniques et r\u00e9glementaires. Les donn\u00e9es qu\u2019il contient sont le fruit d\u2019une longue exp\u00e9rience sur les chantiers. L\u2019utilisateur doit tester et v\u00e9rifier l\u2019ad\u00e9quation des produits avant leur application par un \u00e9chantillonnage pr\u00e9liminaire. Kromax d\u00e9gage toute responsabilit\u00e9 pour une utilisation incorrecte du produit. Pour plus d\u2019informations, n\u2019h\u00e9sitez pas \u00e0 contacter notre service technique<\/p>\n","protected":false},"excerpt":{"rendered":"<p>BETONFLEX Description du produit: Peinture pour b\u00e9ton arm\u00e9 pour la d\u00e9coration durable du b\u00e9ton avec une haute imperm\u00e9abilit\u00e9. Supports: B\u00e9ton arm\u00e9. B\u00e9ton pr\u00e9fabriqu\u00e9. Enduits de mortier de ciment parfaitement m\u00fbrs (au moins trente jours). Pierres carbonat\u00e9es, anciennes ou nouvelles. Plastique, Klinker, PVC, t\u00f4les, fer, etc. Important: Les supports humides avec pr\u00e9sence d&rsquo;efflorescences doivent \u00eatre pr\u00e9alablement [&hellip;]<\/p>\n","protected":false},"author":1,"featured_media":0,"parent":0,"menu_order":0,"comment_status":"closed","ping_status":"closed","template":"","meta":{"ocean_post_layout":"","ocean_both_sidebars_style":"","ocean_both_sidebars_content_width":0,"ocean_both_sidebars_sidebars_width":0,"ocean_sidebar":"","ocean_second_sidebar":"","ocean_disable_margins":"enable","ocean_add_body_class":"","ocean_shortcode_before_top_bar":"","ocean_shortcode_after_top_bar":"","ocean_shortcode_before_header":"","ocean_shortcode_after_header":"","ocean_has_shortcode":"","ocean_shortcode_after_title":"","ocean_shortcode_before_footer_widgets":"","ocean_shortcode_after_footer_widgets":"","ocean_shortcode_before_footer_bottom":"","ocean_shortcode_after_footer_bottom":"","ocean_display_top_bar":"default","ocean_display_header":"default","ocean_header_style":"","ocean_center_header_left_menu":"","ocean_custom_header_template":"","ocean_custom_logo":0,"ocean_custom_retina_logo":0,"ocean_custom_logo_max_width":0,"ocean_custom_logo_tablet_max_width":0,"ocean_custom_logo_mobile_max_width":0,"ocean_custom_logo_max_height":0,"ocean_custom_logo_tablet_max_height":0,"ocean_custom_logo_mobile_max_height":0,"ocean_header_custom_menu":"","ocean_menu_typo_font_family":"","ocean_menu_typo_font_subset":"","ocean_menu_typo_font_size":0,"ocean_menu_typo_font_size_tablet":0,"ocean_menu_typo_font_size_mobile":0,"ocean_menu_typo_font_size_unit":"px","ocean_menu_typo_font_weight":"","ocean_menu_typo_font_weight_tablet":"","ocean_menu_typo_font_weight_mobile":"","ocean_menu_typo_transform":"","ocean_menu_typo_transform_tablet":"","ocean_menu_typo_transform_mobile":"","ocean_menu_typo_line_height":0,"ocean_menu_typo_line_height_tablet":0,"ocean_menu_typo_line_height_mobile":0,"ocean_menu_typo_line_height_unit":"","ocean_menu_typo_spacing":0,"ocean_menu_typo_spacing_tablet":0,"ocean_menu_typo_spacing_mobile":0,"ocean_menu_typo_spacing_unit":"","ocean_menu_link_color":"","ocean_menu_link_color_hover":"","ocean_menu_link_color_active":"","ocean_menu_link_background":"","ocean_menu_link_hover_background":"","ocean_menu_link_active_background":"","ocean_menu_social_links_bg":"","ocean_menu_social_hover_links_bg":"","ocean_menu_social_links_color":"","ocean_menu_social_hover_links_color":"","ocean_disable_title":"default","ocean_disable_heading":"default","ocean_post_title":"","ocean_post_subheading":"","ocean_post_title_style":"","ocean_post_title_background_color":"","ocean_post_title_background":0,"ocean_post_title_bg_image_position":"","ocean_post_title_bg_image_attachment":"","ocean_post_title_bg_image_repeat":"","ocean_post_title_bg_image_size":"","ocean_post_title_height":0,"ocean_post_title_bg_overlay":0.5,"ocean_post_title_bg_overlay_color":"","ocean_disable_breadcrumbs":"default","ocean_breadcrumbs_color":"","ocean_breadcrumbs_separator_color":"","ocean_breadcrumbs_links_color":"","ocean_breadcrumbs_links_hover_color":"","ocean_display_footer_widgets":"default","ocean_display_footer_bottom":"default","ocean_custom_footer_template":"","footnotes":""},"class_list":["post-6433","page","type-page","status-publish","hentry","entry","owp-thumbs-layout-horizontal","owp-btn-normal","owp-tabs-layout-horizontal","has-no-thumbnails","has-product-nav"],"yoast_head":"<!-- This site is optimized with the Yoast SEO plugin v27.4 - https:\/\/yoast.com\/product\/yoast-seo-wordpress\/ -->\n<title>Peinture pour b\u00e9ton arm\u00e9 - Kromax<\/title>\n<meta name=\"description\" content=\"Peinture pour b\u00e9ton arm\u00e9 pour la d\u00e9coration durable du b\u00e9ton avec une haute imperm\u00e9abilit\u00e9.\" \/>\n<meta name=\"robots\" content=\"index, follow, max-snippet:-1, max-image-preview:large, max-video-preview:-1\" \/>\n<link rel=\"canonical\" href=\"https:\/\/www.kromax.it\/fr\/peinture-pour-beton-arme\/\" \/>\n<meta property=\"og:locale\" content=\"fr_FR\" \/>\n<meta property=\"og:type\" content=\"article\" \/>\n<meta property=\"og:title\" content=\"Peinture pour b\u00e9ton arm\u00e9 - Kromax\" \/>\n<meta property=\"og:description\" content=\"Peinture pour b\u00e9ton arm\u00e9 pour la d\u00e9coration durable du b\u00e9ton avec une haute imperm\u00e9abilit\u00e9.\" \/>\n<meta property=\"og:url\" content=\"https:\/\/www.kromax.it\/fr\/peinture-pour-beton-arme\/\" \/>\n<meta property=\"og:site_name\" content=\"Kromax\" \/>\n<meta name=\"twitter:card\" content=\"summary_large_image\" \/>\n<script type=\"application\/ld+json\" class=\"yoast-schema-graph\">{\"@context\":\"https:\\\/\\\/schema.org\",\"@graph\":[{\"@type\":\"WebPage\",\"@id\":\"https:\\\/\\\/www.kromax.it\\\/fr\\\/peinture-pour-beton-arme\\\/\",\"url\":\"https:\\\/\\\/www.kromax.it\\\/fr\\\/peinture-pour-beton-arme\\\/\",\"name\":\"Peinture pour b\u00e9ton arm\u00e9 - Kromax\",\"isPartOf\":{\"@id\":\"https:\\\/\\\/www.kromax.it\\\/fr\\\/#website\"},\"datePublished\":\"2020-12-24T16:48:25+00:00\",\"description\":\"Peinture pour b\u00e9ton arm\u00e9 pour la d\u00e9coration durable du b\u00e9ton avec une haute imperm\u00e9abilit\u00e9.\",\"breadcrumb\":{\"@id\":\"https:\\\/\\\/www.kromax.it\\\/fr\\\/peinture-pour-beton-arme\\\/#breadcrumb\"},\"inLanguage\":\"fr-FR\",\"potentialAction\":[{\"@type\":\"ReadAction\",\"target\":[\"https:\\\/\\\/www.kromax.it\\\/fr\\\/peinture-pour-beton-arme\\\/\"]}]},{\"@type\":\"BreadcrumbList\",\"@id\":\"https:\\\/\\\/www.kromax.it\\\/fr\\\/peinture-pour-beton-arme\\\/#breadcrumb\",\"itemListElement\":[{\"@type\":\"ListItem\",\"position\":1,\"name\":\"Home\",\"item\":\"https:\\\/\\\/www.kromax.it\\\/fr\\\/\"},{\"@type\":\"ListItem\",\"position\":2,\"name\":\"Peinture pour b\u00e9ton arm\u00e9\"}]},{\"@type\":\"WebSite\",\"@id\":\"https:\\\/\\\/www.kromax.it\\\/fr\\\/#website\",\"url\":\"https:\\\/\\\/www.kromax.it\\\/fr\\\/\",\"name\":\"Kromax\",\"description\":\"\",\"publisher\":{\"@id\":\"https:\\\/\\\/www.kromax.it\\\/fr\\\/#organization\"},\"potentialAction\":[{\"@type\":\"SearchAction\",\"target\":{\"@type\":\"EntryPoint\",\"urlTemplate\":\"https:\\\/\\\/www.kromax.it\\\/fr\\\/?s={search_term_string}\"},\"query-input\":{\"@type\":\"PropertyValueSpecification\",\"valueRequired\":true,\"valueName\":\"search_term_string\"}}],\"inLanguage\":\"fr-FR\"},{\"@type\":\"Organization\",\"@id\":\"https:\\\/\\\/www.kromax.it\\\/fr\\\/#organization\",\"name\":\"Kromax\",\"url\":\"https:\\\/\\\/www.kromax.it\\\/fr\\\/\",\"logo\":{\"@type\":\"ImageObject\",\"inLanguage\":\"fr-FR\",\"@id\":\"https:\\\/\\\/www.kromax.it\\\/fr\\\/#\\\/schema\\\/logo\\\/image\\\/\",\"url\":\"https:\\\/\\\/www.kromax.it\\\/fr\\\/wp-content\\\/uploads\\\/sites\\\/2\\\/2023\\\/08\\\/cropped-Logo-Kromax-completo-2021.png\",\"contentUrl\":\"https:\\\/\\\/www.kromax.it\\\/fr\\\/wp-content\\\/uploads\\\/sites\\\/2\\\/2023\\\/08\\\/cropped-Logo-Kromax-completo-2021.png\",\"width\":900,\"height\":190,\"caption\":\"Kromax\"},\"image\":{\"@id\":\"https:\\\/\\\/www.kromax.it\\\/fr\\\/#\\\/schema\\\/logo\\\/image\\\/\"}}]}<\/script>\n<!-- \/ Yoast SEO plugin. -->","yoast_head_json":{"title":"Peinture pour b\u00e9ton arm\u00e9 - Kromax","description":"Peinture pour b\u00e9ton arm\u00e9 pour la d\u00e9coration durable du b\u00e9ton avec une haute imperm\u00e9abilit\u00e9.","robots":{"index":"index","follow":"follow","max-snippet":"max-snippet:-1","max-image-preview":"max-image-preview:large","max-video-preview":"max-video-preview:-1"},"canonical":"https:\/\/www.kromax.it\/fr\/peinture-pour-beton-arme\/","og_locale":"fr_FR","og_type":"article","og_title":"Peinture pour b\u00e9ton arm\u00e9 - Kromax","og_description":"Peinture pour b\u00e9ton arm\u00e9 pour la d\u00e9coration durable du b\u00e9ton avec une haute imperm\u00e9abilit\u00e9.","og_url":"https:\/\/www.kromax.it\/fr\/peinture-pour-beton-arme\/","og_site_name":"Kromax","twitter_card":"summary_large_image","schema":{"@context":"https:\/\/schema.org","@graph":[{"@type":"WebPage","@id":"https:\/\/www.kromax.it\/fr\/peinture-pour-beton-arme\/","url":"https:\/\/www.kromax.it\/fr\/peinture-pour-beton-arme\/","name":"Peinture pour b\u00e9ton arm\u00e9 - Kromax","isPartOf":{"@id":"https:\/\/www.kromax.it\/fr\/#website"},"datePublished":"2020-12-24T16:48:25+00:00","description":"Peinture pour b\u00e9ton arm\u00e9 pour la d\u00e9coration durable du b\u00e9ton avec une haute imperm\u00e9abilit\u00e9.","breadcrumb":{"@id":"https:\/\/www.kromax.it\/fr\/peinture-pour-beton-arme\/#breadcrumb"},"inLanguage":"fr-FR","potentialAction":[{"@type":"ReadAction","target":["https:\/\/www.kromax.it\/fr\/peinture-pour-beton-arme\/"]}]},{"@type":"BreadcrumbList","@id":"https:\/\/www.kromax.it\/fr\/peinture-pour-beton-arme\/#breadcrumb","itemListElement":[{"@type":"ListItem","position":1,"name":"Home","item":"https:\/\/www.kromax.it\/fr\/"},{"@type":"ListItem","position":2,"name":"Peinture pour b\u00e9ton arm\u00e9"}]},{"@type":"WebSite","@id":"https:\/\/www.kromax.it\/fr\/#website","url":"https:\/\/www.kromax.it\/fr\/","name":"Kromax","description":"","publisher":{"@id":"https:\/\/www.kromax.it\/fr\/#organization"},"potentialAction":[{"@type":"SearchAction","target":{"@type":"EntryPoint","urlTemplate":"https:\/\/www.kromax.it\/fr\/?s={search_term_string}"},"query-input":{"@type":"PropertyValueSpecification","valueRequired":true,"valueName":"search_term_string"}}],"inLanguage":"fr-FR"},{"@type":"Organization","@id":"https:\/\/www.kromax.it\/fr\/#organization","name":"Kromax","url":"https:\/\/www.kromax.it\/fr\/","logo":{"@type":"ImageObject","inLanguage":"fr-FR","@id":"https:\/\/www.kromax.it\/fr\/#\/schema\/logo\/image\/","url":"https:\/\/www.kromax.it\/fr\/wp-content\/uploads\/sites\/2\/2023\/08\/cropped-Logo-Kromax-completo-2021.png","contentUrl":"https:\/\/www.kromax.it\/fr\/wp-content\/uploads\/sites\/2\/2023\/08\/cropped-Logo-Kromax-completo-2021.png","width":900,"height":190,"caption":"Kromax"},"image":{"@id":"https:\/\/www.kromax.it\/fr\/#\/schema\/logo\/image\/"}}]}},"_links":{"self":[{"href":"https:\/\/www.kromax.it\/fr\/wp-json\/wp\/v2\/pages\/6433","targetHints":{"allow":["GET"]}}],"collection":[{"href":"https:\/\/www.kromax.it\/fr\/wp-json\/wp\/v2\/pages"}],"about":[{"href":"https:\/\/www.kromax.it\/fr\/wp-json\/wp\/v2\/types\/page"}],"author":[{"embeddable":true,"href":"https:\/\/www.kromax.it\/fr\/wp-json\/wp\/v2\/users\/1"}],"replies":[{"embeddable":true,"href":"https:\/\/www.kromax.it\/fr\/wp-json\/wp\/v2\/comments?post=6433"}],"version-history":[{"count":0,"href":"https:\/\/www.kromax.it\/fr\/wp-json\/wp\/v2\/pages\/6433\/revisions"}],"wp:attachment":[{"href":"https:\/\/www.kromax.it\/fr\/wp-json\/wp\/v2\/media?parent=6433"}],"curies":[{"name":"wp","href":"https:\/\/api.w.org\/{rel}","templated":true}]}}