{"id":6437,"date":"2021-01-03T11:52:08","date_gmt":"2021-01-03T10:52:08","guid":{"rendered":"https:\/\/www.kromax.it\/peinture-de-remplissage-pour-exterieurs\/"},"modified":"2021-01-03T11:52:08","modified_gmt":"2021-01-03T10:52:08","slug":"peinture-de-remplissage-pour-exterieurs","status":"publish","type":"page","link":"https:\/\/www.kromax.it\/fr\/peinture-de-remplissage-pour-exterieurs\/","title":{"rendered":"Peinture de remplissage pour ext\u00e9rieurs"},"content":{"rendered":"\n<div class=\"wp-block-columns is-layout-flex wp-container-core-columns-is-layout-9d6595d7 wp-block-columns-is-layout-flex\">\n<div class=\"wp-block-column is-layout-flow wp-block-column-is-layout-flow\">\n<h3 class=\"has-luminous-vivid-orange-color has-text-color wp-block-heading\">SANDMAX<\/h3>\n<\/div>\n\n\n\n<div class=\"wp-block-column is-layout-flow wp-block-column-is-layout-flow\">\n<div id=\"print\"> <button class=\"print\"><\/button><\/div>\n<\/div>\n<\/div>\n\n<div class=\"wp-block-columns is-layout-flex wp-container-core-columns-is-layout-9d6595d7 wp-block-columns-is-layout-flex\">\n<div class=\"wp-block-column is-layout-flow wp-block-column-is-layout-flow\">\n<h2 class=\"wp-block-heading\">Description du produit:<\/h2>\n\n\n\n<p>Peinture de remplissage pour ext\u00e9rieurs \u00e9paisse, polyvalente. Limite l&rsquo;utilisation de mastic et d&rsquo;enduits.<\/p>\n\n\n\n<p>Acrylique en p\u00e2te, pr\u00eat \u00e0 l&#8217;emploi, peut \u00eatre appliqu\u00e9 avec une spatule et un rouleau en \u00e9ponge alv\u00e9ol\u00e9e.<\/p>\n\n\n\n<p>Avec une dilution appropri\u00e9e, il peut \u00eatre appliqu\u00e9 au pinceau ou au rouleau.<\/p>\n\n\n\n<h2 class=\"wp-block-heading\">Emploi:<\/h2>\n\n\n\n<p>Finition color\u00e9e pour int\u00e9rieurs et ext\u00e9rieurs de b\u00e2timents n\u00e9cessitant un produit \u00e9pais avec un effet granuleux fin.<\/p>\n\n\n\n<h2 class=\"wp-block-heading\"><strong>Supports:<\/strong><\/h2>\n\n\n\n<p>Enduits d\u00e9j\u00e0 peints. Enduits de mortier, de chaux ou de mortier b\u00e2tard parfaitement m\u00fbris (au moins trente jours).<\/p>\n\n\n\n<p>Enduits pr\u00e9-m\u00e9lang\u00e9s;<\/p>\n\n\n\n<p>Anciens enduits \u00e0 la chaux, \u00e0 condition qu&rsquo;ils soient pr\u00e9alablement nettoy\u00e9s et d\u00e9poussi\u00e9r\u00e9s.<\/p>\n\n\n\n<p>Pierres carbonat\u00e9es, anciennes ou nouvelles.<\/p>\n\n\n\n<h2 class=\"wp-block-heading\"><strong>Important:<\/strong><\/h2>\n\n\n\n<p>Les supports humides avec pr\u00e9sence d&rsquo;efflorescences doivent \u00eatre pr\u00e9alablement trait\u00e9s avec des syst\u00e8mes de d\u00e9shumidification.<\/p>\n\n\n\n<p>Appliquer le produit en continu jusqu&rsquo;aux interruptions architecturales, en l&rsquo;absence desquelles, proc\u00e9der \u00e0 la cr\u00e9ation de coupes sp\u00e9cifiques.<\/p>\n\n\n\n<h2 class=\"wp-block-heading\">Cycle d&rsquo;application:<\/h2>\n\n\n\n<p>D\u00e9poussi\u00e9rer autant que possible le support.<\/p>\n\n\n\n<p>Appliquer une couche de notre primaire Pliokrom K01 ou Kromafix acrilico.<\/p>\n\n\n\n<p>Appliquer deux couches de peinture de remplissage pour ext\u00e9rieurs avec des coups de pinceau crois\u00e9s ou une autre m\u00e9thode choisie.<\/p>\n\n\n\n<p>Les \u00e9ventuelles regr\u00e9ages peuvent \u00eatre r\u00e9alis\u00e9es avec le m\u00eame produit.<\/p>\n\n\n\n<h3 class=\"wp-block-heading\"><strong>Conditions d&rsquo;application:<\/strong><\/h3>\n\n\n\n<p>Humidit\u00e9 relative ne d\u00e9passant pas 75%<\/p>\n\n\n\n<h3 class=\"wp-block-heading\"><strong>Temp\u00e9rature d&rsquo;application:<\/strong><\/h3>\n\n\n\n<p> +8\u00b0C\u00a0\/\u00a0+35\u00b0C <\/p>\n\n\n\n<h3 class=\"wp-block-heading\"><strong>Temp\u00e9rature du support:<\/strong><\/h3>\n\n\n\n<p> +5\u00b0C\u00a0\/\u00a0+40\u00b0C <\/p>\n\n\n\n<p> <\/p>\n<\/div>\n\n\n\n<div class=\"wp-block-column is-layout-flow wp-block-column-is-layout-flow\">\n<h3 class=\"wp-block-heading\"><strong>Recouvrement:<\/strong><\/h3>\n\n\n\n<p>Min. 12 heures<\/p>\n\n\n\n<h3 class=\"wp-block-heading\">Outils:<\/h3>\n\n\n\n<p>Spatule en acier, rouleau, pinceau. <\/p>\n\n\n\n<h2 class=\"wp-block-heading\">Rendement indicatif:<\/h2>\n\n\n\n<p>2,8 \u2013 3 m\u00b2\/lt. <\/p>\n\n\n\n<h3 class=\"wp-block-heading\"><h3>Couleurs:<\/h3><\/h3>\n\n\n\n<p>Blanc; consulter aussi le nuancier \u201cKROMAX\u201d (section rev\u00eatements techniques) et les teintes sur \u00e9chantillon.<\/p>\n\n\n\n<h3 class=\"wp-block-heading\"><h3 style=\"background: white;vertical-align: baseline;margin: 0cm 0cm 3.75pt 0cm\"><span style=\"font-family: 'inherit',serif;color: #2271b1\">Conditionnement:<\/span><\/h3><\/h3>\n\n\n\n<p>14 L.<\/p>\n\n\n\n<h3 class=\"wp-block-heading\">Stockage:<\/h3>\n\n\n\n<p>\u00c0 conserver 6 mois dans un endroit frais, sec, \u00e0 l\u2019abri du gel. <\/p>\n\n\n\n<h3 class=\"wp-block-heading\"><h3>Type de liant:<\/h3><\/h3>\n\n\n\n<p>Acrylate.<\/p>\n\n\n\n<h3 class=\"wp-block-heading\"><strong>Viscosit\u00e9:\u00a0<\/strong><\/h3>\n\n\n\n<p>Produit thixotropique.<\/p>\n\n\n\n<h3 class=\"wp-block-heading\"><h3>R\u00e9sidu sec:<\/h3><\/h3>\n\n\n\n<p>80%\u00a0\u00e0\u00a0500\u00b0C <\/p>\n\n\n\n<h3 class=\"wp-block-heading\"><h3>Perm\u00e9abilit\u00e9 \u00e0 la vapeur d\u2019eau:<\/h3><\/h3>\n\n\n\n<p> 180\u00a0gr\/m\u00b2 x 24h<\/p>\n\n\n\n<h3 class=\"wp-block-heading\"><h3>Absorption d\u2019eau:<\/h3><\/h3>\n\n\n\n<p>290\u00a0mg\/m\u00b2 x 24h<\/p>\n\n\n\n<h3 class=\"wp-block-heading\">pH:<\/h3>\n\n\n\n<p>Neutre.<\/p>\n\n\n\n<h2 class=\"wp-block-heading\">Avertissements:<\/h2>\n\n\n\n<p>Toujours utiliser un seul lot de production.<\/p>\n\n\n\n<p>\u00c9viter l&rsquo;application en cas de pluie imminente, de vent fort ou de soleil direct.<\/p>\n\n\n\n<p>Avant d&rsquo;appliquer en fa\u00e7ade, encapsuler les \u00e9ventuelles membranes bitumineuses ou asphaltes min\u00e9raux de la terrasse de couverture du b\u00e2timent avec une peinture acrylique appropri\u00e9e car, en cas de pluie, elles pourraient causer des coulures non recouvrables.<\/p>\n<\/div>\n<\/div>\n\n<blockquote class=\"wp-block-quote is-style-default has-small-font-size is-layout-flow wp-block-quote-is-layout-flow\">\n<p>R\u00e9glementation COV<\/p>\n\n\n\n<p><strong>(DIR.2004\/42\/CE)<\/strong> Peintures pour murs ext\u00e9rieurs en support min\u00e9ral. Valeur limite UE pour ce produit (BA \u2013 cat. c) : 40g\/l (2010) Teneur en COV&lt;40g\/l<\/p>\n<\/blockquote>\n\n<p style=\"font-size:10px\">Les informations contenues dans ce document sont indicatives et peuvent \u00eatre modifi\u00e9es \u00e0 tout moment sans pr\u00e9avis pour des raisons techniques et r\u00e9glementaires. Les donn\u00e9es qu\u2019il contient sont le fruit d\u2019une longue exp\u00e9rience sur les chantiers. L\u2019utilisateur doit tester et v\u00e9rifier l\u2019ad\u00e9quation des produits avant leur application par un \u00e9chantillonnage pr\u00e9liminaire. Kromax d\u00e9gage toute responsabilit\u00e9 pour une utilisation incorrecte du produit. Pour plus d\u2019informations, n\u2019h\u00e9sitez pas \u00e0 contacter notre service technique.<\/p>\n","protected":false},"excerpt":{"rendered":"<p>SANDMAX Description du produit: Peinture de remplissage pour ext\u00e9rieurs \u00e9paisse, polyvalente. Limite l&rsquo;utilisation de mastic et d&rsquo;enduits. Acrylique en p\u00e2te, pr\u00eat \u00e0 l&#8217;emploi, peut \u00eatre appliqu\u00e9 avec une spatule et un rouleau en \u00e9ponge alv\u00e9ol\u00e9e. Avec une dilution appropri\u00e9e, il peut \u00eatre appliqu\u00e9 au pinceau ou au rouleau. Emploi: Finition color\u00e9e pour int\u00e9rieurs et ext\u00e9rieurs [&hellip;]<\/p>\n","protected":false},"author":1,"featured_media":0,"parent":0,"menu_order":0,"comment_status":"closed","ping_status":"closed","template":"","meta":{"ocean_post_layout":"","ocean_both_sidebars_style":"","ocean_both_sidebars_content_width":0,"ocean_both_sidebars_sidebars_width":0,"ocean_sidebar":"","ocean_second_sidebar":"","ocean_disable_margins":"enable","ocean_add_body_class":"","ocean_shortcode_before_top_bar":"","ocean_shortcode_after_top_bar":"","ocean_shortcode_before_header":"","ocean_shortcode_after_header":"","ocean_has_shortcode":"","ocean_shortcode_after_title":"","ocean_shortcode_before_footer_widgets":"","ocean_shortcode_after_footer_widgets":"","ocean_shortcode_before_footer_bottom":"","ocean_shortcode_after_footer_bottom":"","ocean_display_top_bar":"default","ocean_display_header":"default","ocean_header_style":"","ocean_center_header_left_menu":"","ocean_custom_header_template":"","ocean_custom_logo":0,"ocean_custom_retina_logo":0,"ocean_custom_logo_max_width":0,"ocean_custom_logo_tablet_max_width":0,"ocean_custom_logo_mobile_max_width":0,"ocean_custom_logo_max_height":0,"ocean_custom_logo_tablet_max_height":0,"ocean_custom_logo_mobile_max_height":0,"ocean_header_custom_menu":"","ocean_menu_typo_font_family":"","ocean_menu_typo_font_subset":"","ocean_menu_typo_font_size":0,"ocean_menu_typo_font_size_tablet":0,"ocean_menu_typo_font_size_mobile":0,"ocean_menu_typo_font_size_unit":"px","ocean_menu_typo_font_weight":"","ocean_menu_typo_font_weight_tablet":"","ocean_menu_typo_font_weight_mobile":"","ocean_menu_typo_transform":"","ocean_menu_typo_transform_tablet":"","ocean_menu_typo_transform_mobile":"","ocean_menu_typo_line_height":0,"ocean_menu_typo_line_height_tablet":0,"ocean_menu_typo_line_height_mobile":0,"ocean_menu_typo_line_height_unit":"","ocean_menu_typo_spacing":0,"ocean_menu_typo_spacing_tablet":0,"ocean_menu_typo_spacing_mobile":0,"ocean_menu_typo_spacing_unit":"","ocean_menu_link_color":"","ocean_menu_link_color_hover":"","ocean_menu_link_color_active":"","ocean_menu_link_background":"","ocean_menu_link_hover_background":"","ocean_menu_link_active_background":"","ocean_menu_social_links_bg":"","ocean_menu_social_hover_links_bg":"","ocean_menu_social_links_color":"","ocean_menu_social_hover_links_color":"","ocean_disable_title":"default","ocean_disable_heading":"default","ocean_post_title":"","ocean_post_subheading":"","ocean_post_title_style":"","ocean_post_title_background_color":"","ocean_post_title_background":0,"ocean_post_title_bg_image_position":"","ocean_post_title_bg_image_attachment":"","ocean_post_title_bg_image_repeat":"","ocean_post_title_bg_image_size":"","ocean_post_title_height":0,"ocean_post_title_bg_overlay":0.5,"ocean_post_title_bg_overlay_color":"","ocean_disable_breadcrumbs":"default","ocean_breadcrumbs_color":"","ocean_breadcrumbs_separator_color":"","ocean_breadcrumbs_links_color":"","ocean_breadcrumbs_links_hover_color":"","ocean_display_footer_widgets":"default","ocean_display_footer_bottom":"default","ocean_custom_footer_template":"","footnotes":""},"class_list":["post-6437","page","type-page","status-publish","hentry","entry","owp-thumbs-layout-horizontal","owp-btn-normal","owp-tabs-layout-horizontal","has-no-thumbnails","has-product-nav"],"yoast_head":"<!-- This site is optimized with the Yoast SEO plugin v27.4 - https:\/\/yoast.com\/product\/yoast-seo-wordpress\/ -->\n<title>Peinture de remplissage pour ext\u00e9rieurs - Kromax<\/title>\n<meta name=\"description\" content=\"Peinture de remplissage pour ext\u00e9rieurs. Limite l&#039;utilisation de mastic et d&#039;enduits de regr\u00e9age; peut \u00eatre utilis\u00e9e \u00e0 la spatule, au rouleau ou au pinceau.\" \/>\n<meta name=\"robots\" content=\"index, follow, max-snippet:-1, max-image-preview:large, max-video-preview:-1\" \/>\n<link rel=\"canonical\" href=\"https:\/\/www.kromax.it\/fr\/peinture-de-remplissage-pour-exterieurs\/\" \/>\n<meta property=\"og:locale\" content=\"fr_FR\" \/>\n<meta property=\"og:type\" content=\"article\" \/>\n<meta property=\"og:title\" content=\"Peinture de remplissage pour ext\u00e9rieurs - Kromax\" \/>\n<meta property=\"og:description\" content=\"Peinture de remplissage pour ext\u00e9rieurs. Limite l&#039;utilisation de mastic et d&#039;enduits de regr\u00e9age; peut \u00eatre utilis\u00e9e \u00e0 la spatule, au rouleau ou au pinceau.\" \/>\n<meta property=\"og:url\" content=\"https:\/\/www.kromax.it\/fr\/peinture-de-remplissage-pour-exterieurs\/\" \/>\n<meta property=\"og:site_name\" content=\"Kromax\" \/>\n<meta name=\"twitter:card\" content=\"summary_large_image\" \/>\n<script type=\"application\/ld+json\" class=\"yoast-schema-graph\">{\"@context\":\"https:\\\/\\\/schema.org\",\"@graph\":[{\"@type\":\"WebPage\",\"@id\":\"https:\\\/\\\/www.kromax.it\\\/fr\\\/peinture-de-remplissage-pour-exterieurs\\\/\",\"url\":\"https:\\\/\\\/www.kromax.it\\\/fr\\\/peinture-de-remplissage-pour-exterieurs\\\/\",\"name\":\"Peinture de remplissage pour ext\u00e9rieurs - Kromax\",\"isPartOf\":{\"@id\":\"https:\\\/\\\/www.kromax.it\\\/fr\\\/#website\"},\"datePublished\":\"2021-01-03T10:52:08+00:00\",\"description\":\"Peinture de remplissage pour ext\u00e9rieurs. Limite l'utilisation de mastic et d'enduits de regr\u00e9age; peut \u00eatre utilis\u00e9e \u00e0 la spatule, au rouleau ou au pinceau.\",\"breadcrumb\":{\"@id\":\"https:\\\/\\\/www.kromax.it\\\/fr\\\/peinture-de-remplissage-pour-exterieurs\\\/#breadcrumb\"},\"inLanguage\":\"fr-FR\",\"potentialAction\":[{\"@type\":\"ReadAction\",\"target\":[\"https:\\\/\\\/www.kromax.it\\\/fr\\\/peinture-de-remplissage-pour-exterieurs\\\/\"]}]},{\"@type\":\"BreadcrumbList\",\"@id\":\"https:\\\/\\\/www.kromax.it\\\/fr\\\/peinture-de-remplissage-pour-exterieurs\\\/#breadcrumb\",\"itemListElement\":[{\"@type\":\"ListItem\",\"position\":1,\"name\":\"Home\",\"item\":\"https:\\\/\\\/www.kromax.it\\\/fr\\\/\"},{\"@type\":\"ListItem\",\"position\":2,\"name\":\"Peinture de remplissage pour ext\u00e9rieurs\"}]},{\"@type\":\"WebSite\",\"@id\":\"https:\\\/\\\/www.kromax.it\\\/fr\\\/#website\",\"url\":\"https:\\\/\\\/www.kromax.it\\\/fr\\\/\",\"name\":\"Kromax\",\"description\":\"\",\"publisher\":{\"@id\":\"https:\\\/\\\/www.kromax.it\\\/fr\\\/#organization\"},\"potentialAction\":[{\"@type\":\"SearchAction\",\"target\":{\"@type\":\"EntryPoint\",\"urlTemplate\":\"https:\\\/\\\/www.kromax.it\\\/fr\\\/?s={search_term_string}\"},\"query-input\":{\"@type\":\"PropertyValueSpecification\",\"valueRequired\":true,\"valueName\":\"search_term_string\"}}],\"inLanguage\":\"fr-FR\"},{\"@type\":\"Organization\",\"@id\":\"https:\\\/\\\/www.kromax.it\\\/fr\\\/#organization\",\"name\":\"Kromax\",\"url\":\"https:\\\/\\\/www.kromax.it\\\/fr\\\/\",\"logo\":{\"@type\":\"ImageObject\",\"inLanguage\":\"fr-FR\",\"@id\":\"https:\\\/\\\/www.kromax.it\\\/fr\\\/#\\\/schema\\\/logo\\\/image\\\/\",\"url\":\"https:\\\/\\\/www.kromax.it\\\/fr\\\/wp-content\\\/uploads\\\/sites\\\/2\\\/2023\\\/08\\\/cropped-Logo-Kromax-completo-2021.png\",\"contentUrl\":\"https:\\\/\\\/www.kromax.it\\\/fr\\\/wp-content\\\/uploads\\\/sites\\\/2\\\/2023\\\/08\\\/cropped-Logo-Kromax-completo-2021.png\",\"width\":900,\"height\":190,\"caption\":\"Kromax\"},\"image\":{\"@id\":\"https:\\\/\\\/www.kromax.it\\\/fr\\\/#\\\/schema\\\/logo\\\/image\\\/\"}}]}<\/script>\n<!-- \/ Yoast SEO plugin. -->","yoast_head_json":{"title":"Peinture de remplissage pour ext\u00e9rieurs - Kromax","description":"Peinture de remplissage pour ext\u00e9rieurs. Limite l'utilisation de mastic et d'enduits de regr\u00e9age; peut \u00eatre utilis\u00e9e \u00e0 la spatule, au rouleau ou au pinceau.","robots":{"index":"index","follow":"follow","max-snippet":"max-snippet:-1","max-image-preview":"max-image-preview:large","max-video-preview":"max-video-preview:-1"},"canonical":"https:\/\/www.kromax.it\/fr\/peinture-de-remplissage-pour-exterieurs\/","og_locale":"fr_FR","og_type":"article","og_title":"Peinture de remplissage pour ext\u00e9rieurs - Kromax","og_description":"Peinture de remplissage pour ext\u00e9rieurs. Limite l'utilisation de mastic et d'enduits de regr\u00e9age; peut \u00eatre utilis\u00e9e \u00e0 la spatule, au rouleau ou au pinceau.","og_url":"https:\/\/www.kromax.it\/fr\/peinture-de-remplissage-pour-exterieurs\/","og_site_name":"Kromax","twitter_card":"summary_large_image","schema":{"@context":"https:\/\/schema.org","@graph":[{"@type":"WebPage","@id":"https:\/\/www.kromax.it\/fr\/peinture-de-remplissage-pour-exterieurs\/","url":"https:\/\/www.kromax.it\/fr\/peinture-de-remplissage-pour-exterieurs\/","name":"Peinture de remplissage pour ext\u00e9rieurs - Kromax","isPartOf":{"@id":"https:\/\/www.kromax.it\/fr\/#website"},"datePublished":"2021-01-03T10:52:08+00:00","description":"Peinture de remplissage pour ext\u00e9rieurs. Limite l'utilisation de mastic et d'enduits de regr\u00e9age; peut \u00eatre utilis\u00e9e \u00e0 la spatule, au rouleau ou au pinceau.","breadcrumb":{"@id":"https:\/\/www.kromax.it\/fr\/peinture-de-remplissage-pour-exterieurs\/#breadcrumb"},"inLanguage":"fr-FR","potentialAction":[{"@type":"ReadAction","target":["https:\/\/www.kromax.it\/fr\/peinture-de-remplissage-pour-exterieurs\/"]}]},{"@type":"BreadcrumbList","@id":"https:\/\/www.kromax.it\/fr\/peinture-de-remplissage-pour-exterieurs\/#breadcrumb","itemListElement":[{"@type":"ListItem","position":1,"name":"Home","item":"https:\/\/www.kromax.it\/fr\/"},{"@type":"ListItem","position":2,"name":"Peinture de remplissage pour ext\u00e9rieurs"}]},{"@type":"WebSite","@id":"https:\/\/www.kromax.it\/fr\/#website","url":"https:\/\/www.kromax.it\/fr\/","name":"Kromax","description":"","publisher":{"@id":"https:\/\/www.kromax.it\/fr\/#organization"},"potentialAction":[{"@type":"SearchAction","target":{"@type":"EntryPoint","urlTemplate":"https:\/\/www.kromax.it\/fr\/?s={search_term_string}"},"query-input":{"@type":"PropertyValueSpecification","valueRequired":true,"valueName":"search_term_string"}}],"inLanguage":"fr-FR"},{"@type":"Organization","@id":"https:\/\/www.kromax.it\/fr\/#organization","name":"Kromax","url":"https:\/\/www.kromax.it\/fr\/","logo":{"@type":"ImageObject","inLanguage":"fr-FR","@id":"https:\/\/www.kromax.it\/fr\/#\/schema\/logo\/image\/","url":"https:\/\/www.kromax.it\/fr\/wp-content\/uploads\/sites\/2\/2023\/08\/cropped-Logo-Kromax-completo-2021.png","contentUrl":"https:\/\/www.kromax.it\/fr\/wp-content\/uploads\/sites\/2\/2023\/08\/cropped-Logo-Kromax-completo-2021.png","width":900,"height":190,"caption":"Kromax"},"image":{"@id":"https:\/\/www.kromax.it\/fr\/#\/schema\/logo\/image\/"}}]}},"_links":{"self":[{"href":"https:\/\/www.kromax.it\/fr\/wp-json\/wp\/v2\/pages\/6437","targetHints":{"allow":["GET"]}}],"collection":[{"href":"https:\/\/www.kromax.it\/fr\/wp-json\/wp\/v2\/pages"}],"about":[{"href":"https:\/\/www.kromax.it\/fr\/wp-json\/wp\/v2\/types\/page"}],"author":[{"embeddable":true,"href":"https:\/\/www.kromax.it\/fr\/wp-json\/wp\/v2\/users\/1"}],"replies":[{"embeddable":true,"href":"https:\/\/www.kromax.it\/fr\/wp-json\/wp\/v2\/comments?post=6437"}],"version-history":[{"count":0,"href":"https:\/\/www.kromax.it\/fr\/wp-json\/wp\/v2\/pages\/6437\/revisions"}],"wp:attachment":[{"href":"https:\/\/www.kromax.it\/fr\/wp-json\/wp\/v2\/media?parent=6437"}],"curies":[{"name":"wp","href":"https:\/\/api.w.org\/{rel}","templated":true}]}}