{"id":6578,"date":"2021-01-02T19:11:47","date_gmt":"2021-01-02T18:11:47","guid":{"rendered":"https:\/\/www.kromax.it\/vernis-flatting-pour-bois\/"},"modified":"2021-01-02T19:11:47","modified_gmt":"2021-01-02T18:11:47","slug":"vernis-flatting-pour-bois","status":"publish","type":"page","link":"https:\/\/www.kromax.it\/fr\/vernis-flatting-pour-bois\/","title":{"rendered":"Vernis flatting pour bois"},"content":{"rendered":"\n<div class=\"wp-block-columns is-layout-flex wp-container-core-columns-is-layout-9d6595d7 wp-block-columns-is-layout-flex\">\n<div class=\"wp-block-column is-layout-flow wp-block-column-is-layout-flow\">\n<h3 class=\"has-luminous-vivid-orange-color has-text-color wp-block-heading\">KROMAWOOD<\/h3>\n<\/div>\n\n\n\n<div class=\"wp-block-column is-layout-flow wp-block-column-is-layout-flow\">\n<div id=\"print\"> <button class=\"print\"><\/button><\/div>\n<\/div>\n<\/div>\n\n<div class=\"wp-block-columns is-layout-flex wp-container-core-columns-is-layout-9d6595d7 wp-block-columns-is-layout-flex\">\n<div class=\"wp-block-column is-layout-flow wp-block-column-is-layout-flow\">\n<h2 class=\"wp-block-heading\">Description du produit:<\/h2>\n\n\n\n<p>Transparent ou color\u00e9 avec une finition brillante ou satin\u00e9e, \u00e0 base de r\u00e9sines alkydes longues &#013;\nen huile<\/p>\n\n\n\n<h2 class=\"wp-block-heading\">Emploi:<\/h2>\n\n\n\n<p>Vernissage d&rsquo;\u00e9l\u00e9ments en bois \u00e0 l&rsquo;int\u00e9rieur et \u00e0 l&rsquo;ext\u00e9rieur o\u00f9 une longue dur\u00e9e de brillance est requise.<\/p>\n\n\n\n<h2 class=\"wp-block-heading\"><strong>Supports:<\/strong><\/h2>\n\n\n\n<p>Bois parfaitement sec et propre.<\/p>\n\n\n\n<h2 class=\"wp-block-heading\"><strong>Important:<\/strong><\/h2>\n\n\n\n<p>Ne pas appliquer le produit directement sur le ciment et la t\u00f4le galvanis\u00e9e.<\/p>\n\n\n\n<h2 class=\"wp-block-heading\">Cycle d&rsquo;application:<\/h2>\n\n\n\n<p>Bois neuf:<\/p>\n\n\n\n<p>Nettoyer et appliquer une couche de notre lasure d&rsquo;impr\u00e9gnation Impremax pour bois, puis finir avec deux couches de \u00ab\u00a0Kromawood\u00a0\u00bb.&#013;\n&#013;\n<\/p>\n\n\n\n<p>Bois d\u00e9j\u00e0 verni: Enlever l&rsquo;ancien vernis et proc\u00e9der comme ci-dessus.<\/p>\n\n\n\n<h3 class=\"wp-block-heading\"><strong>Conditions d&rsquo;application:<\/strong><\/h3>\n\n\n\n<p>Humidit\u00e9 relative ne d\u00e9passant pas 70%.<\/p>\n\n\n\n<h3 class=\"wp-block-heading\"><strong>Temp\u00e9rature d&rsquo;application:<\/strong><\/h3>\n\n\n\n<p>+8\u00b0C\u00a0\/\u00a0+35\u00b0C <\/p>\n\n\n\n<h3 class=\"wp-block-heading\"><strong>Temp\u00e9rature du support:<\/strong><\/h3>\n\n\n\n<p>+10\u00b0C\u00a0\/\u00a0+40\u00b0C <\/p>\n\n\n\n<h3 class=\"wp-block-heading\"><strong>Recouvrement:<\/strong><\/h3>\n\n\n\n<p>Min. 12 heures \u2013 Max 7 jours.<\/p>\n\n\n\n<h3 class=\"wp-block-heading\"><strong>S\u00e9chage:<\/strong><\/h3>\n\n\n\n<p>Hors poussi\u00e8re: 3 \u2013 4 heures \u00e0 20\u00b0C.<\/p>\n\n\n\n<p>Hors empreinte: Environ 18 heures \u00e0 t. amb.<\/p>\n\n\n\n<p>En profondeur: Environ 24-36 heures.<\/p>\n\n\n\n<h3 class=\"wp-block-heading\"><strong>Outils:<\/strong><\/h3>\n\n\n\n<p>Rouleau, pinceau et pulv\u00e9risation.<\/p>\n\n\n\n<p> <\/p>\n<\/div>\n\n\n\n<div class=\"wp-block-column is-layout-flow wp-block-column-is-layout-flow\">\n<h2 class=\"wp-block-heading\"><strong>Rendement indicatif:<\/strong><\/h2>\n\n\n\n<p>12 &#8211; 14 m\u00b2 avec 1 L de produit.<\/p>\n\n\n\n<h3 class=\"wp-block-heading\"><strong>Couleurs:<\/strong><\/h3>\n\n\n\n<p>Transparent, color\u00e9 semi-couvrant.<\/p>\n\n\n\n<h3 class=\"wp-block-heading\"><strong>Poids sp\u00e9cifique:<\/strong><\/h3>\n\n\n\n<p>0,940\u00a0\u00b1\u00a00,05\u00a0gr.\/cc.\u00a0\u00e0\u00a020\u00b0C. <\/p>\n\n\n\n<h3 class=\"wp-block-heading\">Conditionnements:<\/h3>\n\n\n\n<p>Lt.\u00a013\u00a0\u2013\u00a0Lt.\u00a02,5.\u00a0 <\/p>\n\n\n\n<h2 class=\"wp-block-heading\"><strong>Dilution:<\/strong><\/h2>\n\n\n\n<p>Avec essence min\u00e9rale min. 5% &#8211; max 15% selon le type d&rsquo;application.<\/p>\n\n\n\n<h3 class=\"wp-block-heading\"><strong>Viscosit\u00e9:<\/strong><\/h3>\n\n\n\n<p>140\u201d\u00a0\u00ad\u00a0160\u201d\u00a0F=4\u00a0\u00e0\u00a020\u00b0C.\u00a0\u00a0 <\/p>\n\n\n\n<h3 class=\"wp-block-heading\"><strong>Inflammabilit\u00e9:<\/strong><\/h3>\n\n\n\n<p>&gt;\u00a021\u00b0C.\u00a0 <\/p>\n\n\n\n<h3 class=\"wp-block-heading\"><strong>R\u00e9sidu sec:<\/strong><\/h3>\n\n\n\n<p>67-70% 3 heures \u00e0 120\u00b0C.<\/p>\n\n\n\n<h3 class=\"wp-block-heading\"><strong>Aspect du produit:<\/strong><\/h3>\n\n\n\n<p>Mat, brillant et cir\u00e9.<\/p>\n\n\n\n<h3 class=\"wp-block-heading\"><strong>Stockage:<\/strong><\/h3>\n\n\n\n<p>\u00c0 conserver 6 mois dans un endroit frais, sec, \u00e0 l\u2019abri du gel. <\/p>\n\n\n\n<h3 class=\"wp-block-heading\"><strong>Type de liant:<\/strong><\/h3>\n\n\n\n<p>R\u00e9sine alkyde longue en huile.<\/p>\n\n\n\n<h3 class=\"wp-block-heading\">pH:<\/h3>\n\n\n\n<p>Neutre. <\/p>\n\n\n\n<h2 class=\"wp-block-heading\"><strong>Avertissements:<\/strong><\/h2>\n\n\n\n<p>Il est n\u00e9cessaire de faire attention \u00e0 ne pas appliquer trop de mati\u00e8re en une seule couche, mais d&rsquo;\u00e9taler la bonne quantit\u00e9 de vernis, sinon le film ne s\u00e8che pas en profondeur.&#013;\n&#013;\n<\/p>\n<\/div>\n<\/div>\n\n<blockquote class=\"wp-block-quote is-style-default has-small-font-size is-layout-flow wp-block-quote-is-layout-flow\"><p><strong>R\u00e9glementation COV<\/strong><\/p><p>(DIR.2004\/42\/CE) Peintures et impr\u00e9gnants pour bois pour finitions int\u00e9rieures\/ext\u00e9rieures, y compris les impr\u00e9gnants opaques. Valeur limite UE pour ce produit (BS \u2013 cat. e) : 400g\/l (2010) Teneur en COV&lt;400g\/l.<\/p><\/blockquote>\n\n<p style=\"font-size:10px\">Les informations contenues dans ce document sont indicatives et peuvent \u00eatre modifi\u00e9es \u00e0 tout moment sans pr\u00e9avis pour des raisons techniques et r\u00e9glementaires. Les donn\u00e9es qu\u2019il contient sont le fruit d\u2019une longue exp\u00e9rience sur les chantiers. L\u2019utilisateur doit tester et v\u00e9rifier l\u2019ad\u00e9quation des produits avant leur application par un \u00e9chantillonnage pr\u00e9liminaire. Kromax d\u00e9gage toute responsabilit\u00e9 pour une utilisation incorrecte du produit. Pour plus d\u2019informations, n\u2019h\u00e9sitez pas \u00e0 contacter notre service technique.<\/p>\n","protected":false},"excerpt":{"rendered":"<p>KROMAWOOD Description du produit: Transparent ou color\u00e9 avec une finition brillante ou satin\u00e9e, \u00e0 base de r\u00e9sines alkydes longues &#013; en huile Emploi: Vernissage d&rsquo;\u00e9l\u00e9ments en bois \u00e0 l&rsquo;int\u00e9rieur et \u00e0 l&rsquo;ext\u00e9rieur o\u00f9 une longue dur\u00e9e de brillance est requise. Supports: Bois parfaitement sec et propre. Important: Ne pas appliquer le produit directement sur le [&hellip;]<\/p>\n","protected":false},"author":1,"featured_media":0,"parent":0,"menu_order":0,"comment_status":"closed","ping_status":"closed","template":"","meta":{"ocean_post_layout":"","ocean_both_sidebars_style":"","ocean_both_sidebars_content_width":0,"ocean_both_sidebars_sidebars_width":0,"ocean_sidebar":"","ocean_second_sidebar":"","ocean_disable_margins":"enable","ocean_add_body_class":"","ocean_shortcode_before_top_bar":"","ocean_shortcode_after_top_bar":"","ocean_shortcode_before_header":"","ocean_shortcode_after_header":"","ocean_has_shortcode":"","ocean_shortcode_after_title":"","ocean_shortcode_before_footer_widgets":"","ocean_shortcode_after_footer_widgets":"","ocean_shortcode_before_footer_bottom":"","ocean_shortcode_after_footer_bottom":"","ocean_display_top_bar":"default","ocean_display_header":"default","ocean_header_style":"","ocean_center_header_left_menu":"","ocean_custom_header_template":"","ocean_custom_logo":0,"ocean_custom_retina_logo":0,"ocean_custom_logo_max_width":0,"ocean_custom_logo_tablet_max_width":0,"ocean_custom_logo_mobile_max_width":0,"ocean_custom_logo_max_height":0,"ocean_custom_logo_tablet_max_height":0,"ocean_custom_logo_mobile_max_height":0,"ocean_header_custom_menu":"","ocean_menu_typo_font_family":"","ocean_menu_typo_font_subset":"","ocean_menu_typo_font_size":0,"ocean_menu_typo_font_size_tablet":0,"ocean_menu_typo_font_size_mobile":0,"ocean_menu_typo_font_size_unit":"px","ocean_menu_typo_font_weight":"","ocean_menu_typo_font_weight_tablet":"","ocean_menu_typo_font_weight_mobile":"","ocean_menu_typo_transform":"","ocean_menu_typo_transform_tablet":"","ocean_menu_typo_transform_mobile":"","ocean_menu_typo_line_height":0,"ocean_menu_typo_line_height_tablet":0,"ocean_menu_typo_line_height_mobile":0,"ocean_menu_typo_line_height_unit":"","ocean_menu_typo_spacing":0,"ocean_menu_typo_spacing_tablet":0,"ocean_menu_typo_spacing_mobile":0,"ocean_menu_typo_spacing_unit":"","ocean_menu_link_color":"","ocean_menu_link_color_hover":"","ocean_menu_link_color_active":"","ocean_menu_link_background":"","ocean_menu_link_hover_background":"","ocean_menu_link_active_background":"","ocean_menu_social_links_bg":"","ocean_menu_social_hover_links_bg":"","ocean_menu_social_links_color":"","ocean_menu_social_hover_links_color":"","ocean_disable_title":"default","ocean_disable_heading":"default","ocean_post_title":"","ocean_post_subheading":"","ocean_post_title_style":"","ocean_post_title_background_color":"","ocean_post_title_background":0,"ocean_post_title_bg_image_position":"","ocean_post_title_bg_image_attachment":"","ocean_post_title_bg_image_repeat":"","ocean_post_title_bg_image_size":"","ocean_post_title_height":0,"ocean_post_title_bg_overlay":0.5,"ocean_post_title_bg_overlay_color":"","ocean_disable_breadcrumbs":"default","ocean_breadcrumbs_color":"","ocean_breadcrumbs_separator_color":"","ocean_breadcrumbs_links_color":"","ocean_breadcrumbs_links_hover_color":"","ocean_display_footer_widgets":"default","ocean_display_footer_bottom":"default","ocean_custom_footer_template":"","footnotes":""},"class_list":["post-6578","page","type-page","status-publish","hentry","entry","owp-thumbs-layout-horizontal","owp-btn-normal","owp-tabs-layout-horizontal","has-no-thumbnails","has-product-nav"],"yoast_head":"<!-- This site is optimized with the Yoast SEO plugin v27.5 - https:\/\/yoast.com\/product\/yoast-seo-wordpress\/ -->\n<title>Vernis flatting pour bois - Kromax<\/title>\n<meta name=\"description\" content=\"Vernis transparent ou color\u00e9 avec une finition brillante ou satin\u00e9e, \u00e0 base de r\u00e9sines alkydes longues en huile. Flatting pour bois \u00e0 l&#039;int\u00e9rieur et \u00e0 l&#039;ext\u00e9rieur o\u00f9 une longue dur\u00e9e de brillance est requise.\" \/>\n<meta name=\"robots\" content=\"noindex, follow, max-snippet:-1, max-image-preview:large, max-video-preview:-1\" \/>\n<meta property=\"og:locale\" content=\"fr_FR\" \/>\n<meta property=\"og:type\" content=\"article\" \/>\n<meta property=\"og:title\" content=\"Vernis flatting pour bois - Kromax\" \/>\n<meta property=\"og:description\" content=\"Vernis transparent ou color\u00e9 avec une finition brillante ou satin\u00e9e, \u00e0 base de r\u00e9sines alkydes longues en huile. Flatting pour bois \u00e0 l&#039;int\u00e9rieur et \u00e0 l&#039;ext\u00e9rieur o\u00f9 une longue dur\u00e9e de brillance est requise.\" \/>\n<meta property=\"og:url\" content=\"https:\/\/www.kromax.it\/fr\/vernis-flatting-pour-bois\/\" \/>\n<meta property=\"og:site_name\" content=\"Kromax\" \/>\n<meta name=\"twitter:card\" content=\"summary_large_image\" \/>\n<script type=\"application\/ld+json\" class=\"yoast-schema-graph\">{\"@context\":\"https:\\\/\\\/schema.org\",\"@graph\":[{\"@type\":\"WebPage\",\"@id\":\"https:\\\/\\\/www.kromax.it\\\/fr\\\/vernis-flatting-pour-bois\\\/\",\"url\":\"https:\\\/\\\/www.kromax.it\\\/fr\\\/vernis-flatting-pour-bois\\\/\",\"name\":\"Vernis flatting pour bois - Kromax\",\"isPartOf\":{\"@id\":\"https:\\\/\\\/www.kromax.it\\\/fr\\\/#website\"},\"datePublished\":\"2021-01-02T18:11:47+00:00\",\"description\":\"Vernis transparent ou color\u00e9 avec une finition brillante ou satin\u00e9e, \u00e0 base de r\u00e9sines alkydes longues en huile. Flatting pour bois \u00e0 l'int\u00e9rieur et \u00e0 l'ext\u00e9rieur o\u00f9 une longue dur\u00e9e de brillance est requise.\",\"breadcrumb\":{\"@id\":\"https:\\\/\\\/www.kromax.it\\\/fr\\\/vernis-flatting-pour-bois\\\/#breadcrumb\"},\"inLanguage\":\"fr-FR\",\"potentialAction\":[{\"@type\":\"ReadAction\",\"target\":[\"https:\\\/\\\/www.kromax.it\\\/fr\\\/vernis-flatting-pour-bois\\\/\"]}]},{\"@type\":\"BreadcrumbList\",\"@id\":\"https:\\\/\\\/www.kromax.it\\\/fr\\\/vernis-flatting-pour-bois\\\/#breadcrumb\",\"itemListElement\":[{\"@type\":\"ListItem\",\"position\":1,\"name\":\"Home\",\"item\":\"https:\\\/\\\/www.kromax.it\\\/fr\\\/\"},{\"@type\":\"ListItem\",\"position\":2,\"name\":\"Vernis flatting pour bois\"}]},{\"@type\":\"WebSite\",\"@id\":\"https:\\\/\\\/www.kromax.it\\\/fr\\\/#website\",\"url\":\"https:\\\/\\\/www.kromax.it\\\/fr\\\/\",\"name\":\"Kromax\",\"description\":\"\",\"publisher\":{\"@id\":\"https:\\\/\\\/www.kromax.it\\\/fr\\\/#organization\"},\"potentialAction\":[{\"@type\":\"SearchAction\",\"target\":{\"@type\":\"EntryPoint\",\"urlTemplate\":\"https:\\\/\\\/www.kromax.it\\\/fr\\\/?s={search_term_string}\"},\"query-input\":{\"@type\":\"PropertyValueSpecification\",\"valueRequired\":true,\"valueName\":\"search_term_string\"}}],\"inLanguage\":\"fr-FR\"},{\"@type\":\"Organization\",\"@id\":\"https:\\\/\\\/www.kromax.it\\\/fr\\\/#organization\",\"name\":\"Kromax\",\"url\":\"https:\\\/\\\/www.kromax.it\\\/fr\\\/\",\"logo\":{\"@type\":\"ImageObject\",\"inLanguage\":\"fr-FR\",\"@id\":\"https:\\\/\\\/www.kromax.it\\\/fr\\\/#\\\/schema\\\/logo\\\/image\\\/\",\"url\":\"https:\\\/\\\/www.kromax.it\\\/fr\\\/wp-content\\\/uploads\\\/sites\\\/2\\\/2023\\\/08\\\/cropped-Logo-Kromax-completo-2021.png\",\"contentUrl\":\"https:\\\/\\\/www.kromax.it\\\/fr\\\/wp-content\\\/uploads\\\/sites\\\/2\\\/2023\\\/08\\\/cropped-Logo-Kromax-completo-2021.png\",\"width\":900,\"height\":190,\"caption\":\"Kromax\"},\"image\":{\"@id\":\"https:\\\/\\\/www.kromax.it\\\/fr\\\/#\\\/schema\\\/logo\\\/image\\\/\"}}]}<\/script>\n<!-- \/ Yoast SEO plugin. -->","yoast_head_json":{"title":"Vernis flatting pour bois - Kromax","description":"Vernis transparent ou color\u00e9 avec une finition brillante ou satin\u00e9e, \u00e0 base de r\u00e9sines alkydes longues en huile. Flatting pour bois \u00e0 l'int\u00e9rieur et \u00e0 l'ext\u00e9rieur o\u00f9 une longue dur\u00e9e de brillance est requise.","robots":{"index":"noindex","follow":"follow","max-snippet":"max-snippet:-1","max-image-preview":"max-image-preview:large","max-video-preview":"max-video-preview:-1"},"og_locale":"fr_FR","og_type":"article","og_title":"Vernis flatting pour bois - Kromax","og_description":"Vernis transparent ou color\u00e9 avec une finition brillante ou satin\u00e9e, \u00e0 base de r\u00e9sines alkydes longues en huile. Flatting pour bois \u00e0 l'int\u00e9rieur et \u00e0 l'ext\u00e9rieur o\u00f9 une longue dur\u00e9e de brillance est requise.","og_url":"https:\/\/www.kromax.it\/fr\/vernis-flatting-pour-bois\/","og_site_name":"Kromax","twitter_card":"summary_large_image","schema":{"@context":"https:\/\/schema.org","@graph":[{"@type":"WebPage","@id":"https:\/\/www.kromax.it\/fr\/vernis-flatting-pour-bois\/","url":"https:\/\/www.kromax.it\/fr\/vernis-flatting-pour-bois\/","name":"Vernis flatting pour bois - Kromax","isPartOf":{"@id":"https:\/\/www.kromax.it\/fr\/#website"},"datePublished":"2021-01-02T18:11:47+00:00","description":"Vernis transparent ou color\u00e9 avec une finition brillante ou satin\u00e9e, \u00e0 base de r\u00e9sines alkydes longues en huile. Flatting pour bois \u00e0 l'int\u00e9rieur et \u00e0 l'ext\u00e9rieur o\u00f9 une longue dur\u00e9e de brillance est requise.","breadcrumb":{"@id":"https:\/\/www.kromax.it\/fr\/vernis-flatting-pour-bois\/#breadcrumb"},"inLanguage":"fr-FR","potentialAction":[{"@type":"ReadAction","target":["https:\/\/www.kromax.it\/fr\/vernis-flatting-pour-bois\/"]}]},{"@type":"BreadcrumbList","@id":"https:\/\/www.kromax.it\/fr\/vernis-flatting-pour-bois\/#breadcrumb","itemListElement":[{"@type":"ListItem","position":1,"name":"Home","item":"https:\/\/www.kromax.it\/fr\/"},{"@type":"ListItem","position":2,"name":"Vernis flatting pour bois"}]},{"@type":"WebSite","@id":"https:\/\/www.kromax.it\/fr\/#website","url":"https:\/\/www.kromax.it\/fr\/","name":"Kromax","description":"","publisher":{"@id":"https:\/\/www.kromax.it\/fr\/#organization"},"potentialAction":[{"@type":"SearchAction","target":{"@type":"EntryPoint","urlTemplate":"https:\/\/www.kromax.it\/fr\/?s={search_term_string}"},"query-input":{"@type":"PropertyValueSpecification","valueRequired":true,"valueName":"search_term_string"}}],"inLanguage":"fr-FR"},{"@type":"Organization","@id":"https:\/\/www.kromax.it\/fr\/#organization","name":"Kromax","url":"https:\/\/www.kromax.it\/fr\/","logo":{"@type":"ImageObject","inLanguage":"fr-FR","@id":"https:\/\/www.kromax.it\/fr\/#\/schema\/logo\/image\/","url":"https:\/\/www.kromax.it\/fr\/wp-content\/uploads\/sites\/2\/2023\/08\/cropped-Logo-Kromax-completo-2021.png","contentUrl":"https:\/\/www.kromax.it\/fr\/wp-content\/uploads\/sites\/2\/2023\/08\/cropped-Logo-Kromax-completo-2021.png","width":900,"height":190,"caption":"Kromax"},"image":{"@id":"https:\/\/www.kromax.it\/fr\/#\/schema\/logo\/image\/"}}]}},"_links":{"self":[{"href":"https:\/\/www.kromax.it\/fr\/wp-json\/wp\/v2\/pages\/6578","targetHints":{"allow":["GET"]}}],"collection":[{"href":"https:\/\/www.kromax.it\/fr\/wp-json\/wp\/v2\/pages"}],"about":[{"href":"https:\/\/www.kromax.it\/fr\/wp-json\/wp\/v2\/types\/page"}],"author":[{"embeddable":true,"href":"https:\/\/www.kromax.it\/fr\/wp-json\/wp\/v2\/users\/1"}],"replies":[{"embeddable":true,"href":"https:\/\/www.kromax.it\/fr\/wp-json\/wp\/v2\/comments?post=6578"}],"version-history":[{"count":0,"href":"https:\/\/www.kromax.it\/fr\/wp-json\/wp\/v2\/pages\/6578\/revisions"}],"wp:attachment":[{"href":"https:\/\/www.kromax.it\/fr\/wp-json\/wp\/v2\/media?parent=6578"}],"curies":[{"name":"wp","href":"https:\/\/api.w.org\/{rel}","templated":true}]}}